{"id":2705,"date":"2024-10-11T16:30:54","date_gmt":"2024-10-11T16:30:54","guid":{"rendered":"https:\/\/quaker.org\/mahala-ashley-dickerson-12-de-octubre-de-1912-19-de-febrero-de-2007\/"},"modified":"2025-08-26T21:08:46","modified_gmt":"2025-08-26T21:08:46","slug":"mahala-ashley-dickerson-12-de-octubre-de-1912-19-de-febrero-de-2007","status":"publish","type":"page","link":"https:\/\/quaker.org\/es\/mahala-ashley-dickerson-12-de-octubre-de-1912-19-de-febrero-de-2007\/","title":{"rendered":"Mahala Ashley Dickerson (12 de octubre de 1912\u201319 de febrero de 2007)"},"content":{"rendered":"\n<div class=\"wp-block-columns is-layout-flex wp-container-core-columns-is-layout-9d6595d7 wp-block-columns-is-layout-flex\">\n<div class=\"wp-block-column is-layout-flow wp-block-column-is-layout-flow\" style=\"flex-basis:50%\">\n<p>Mahala Ashley Dickerson fue una abogada que represent\u00f3 a personas que viv\u00edan en la pobreza, as\u00ed como a aquellas que enfrentaban discriminaci\u00f3n. En 1950, pas\u00f3 un verano espiritualmente influyente en el centro de estudio y retiro cu\u00e1quero de Pendle Hill en Wallingford, Pensilvania. En Pendle Hill, aprendi\u00f3 de Anna Brinton, Howard Brinton, Dorothy Steere y Douglas Steere. Quer\u00eda crear un ambiente cu\u00e1quero igualmente enriquecedor en su casa en Alaska, que se convirti\u00f3 en un lugar de reuni\u00f3n para el grupo que se convertir\u00eda en la Conferencia de Los Amigos de Alaska.   <\/p>\n\n\n\n<p>Naci\u00f3 el 12 de octubre de 1912, cerca de Montgomery, Alabama. Sus padres fueron John Augustine Ashley y Hattie Moss Ashley. Muri\u00f3 el 19 de febrero de 2007.  <\/p>\n\n\n\n<p>Se gradu\u00f3 cum laude en 1935 de la Universidad de Fisk en Tennessee. <\/p>\n\n\n\n<p>En 1938, se cas\u00f3 con Henry Dickerson; la pareja tuvo trillizos. Se divorciaron despu\u00e9s de menos de un a\u00f1o de matrimonio. <\/p>\n<\/div>\n\n\n\n<div class=\"wp-block-column is-layout-flow wp-block-column-is-layout-flow\" style=\"flex-basis:50%\">\n<figure class=\"wp-block-image aligncenter size-full is-resized\"><img loading=\"lazy\" decoding=\"async\" width=\"859\" height=\"723\" src=\"https:\/\/quaker.org\/wp-content\/uploads\/sites\/3\/2024\/10\/Mahala-Dickerson.jpg\" alt=\"\" class=\"wp-image-1742\" style=\"width:500px\" srcset=\"https:\/\/quaker.org\/wp-content\/uploads\/sites\/3\/2024\/10\/Mahala-Dickerson.jpg 859w, https:\/\/quaker.org\/wp-content\/uploads\/sites\/3\/2024\/10\/Mahala-Dickerson-300x253.jpg 300w, https:\/\/quaker.org\/wp-content\/uploads\/sites\/3\/2024\/10\/Mahala-Dickerson-768x646.jpg 768w, https:\/\/quaker.org\/wp-content\/uploads\/sites\/3\/2024\/10\/Mahala-Dickerson-600x505.jpg 600w\" sizes=\"auto, (max-width: 859px) 100vw, 859px\" \/><\/figure>\n<\/div>\n<\/div>\n\n<p>Ashley Dickerson obtuvo un t\u00edtulo en derecho de la Facultad de Derecho de la Universidad de Howard, de la que se gradu\u00f3 cum laude en 1945. Permaneci\u00f3 activa en Alpha Kappa Alpha mucho despu\u00e9s de que terminara su tiempo en la educaci\u00f3n superior, y finalmente ayud\u00f3 a formar el primer cap\u00edtulo de la hermandad en Alaska. <\/p>\n\n<p>En 1948 se convirti\u00f3 en la primera mujer negra en ejercer la abogac\u00eda en Alabama, abriendo firmas en Montgomery y Tuskegee.<\/p>\n\n<p>En 1951, se cas\u00f3 con Frank Beckwith de Indian\u00e1polis; se mud\u00f3 all\u00ed con sus hijos. Se uni\u00f3 al colegio de abogados estatal, como la segunda mujer afroamericana en hacerlo. El matrimonio termin\u00f3 en divorcio.  <\/p>\n\n<p>En 1958, Ashley Dickerson se mud\u00f3 a Alaska, convirti\u00e9ndose en la primera abogada afroamericana all\u00ed. En 1975, represent\u00f3 a profesoras de la Universidad de Alaska en un caso de igualdad salarial. Perdi\u00f3 al principio, pero gan\u00f3 en la apelaci\u00f3n.  <\/p>\n\n<p>Hizo trabajo pro bono, asesor\u00f3 a j\u00f3venes abogados y abog\u00f3 por personas que viv\u00edan en la pobreza.<\/p>\n\n<p>Se desempe\u00f1\u00f3 como presidenta de la Asociaci\u00f3n Nacional de Mujeres Abogadas de 1983 a 1988. Obtuvo el Premio Zeta Phi Beta en 1985. Diez a\u00f1os despu\u00e9s, gan\u00f3 el Premio Margaret Brent de la Asociaci\u00f3n Americana de Abogados para abogadas destacadas. Adem\u00e1s, form\u00f3 parte de la junta directiva del centro de estudio cu\u00e1quero de Pendle Hill de 1988 a 1997.   <\/p>\n\n<p>La casa de Dickerson en Alaska estaba en un terreno que alguna vez hab\u00eda sido territorio del pueblo ind\u00edgena Knik Dena&#8217;ina. Eventualmente donar\u00eda algunos de los acres al lado de su casa a un grupo de Los Amigos no programados, que eventualmente se convirti\u00f3 en la Conferencia de Los Amigos de Alaska. En 1979, estos cu\u00e1queros, interesados en establecer un centro de paz, construyeron una casa de reuniones en la propiedad donde celebraban sesiones anuales. Durante estas sesiones, Los Amigos tambi\u00e9n fueron bienvenidos en la casa de Dickerson.   <\/p>\n\n<p>En 1995, Dickerson escuch\u00f3 a un Amigo hacer un comentario racista menospreciando el honor de que su foto hubiera sido incluida en un calendario creado por la Fundaci\u00f3n de Mujeres de Negocios y Profesionales, por lo que ya no permiti\u00f3 que los cu\u00e1queros entraran en su casa, escribi\u00f3 Charlotte Basham en <em>Friends Journal<\/em>. Siete a\u00f1os despu\u00e9s, el Amigo se disculp\u00f3 con ella. Dickerson lo perdon\u00f3, abriendo su casa a Los Amigos una vez m\u00e1s y reuni\u00e9ndose con ellos en la adoraci\u00f3n.  <\/p>\n\n<p>En 2020, la Conferencia de Los Amigos de Alaska compr\u00f3 una parcela de aproximadamente 23 acres, as\u00ed como la casa de Dickerson. AFC ha plantado \u00e1rboles nativos en la tierra. A partir de 2021, estaban buscando asociarse con el cap\u00edtulo local de la NAACP y honrar al pueblo Knik Dena&#8217;ina, en cuya tierra hist\u00f3rica se encuentra la propiedad.  <\/p>\n\n<div class=\"wp-block-columns is-layout-flex wp-container-core-columns-is-layout-9d6595d7 wp-block-columns-is-layout-flex\">\n<div class=\"wp-block-column is-layout-flow wp-block-column-is-layout-flow\" style=\"flex-basis:50%\">\n<div class=\"wp-block-group is-layout-constrained wp-block-group-is-layout-constrained\">\n<div class=\"wp-block-group has-background is-layout-constrained wp-block-group-is-layout-constrained\" style=\"background:linear-gradient(135deg,rgb(222,222,222) 0%,rgb(222,222,222) 100%)\">\n<h3 class=\"wp-block-heading\">M\u00e1s informaci\u00f3n en <em>friends journal<\/em><\/h3>\n\n\n\n<p>&#8220;<a href=\"https:\/\/www.friendsjournal.org\/she-had-a-dream\/\">She Had a Dream<\/a>&#8220;, Charlotte Basham<\/p>\n\n\n\n<h4 class=\"wp-block-heading\">Sugerencias para lecturas adicionales<\/h4>\n\n\n\n<p><a href=\"https:\/\/www.nps.gov\/people\/mahala-ashley-dickerson.htm\">Biograf\u00eda del Servicio de Parques Nacionales<\/a><\/p>\n\n\n\n<p><a href=\"https:\/\/encyclopediaofalabama.org\/article\/mahala-ashley-dickerson\/\">Enciclopedia de Alabama<\/a><\/p>\n\n\n\n<p><a href=\"https:\/\/www.blackpast.org\/african-american-history\/dickerson-mahala-ashley-1912-2007\/\">BlackPast.org<\/a><\/p>\n<\/div>\n<\/div>\n<\/div>\n\n\n\n<div class=\"wp-block-column is-layout-flow wp-block-column-is-layout-flow\" style=\"flex-basis:50%\">\n<p><\/p>\n\n\n\n<figure class=\"wp-block-embed is-type-video is-provider-youtube wp-block-embed-youtube wp-embed-aspect-16-9 wp-has-aspect-ratio\"><div class=\"wp-block-embed__wrapper\">\n<iframe loading=\"lazy\" title=\"Who was Mahala Ashley Dickerson?\" width=\"500\" height=\"281\" src=\"https:\/\/www.youtube.com\/embed\/LOOCMVjod_Q?feature=oembed\" frameborder=\"0\" allow=\"accelerometer; autoplay; clipboard-write; encrypted-media; gyroscope; picture-in-picture; web-share\" referrerpolicy=\"strict-origin-when-cross-origin\" allowfullscreen><\/iframe>\n<\/div><figcaption class=\"wp-element-caption\"><em>&#8220;No podemos simplemente aprender las lecciones que ella ya aprendi\u00f3 o descansar en sus laureles; tenemos que ver qu\u00e9 sigue en t\u00e9rminos de justicia.&#8221;<\/em><\/figcaption><\/figure>\n<\/div>\n<\/div>\n","protected":false},"excerpt":{"rendered":"<p>Mahala Ashley Dickerson fue una abogada que represent\u00f3 a personas que viv\u00edan en la pobreza, as\u00ed como a aquellas que&hellip;<\/p>\n","protected":false},"author":5131,"featured_media":0,"parent":0,"menu_order":0,"comment_status":"closed","ping_status":"closed","template":"","meta":{"_acf_changed":false,"hero_banner_post_id":0,"footnotes":""},"class_list":["post-2705","page","type-page","status-publish","hentry"],"yoast_head":"<!-- This site is optimized with the Yoast SEO plugin v27.3 - https:\/\/yoast.com\/product\/yoast-seo-wordpress\/ -->\n<title>Mahala Ashley Dickerson (12 de octubre de 1912\u201319 de febrero de 2007) - Quaker.org<\/title>\n<meta name=\"description\" content=\"Mahala Dickerson fue un miembro vital de la comunidad de Los Amigos de Alaska.\" \/>\n<meta name=\"robots\" content=\"index, follow, max-snippet:-1, max-image-preview:large, max-video-preview:-1\" \/>\n<link rel=\"canonical\" href=\"https:\/\/quaker.org\/es\/mahala-ashley-dickerson-12-de-octubre-de-1912-19-de-febrero-de-2007\/\" \/>\n<meta property=\"og:locale\" content=\"es_ES\" \/>\n<meta property=\"og:type\" content=\"article\" \/>\n<meta property=\"og:title\" content=\"Mahala Ashley Dickerson (12 de octubre de 1912\u201319 de febrero de 2007) - Quaker.org\" \/>\n<meta property=\"og:description\" content=\"Mahala Dickerson fue un miembro vital de la comunidad de Los Amigos de Alaska.\" \/>\n<meta property=\"og:url\" content=\"https:\/\/quaker.org\/es\/mahala-ashley-dickerson-12-de-octubre-de-1912-19-de-febrero-de-2007\/\" \/>\n<meta property=\"og:site_name\" content=\"Quaker.org\" \/>\n<meta property=\"article:modified_time\" content=\"2025-08-26T21:08:46+00:00\" \/>\n<meta property=\"og:image\" content=\"https:\/\/quaker.org\/wp-content\/uploads\/sites\/3\/2024\/10\/Mahala-Dickerson.jpg\" \/>\n\t<meta property=\"og:image:width\" content=\"859\" \/>\n\t<meta property=\"og:image:height\" content=\"723\" \/>\n\t<meta property=\"og:image:type\" content=\"image\/jpeg\" \/>\n<meta name=\"twitter:card\" content=\"summary_large_image\" \/>\n<meta name=\"twitter:label1\" content=\"Est. reading time\" \/>\n\t<meta name=\"twitter:data1\" content=\"3 minutes\" \/>\n<script type=\"application\/ld+json\" class=\"yoast-schema-graph\">{\"@context\":\"https:\\\/\\\/schema.org\",\"@graph\":[{\"@type\":\"WebPage\",\"@id\":\"https:\\\/\\\/quaker.org\\\/es\\\/mahala-ashley-dickerson-12-de-octubre-de-1912-19-de-febrero-de-2007\\\/\",\"url\":\"https:\\\/\\\/quaker.org\\\/es\\\/mahala-ashley-dickerson-12-de-octubre-de-1912-19-de-febrero-de-2007\\\/\",\"name\":\"Mahala Ashley Dickerson (12 de octubre de 1912\u201319 de febrero de 2007) - Quaker.org\",\"isPartOf\":{\"@id\":\"https:\\\/\\\/quaker.org\\\/es\\\/#website\"},\"primaryImageOfPage\":{\"@id\":\"https:\\\/\\\/quaker.org\\\/es\\\/mahala-ashley-dickerson-12-de-octubre-de-1912-19-de-febrero-de-2007\\\/#primaryimage\"},\"image\":{\"@id\":\"https:\\\/\\\/quaker.org\\\/es\\\/mahala-ashley-dickerson-12-de-octubre-de-1912-19-de-febrero-de-2007\\\/#primaryimage\"},\"thumbnailUrl\":\"https:\\\/\\\/quaker.org\\\/wp-content\\\/uploads\\\/sites\\\/3\\\/2024\\\/10\\\/Mahala-Dickerson.jpg\",\"datePublished\":\"2024-10-11T16:30:54+00:00\",\"dateModified\":\"2025-08-26T21:08:46+00:00\",\"description\":\"Mahala Dickerson fue un miembro vital de la comunidad de Los Amigos de Alaska.\",\"breadcrumb\":{\"@id\":\"https:\\\/\\\/quaker.org\\\/es\\\/mahala-ashley-dickerson-12-de-octubre-de-1912-19-de-febrero-de-2007\\\/#breadcrumb\"},\"inLanguage\":\"es-ES\",\"potentialAction\":[{\"@type\":\"ReadAction\",\"target\":[\"https:\\\/\\\/quaker.org\\\/es\\\/mahala-ashley-dickerson-12-de-octubre-de-1912-19-de-febrero-de-2007\\\/\"]}]},{\"@type\":\"ImageObject\",\"inLanguage\":\"es-ES\",\"@id\":\"https:\\\/\\\/quaker.org\\\/es\\\/mahala-ashley-dickerson-12-de-octubre-de-1912-19-de-febrero-de-2007\\\/#primaryimage\",\"url\":\"https:\\\/\\\/quaker.org\\\/wp-content\\\/uploads\\\/sites\\\/3\\\/2024\\\/10\\\/Mahala-Dickerson.jpg\",\"contentUrl\":\"https:\\\/\\\/quaker.org\\\/wp-content\\\/uploads\\\/sites\\\/3\\\/2024\\\/10\\\/Mahala-Dickerson.jpg\"},{\"@type\":\"BreadcrumbList\",\"@id\":\"https:\\\/\\\/quaker.org\\\/es\\\/mahala-ashley-dickerson-12-de-octubre-de-1912-19-de-febrero-de-2007\\\/#breadcrumb\",\"itemListElement\":[{\"@type\":\"ListItem\",\"position\":1,\"name\":\"Home\",\"item\":\"https:\\\/\\\/quaker.org\\\/es\\\/bienvenido-a-a-quaker-org\\\/\"},{\"@type\":\"ListItem\",\"position\":2,\"name\":\"Mahala Ashley Dickerson (12 de octubre de 1912\u201319 de febrero de 2007)\"}]},{\"@type\":\"WebSite\",\"@id\":\"https:\\\/\\\/quaker.org\\\/es\\\/#website\",\"url\":\"https:\\\/\\\/quaker.org\\\/es\\\/\",\"name\":\"Quaker.org\",\"description\":\"Learn about Friends\",\"publisher\":{\"@id\":\"https:\\\/\\\/quaker.org\\\/es\\\/#organization\"},\"potentialAction\":[{\"@type\":\"SearchAction\",\"target\":{\"@type\":\"EntryPoint\",\"urlTemplate\":\"https:\\\/\\\/quaker.org\\\/es\\\/?s={search_term_string}\"},\"query-input\":{\"@type\":\"PropertyValueSpecification\",\"valueRequired\":true,\"valueName\":\"search_term_string\"}}],\"inLanguage\":\"es-ES\"},{\"@type\":\"Organization\",\"@id\":\"https:\\\/\\\/quaker.org\\\/es\\\/#organization\",\"name\":\"Quaker.org\",\"url\":\"https:\\\/\\\/quaker.org\\\/es\\\/\",\"logo\":{\"@type\":\"ImageObject\",\"inLanguage\":\"es-ES\",\"@id\":\"https:\\\/\\\/quaker.org\\\/es\\\/#\\\/schema\\\/logo\\\/image\\\/\",\"url\":\"https:\\\/\\\/quaker.org\\\/wp-content\\\/uploads\\\/sites\\\/3\\\/2025\\\/08\\\/QuakerOrgLogo_BW-300x54-1.png\",\"contentUrl\":\"https:\\\/\\\/quaker.org\\\/wp-content\\\/uploads\\\/sites\\\/3\\\/2025\\\/08\\\/QuakerOrgLogo_BW-300x54-1.png\",\"width\":300,\"height\":54,\"caption\":\"Quaker.org\"},\"image\":{\"@id\":\"https:\\\/\\\/quaker.org\\\/es\\\/#\\\/schema\\\/logo\\\/image\\\/\"}}]}<\/script>\n<!-- \/ Yoast SEO plugin. -->","yoast_head_json":{"title":"Mahala Ashley Dickerson (12 de octubre de 1912\u201319 de febrero de 2007) - Quaker.org","description":"Mahala Dickerson fue un miembro vital de la comunidad de Los Amigos de Alaska.","robots":{"index":"index","follow":"follow","max-snippet":"max-snippet:-1","max-image-preview":"max-image-preview:large","max-video-preview":"max-video-preview:-1"},"canonical":"https:\/\/quaker.org\/es\/mahala-ashley-dickerson-12-de-octubre-de-1912-19-de-febrero-de-2007\/","og_locale":"es_ES","og_type":"article","og_title":"Mahala Ashley Dickerson (12 de octubre de 1912\u201319 de febrero de 2007) - Quaker.org","og_description":"Mahala Dickerson fue un miembro vital de la comunidad de Los Amigos de Alaska.","og_url":"https:\/\/quaker.org\/es\/mahala-ashley-dickerson-12-de-octubre-de-1912-19-de-febrero-de-2007\/","og_site_name":"Quaker.org","article_modified_time":"2025-08-26T21:08:46+00:00","og_image":[{"width":859,"height":723,"url":"https:\/\/quaker.org\/wp-content\/uploads\/sites\/3\/2024\/10\/Mahala-Dickerson.jpg","type":"image\/jpeg"}],"twitter_card":"summary_large_image","twitter_misc":{"Est. reading time":"3 minutes"},"schema":{"@context":"https:\/\/schema.org","@graph":[{"@type":"WebPage","@id":"https:\/\/quaker.org\/es\/mahala-ashley-dickerson-12-de-octubre-de-1912-19-de-febrero-de-2007\/","url":"https:\/\/quaker.org\/es\/mahala-ashley-dickerson-12-de-octubre-de-1912-19-de-febrero-de-2007\/","name":"Mahala Ashley Dickerson (12 de octubre de 1912\u201319 de febrero de 2007) - Quaker.org","isPartOf":{"@id":"https:\/\/quaker.org\/es\/#website"},"primaryImageOfPage":{"@id":"https:\/\/quaker.org\/es\/mahala-ashley-dickerson-12-de-octubre-de-1912-19-de-febrero-de-2007\/#primaryimage"},"image":{"@id":"https:\/\/quaker.org\/es\/mahala-ashley-dickerson-12-de-octubre-de-1912-19-de-febrero-de-2007\/#primaryimage"},"thumbnailUrl":"https:\/\/quaker.org\/wp-content\/uploads\/sites\/3\/2024\/10\/Mahala-Dickerson.jpg","datePublished":"2024-10-11T16:30:54+00:00","dateModified":"2025-08-26T21:08:46+00:00","description":"Mahala Dickerson fue un miembro vital de la comunidad de Los Amigos de Alaska.","breadcrumb":{"@id":"https:\/\/quaker.org\/es\/mahala-ashley-dickerson-12-de-octubre-de-1912-19-de-febrero-de-2007\/#breadcrumb"},"inLanguage":"es-ES","potentialAction":[{"@type":"ReadAction","target":["https:\/\/quaker.org\/es\/mahala-ashley-dickerson-12-de-octubre-de-1912-19-de-febrero-de-2007\/"]}]},{"@type":"ImageObject","inLanguage":"es-ES","@id":"https:\/\/quaker.org\/es\/mahala-ashley-dickerson-12-de-octubre-de-1912-19-de-febrero-de-2007\/#primaryimage","url":"https:\/\/quaker.org\/wp-content\/uploads\/sites\/3\/2024\/10\/Mahala-Dickerson.jpg","contentUrl":"https:\/\/quaker.org\/wp-content\/uploads\/sites\/3\/2024\/10\/Mahala-Dickerson.jpg"},{"@type":"BreadcrumbList","@id":"https:\/\/quaker.org\/es\/mahala-ashley-dickerson-12-de-octubre-de-1912-19-de-febrero-de-2007\/#breadcrumb","itemListElement":[{"@type":"ListItem","position":1,"name":"Home","item":"https:\/\/quaker.org\/es\/bienvenido-a-a-quaker-org\/"},{"@type":"ListItem","position":2,"name":"Mahala Ashley Dickerson (12 de octubre de 1912\u201319 de febrero de 2007)"}]},{"@type":"WebSite","@id":"https:\/\/quaker.org\/es\/#website","url":"https:\/\/quaker.org\/es\/","name":"Quaker.org","description":"Learn about Friends","publisher":{"@id":"https:\/\/quaker.org\/es\/#organization"},"potentialAction":[{"@type":"SearchAction","target":{"@type":"EntryPoint","urlTemplate":"https:\/\/quaker.org\/es\/?s={search_term_string}"},"query-input":{"@type":"PropertyValueSpecification","valueRequired":true,"valueName":"search_term_string"}}],"inLanguage":"es-ES"},{"@type":"Organization","@id":"https:\/\/quaker.org\/es\/#organization","name":"Quaker.org","url":"https:\/\/quaker.org\/es\/","logo":{"@type":"ImageObject","inLanguage":"es-ES","@id":"https:\/\/quaker.org\/es\/#\/schema\/logo\/image\/","url":"https:\/\/quaker.org\/wp-content\/uploads\/sites\/3\/2025\/08\/QuakerOrgLogo_BW-300x54-1.png","contentUrl":"https:\/\/quaker.org\/wp-content\/uploads\/sites\/3\/2025\/08\/QuakerOrgLogo_BW-300x54-1.png","width":300,"height":54,"caption":"Quaker.org"},"image":{"@id":"https:\/\/quaker.org\/es\/#\/schema\/logo\/image\/"}}]}},"distributor_meta":false,"distributor_terms":false,"distributor_media":false,"distributor_original_site_name":"Quaker.org","distributor_original_site_url":"https:\/\/quaker.org\/es\/","push-errors":false,"acf":[],"_links":{"self":[{"href":"https:\/\/quaker.org\/es\/wp-json\/wp\/v2\/pages\/2705","targetHints":{"allow":["GET"]}}],"collection":[{"href":"https:\/\/quaker.org\/es\/wp-json\/wp\/v2\/pages"}],"about":[{"href":"https:\/\/quaker.org\/es\/wp-json\/wp\/v2\/types\/page"}],"author":[{"embeddable":true,"href":"https:\/\/quaker.org\/es\/wp-json\/wp\/v2\/users\/5131"}],"replies":[{"embeddable":true,"href":"https:\/\/quaker.org\/es\/wp-json\/wp\/v2\/comments?post=2705"}],"version-history":[{"count":1,"href":"https:\/\/quaker.org\/es\/wp-json\/wp\/v2\/pages\/2705\/revisions"}],"predecessor-version":[{"id":2707,"href":"https:\/\/quaker.org\/es\/wp-json\/wp\/v2\/pages\/2705\/revisions\/2707"}],"wp:attachment":[{"href":"https:\/\/quaker.org\/es\/wp-json\/wp\/v2\/media?parent=2705"}],"curies":[{"name":"wp","href":"https:\/\/api.w.org\/{rel}","templated":true}]}}