{"id":2704,"date":"2023-12-26T20:22:10","date_gmt":"2023-12-26T20:22:10","guid":{"rendered":"https:\/\/quaker.org\/jean-toomer-26-de-diciembre-de-1894-30-de-marzo-de-1967\/"},"modified":"2025-08-26T21:08:46","modified_gmt":"2025-08-26T21:08:46","slug":"jean-toomer-26-de-diciembre-de-1894-30-de-marzo-de-1967","status":"publish","type":"page","link":"https:\/\/quaker.org\/es\/jean-toomer-26-de-diciembre-de-1894-30-de-marzo-de-1967\/","title":{"rendered":"Jean Toomer (26 de diciembre de 1894\u201330 de marzo de 1967)"},"content":{"rendered":"\n<div class=\"wp-block-columns is-layout-flex wp-container-core-columns-is-layout-9d6595d7 wp-block-columns-is-layout-flex\">\n<div class=\"wp-block-column is-layout-flow wp-block-column-is-layout-flow\" style=\"flex-basis:50%\">\n<p>El aclamado autor, poeta y dramaturgo Jean Toomer (1894\u20131967) abraz\u00f3 el cuaquerismo en la \u00faltima etapa de su vida, despu\u00e9s de que \u00e9l y su segunda esposa, la fot\u00f3grafa Marjorie Content, se mudaran de la ciudad de Nueva York, N.Y. a Doylestown, Pensilvania. Toomer se uni\u00f3 a la Junta de Buckingham en Lahaska, Pensilvania, en 1940. Dedic\u00f3 mucho tiempo y energ\u00eda a la comunidad cu\u00e1quera en las d\u00e9cadas de 1940 y 1950, asesorando a estudiantes universitarios, dando conferencias y escribiendo.  <\/p>\n\n\n\n<p>Toomer fue m\u00e1s conocido como el autor de <em>Cane<\/em> (v\u00e9ase la rese\u00f1a de <a href=\"https:\/\/www.friendsjournal.org\/book\/cane\/\">1969 en <em>Friends Journal<\/em><\/a> o <a href=\"https:\/\/www.gutenberg.org\/cache\/epub\/60093\/pg60093-images.html\">l\u00e9alo en l\u00ednea en Project Gutenberg<\/a>), una novela experimental sobre personajes negros que emigran desde el sur agr\u00edcola de Jim Crow en EE. UU. al norte industrializado. Tambi\u00e9n escribi\u00f3 el largo poema l\u00edrico <em>Blue Meridian<\/em>, que exploraba la trascendencia de los conceptos existentes de identidad racial. <\/p>\n\n\n\n<p>Toomer fue secretario del Comit\u00e9 de Ministerio y Asesoramiento de la Junta Trimestral de Bucks desde 1943 hasta 1948. Tambi\u00e9n form\u00f3 parte del Comit\u00e9 de Ministerio y Asesoramiento de la Junta Anual de Filadelfia (Hickstie) desde 1943 hasta 1945 y nuevamente desde 1947 hasta 1951. Adem\u00e1s, fue voluntario en el Comit\u00e9 de Vida Religiosa de la Junta Anual de Filadelfia desde 1945 hasta 1947. Tambi\u00e9n dirigi\u00f3 talleres para j\u00f3venes cu\u00e1queros en las Reuniones de la Conferencia General de los Amigos y escribi\u00f3 el folleto <a href=\"https:\/\/www.gutenberg.org\/cache\/epub\/24576\/pg24576-images.html\"><em>An Interpretation of Friends Worship<\/em><\/a> para la Conferencia General de los Amigos.   <\/p>\n\n\n\n<p>En 1949, Toomer pronunci\u00f3 la <a href=\"https:\/\/quaker.org\/legacy\/pamphlets\/wpl1949a.html\">William Penn Lecture<\/a> en la Arch Street Meeting House en Filadelfia. Se refiri\u00f3 a George Fox y a otros de los primeros cu\u00e1queros como personas que irradiaban la Luz de Cristo incluso cuando eran golpeados y encarcelados. Describi\u00f3 una carencia espiritual interna que conduc\u00eda a la frustraci\u00f3n como la fuente del conflicto racial, la lucha de clases y la guerra. La lucha conduce a m\u00e1s pobreza espiritual y frustraci\u00f3n, lo que, a su vez, conduce a m\u00e1s combate, seg\u00fan Toomer.   <\/p>\n<\/div>\n\n\n\n<div class=\"wp-block-column is-layout-flow wp-block-column-is-layout-flow\" style=\"flex-basis:50%\">\n<figure class=\"wp-block-image size-full\"><img loading=\"lazy\" decoding=\"async\" width=\"557\" height=\"768\" src=\"https:\/\/quaker.org\/wp-content\/uploads\/sites\/3\/2023\/12\/JeanToomerReiss.jpg\" alt=\"Jean Toomer, en un dibujo de Winold Reiss.\" class=\"wp-image-1424\" srcset=\"https:\/\/quaker.org\/wp-content\/uploads\/sites\/3\/2023\/12\/JeanToomerReiss.jpg 557w, https:\/\/quaker.org\/wp-content\/uploads\/sites\/3\/2023\/12\/JeanToomerReiss-218x300.jpg 218w\" sizes=\"auto, (max-width: 557px) 100vw, 557px\" \/><\/figure>\n<\/div>\n<\/div>\n\n<p>Ofreci\u00f3 una soluci\u00f3n centrada en Cristo, diciendo: \u201cCristo vino a abrir el camino entre los hombres y el Ser Eterno, para que podamos tener vida y tenerla en abundancia\u201d.<\/p>\n\n<p>En 1922, Toomer acept\u00f3 un trabajo como director de escuela sustituto en Sparta, Georgia, en el Instituto Agr\u00edcola e Industrial de Sparta, cerca de comunidades en las que hab\u00eda vivido su padre. El breve tiempo que Toomer pas\u00f3 en Georgia le inspir\u00f3 para escribir sobre las vidas de los afroamericanos del sur durante la era de Jim Crow. El resultado fue <em>Cane<\/em>, su libro de 1923, bien recibido, que combinaba poes\u00eda y prosa. En 1936, public\u00f3 <em>Blue Meridian<\/em>, un largo poema sobre el desarrollo de una raza \u201cestadounidense\u201d que combina personas de diversas herencias, incluyendo afroamericana, europea y nativa americana.   <\/p>\n\n<p>Los padres de Toomer, Nathan Toomer Sr. y Nina Pinchback Toomer, se divorciaron en 1898, pocos a\u00f1os despu\u00e9s de su nacimiento. El nombre de pila de Toomer era Nathan Pinchback Toomer; tom\u00f3 los seud\u00f3nimos Jean Toomer y N. Jean Toomer. Nathan Toomer Sr. fue una persona anteriormente esclavizada. Jean Toomer fue criado por su madre y su abuelo, un antiguo soldado de la Uni\u00f3n que hab\u00eda servido como gobernador interino de Luisiana durante la Reconstrucci\u00f3n, el primer afroamericano en ocupar tal puesto. El bisabuelo paterno de Jean Toomer era un plantador blanco y su bisabuela paterna era una persona birracial esclavizada.     <\/p>\n\n<p>Toomer creci\u00f3 en una secci\u00f3n blanca acomodada de Washington, D.C., y asisti\u00f3 a la escuela secundaria Paul Laurence Dunbar, exclusivamente afroamericana. M\u00e1s tarde se mud\u00f3 con su madre a suburbios predominantemente blancos en el estado de Nueva York, donde asisti\u00f3 a una escuela mayoritariamente blanca. Toomer rechaz\u00f3 la clasificaci\u00f3n racial tradicional y se movi\u00f3 en c\u00edrculos sociales con personas negras y blancas.<\/p>\n\n<p>Antes de convertirse en cu\u00e1quero, Toomer pas\u00f3 d\u00e9cadas siguiendo las ense\u00f1anzas del fil\u00f3sofo m\u00edstico George Ivanovich Gurdjieff. Visit\u00f3 el Instituto Gurdjieff para el Desarrollo Arm\u00f3nico del Hombre en Fountainbleau, Francia, en 1927 y 1929. En el Instituto, los seguidores realizaban un riguroso trabajo f\u00edsico como una forma de purificarse e integrar sus vidas interiores. Despu\u00e9s de regresar a los Estados Unidos, Toomer estableci\u00f3 grupos de estudio para instruir a otros en las ense\u00f1anzas de Gurdjieff, que combinaban la religi\u00f3n con la psicolog\u00eda.   <\/p>\n\n<p>Toomer muri\u00f3 en 1967 en Doylestown. Le precedieron en la muerte su primera esposa, la escritora Margery Latimer, que muri\u00f3 en 1932 al dar a luz a su \u00fanica hija, Margery. Le sobrevivieron en el momento de su muerte su segunda esposa, Marjorie Content, un hijastro, Jim Loeb, y una hijastra, Susan Loeb.  <\/p>\n\n<div class=\"wp-block-group has-background is-layout-constrained wp-block-group-is-layout-constrained\" style=\"background:linear-gradient(241deg,rgb(222,222,222) 0%,rgb(222,222,222) 100%)\">\n<div class=\"wp-block-columns is-layout-flex wp-container-core-columns-is-layout-9d6595d7 wp-block-columns-is-layout-flex\">\n<div class=\"wp-block-column is-layout-flow wp-block-column-is-layout-flow\" style=\"flex-basis:50%\">\n<h3 class=\"wp-block-heading\">Fuentes citadas<\/h3>\n<\/div>\n\n\n\n<div class=\"wp-block-column is-layout-flow wp-block-column-is-layout-flow\" style=\"flex-basis:50%\">\n<ul class=\"wp-block-list\">\n<li><a href=\"https:\/\/archives.yale.edu\/repositories\/11\/resources\/950\">Documentos de Jean Toomer en la Universidad de Yale<\/a><\/li>\n\n\n\n<li><a href=\"https:\/\/www.theblackquakerproject.org\/post\/happy-birthday-jean-toomer\">\u00a1Feliz cumplea\u00f1os, Jean Toomer!<\/a>  (Proyecto Cu\u00e1quero Negro)<\/li>\n\n\n\n<li><a href=\"https:\/\/www.britannica.com\/biography\/Jean-Toomer\">Enciclopedia Brit\u00e1nica sobre Jean Toomer<\/a><\/li>\n\n\n\n<li><a href=\"https:\/\/georgiawritershalloffame.org\/honorees\/jean-toomer\">Jean Toomer en el Sal\u00f3n de la Fama de Escritores de Georgia<\/a><\/li>\n\n\n\n<li><a href=\"https:\/\/en.wikipedia.org\/wiki\/Jean_Toomer\">Jean Toomer en Wikipedia<\/a><\/li>\n\n\n\n<li><a href=\"https:\/\/en.wikipedia.org\/wiki\/Marjorie_Content\">Marjorie Content en Wikipedia<\/a><\/li>\n<\/ul>\n<\/div>\n<\/div>\n<\/div>\n\n<p><em>Ilustraci\u00f3n:<\/em> dibujo de Jean Toomer de 1925 por Winold Reiss, en la Galer\u00eda Nacional de Retratos.<\/p>\n","protected":false},"excerpt":{"rendered":"<p>El aclamado autor, poeta y dramaturgo Jean Toomer (1894\u20131967) abraz\u00f3 el cuaquerismo en la \u00faltima etapa de su vida, despu\u00e9s&hellip;<\/p>\n","protected":false},"author":5131,"featured_media":0,"parent":0,"menu_order":0,"comment_status":"closed","ping_status":"closed","template":"","meta":{"_acf_changed":false,"hero_banner_post_id":0,"footnotes":""},"class_list":["post-2704","page","type-page","status-publish","hentry"],"yoast_head":"<!-- This site is optimized with the Yoast SEO plugin v27.4 - https:\/\/yoast.com\/product\/yoast-seo-wordpress\/ -->\n<title>Jean Toomer (26 de diciembre de 1894\u201330 de marzo de 1967) - Quaker.org<\/title>\n<meta name=\"description\" content=\"El poeta y novelista dedic\u00f3 mucho tiempo y energ\u00eda a la comunidad cu\u00e1quera en las d\u00e9cadas de 1940 y 1950.\" \/>\n<meta name=\"robots\" content=\"index, follow, max-snippet:-1, max-image-preview:large, max-video-preview:-1\" \/>\n<link rel=\"canonical\" href=\"https:\/\/quaker.org\/es\/jean-toomer-26-de-diciembre-de-1894-30-de-marzo-de-1967\/\" \/>\n<meta property=\"og:locale\" content=\"es_ES\" \/>\n<meta property=\"og:type\" content=\"article\" \/>\n<meta property=\"og:title\" content=\"Jean Toomer (26 de diciembre de 1894\u201330 de marzo de 1967) - Quaker.org\" \/>\n<meta property=\"og:description\" content=\"El poeta y novelista dedic\u00f3 mucho tiempo y energ\u00eda a la comunidad cu\u00e1quera en las d\u00e9cadas de 1940 y 1950.\" \/>\n<meta property=\"og:url\" content=\"https:\/\/quaker.org\/es\/jean-toomer-26-de-diciembre-de-1894-30-de-marzo-de-1967\/\" \/>\n<meta property=\"og:site_name\" content=\"Quaker.org\" \/>\n<meta property=\"article:modified_time\" content=\"2025-08-26T21:08:46+00:00\" \/>\n<meta property=\"og:image\" content=\"https:\/\/quaker.org\/wp-content\/uploads\/sites\/3\/2023\/12\/JeanToomerReiss.jpg\" \/>\n\t<meta property=\"og:image:width\" content=\"557\" \/>\n\t<meta property=\"og:image:height\" content=\"768\" \/>\n\t<meta property=\"og:image:type\" content=\"image\/jpeg\" \/>\n<meta name=\"twitter:card\" content=\"summary_large_image\" \/>\n<meta name=\"twitter:label1\" content=\"Est. reading time\" \/>\n\t<meta name=\"twitter:data1\" content=\"4 minutes\" \/>\n<script type=\"application\/ld+json\" class=\"yoast-schema-graph\">{\"@context\":\"https:\\\/\\\/schema.org\",\"@graph\":[{\"@type\":\"WebPage\",\"@id\":\"https:\\\/\\\/quaker.org\\\/es\\\/jean-toomer-26-de-diciembre-de-1894-30-de-marzo-de-1967\\\/\",\"url\":\"https:\\\/\\\/quaker.org\\\/es\\\/jean-toomer-26-de-diciembre-de-1894-30-de-marzo-de-1967\\\/\",\"name\":\"Jean Toomer (26 de diciembre de 1894\u201330 de marzo de 1967) - Quaker.org\",\"isPartOf\":{\"@id\":\"https:\\\/\\\/quaker.org\\\/es\\\/#website\"},\"primaryImageOfPage\":{\"@id\":\"https:\\\/\\\/quaker.org\\\/es\\\/jean-toomer-26-de-diciembre-de-1894-30-de-marzo-de-1967\\\/#primaryimage\"},\"image\":{\"@id\":\"https:\\\/\\\/quaker.org\\\/es\\\/jean-toomer-26-de-diciembre-de-1894-30-de-marzo-de-1967\\\/#primaryimage\"},\"thumbnailUrl\":\"https:\\\/\\\/quaker.org\\\/wp-content\\\/uploads\\\/sites\\\/3\\\/2023\\\/12\\\/JeanToomerReiss.jpg\",\"datePublished\":\"2023-12-26T20:22:10+00:00\",\"dateModified\":\"2025-08-26T21:08:46+00:00\",\"description\":\"El poeta y novelista dedic\u00f3 mucho tiempo y energ\u00eda a la comunidad cu\u00e1quera en las d\u00e9cadas de 1940 y 1950.\",\"breadcrumb\":{\"@id\":\"https:\\\/\\\/quaker.org\\\/es\\\/jean-toomer-26-de-diciembre-de-1894-30-de-marzo-de-1967\\\/#breadcrumb\"},\"inLanguage\":\"es-ES\",\"potentialAction\":[{\"@type\":\"ReadAction\",\"target\":[\"https:\\\/\\\/quaker.org\\\/es\\\/jean-toomer-26-de-diciembre-de-1894-30-de-marzo-de-1967\\\/\"]}]},{\"@type\":\"ImageObject\",\"inLanguage\":\"es-ES\",\"@id\":\"https:\\\/\\\/quaker.org\\\/es\\\/jean-toomer-26-de-diciembre-de-1894-30-de-marzo-de-1967\\\/#primaryimage\",\"url\":\"https:\\\/\\\/quaker.org\\\/wp-content\\\/uploads\\\/sites\\\/3\\\/2023\\\/12\\\/JeanToomerReiss.jpg\",\"contentUrl\":\"https:\\\/\\\/quaker.org\\\/wp-content\\\/uploads\\\/sites\\\/3\\\/2023\\\/12\\\/JeanToomerReiss.jpg\"},{\"@type\":\"BreadcrumbList\",\"@id\":\"https:\\\/\\\/quaker.org\\\/es\\\/jean-toomer-26-de-diciembre-de-1894-30-de-marzo-de-1967\\\/#breadcrumb\",\"itemListElement\":[{\"@type\":\"ListItem\",\"position\":1,\"name\":\"Home\",\"item\":\"https:\\\/\\\/quaker.org\\\/es\\\/bienvenido-a-a-quaker-org\\\/\"},{\"@type\":\"ListItem\",\"position\":2,\"name\":\"Jean Toomer (26 de diciembre de 1894\u201330 de marzo de 1967)\"}]},{\"@type\":\"WebSite\",\"@id\":\"https:\\\/\\\/quaker.org\\\/es\\\/#website\",\"url\":\"https:\\\/\\\/quaker.org\\\/es\\\/\",\"name\":\"Quaker.org\",\"description\":\"Learn about Friends\",\"publisher\":{\"@id\":\"https:\\\/\\\/quaker.org\\\/es\\\/#organization\"},\"potentialAction\":[{\"@type\":\"SearchAction\",\"target\":{\"@type\":\"EntryPoint\",\"urlTemplate\":\"https:\\\/\\\/quaker.org\\\/es\\\/?s={search_term_string}\"},\"query-input\":{\"@type\":\"PropertyValueSpecification\",\"valueRequired\":true,\"valueName\":\"search_term_string\"}}],\"inLanguage\":\"es-ES\"},{\"@type\":\"Organization\",\"@id\":\"https:\\\/\\\/quaker.org\\\/es\\\/#organization\",\"name\":\"Quaker.org\",\"url\":\"https:\\\/\\\/quaker.org\\\/es\\\/\",\"logo\":{\"@type\":\"ImageObject\",\"inLanguage\":\"es-ES\",\"@id\":\"https:\\\/\\\/quaker.org\\\/es\\\/#\\\/schema\\\/logo\\\/image\\\/\",\"url\":\"https:\\\/\\\/quaker.org\\\/wp-content\\\/uploads\\\/sites\\\/3\\\/2025\\\/08\\\/QuakerOrgLogo_BW-300x54-1.png\",\"contentUrl\":\"https:\\\/\\\/quaker.org\\\/wp-content\\\/uploads\\\/sites\\\/3\\\/2025\\\/08\\\/QuakerOrgLogo_BW-300x54-1.png\",\"width\":300,\"height\":54,\"caption\":\"Quaker.org\"},\"image\":{\"@id\":\"https:\\\/\\\/quaker.org\\\/es\\\/#\\\/schema\\\/logo\\\/image\\\/\"}}]}<\/script>\n<!-- \/ Yoast SEO plugin. -->","yoast_head_json":{"title":"Jean Toomer (26 de diciembre de 1894\u201330 de marzo de 1967) - Quaker.org","description":"El poeta y novelista dedic\u00f3 mucho tiempo y energ\u00eda a la comunidad cu\u00e1quera en las d\u00e9cadas de 1940 y 1950.","robots":{"index":"index","follow":"follow","max-snippet":"max-snippet:-1","max-image-preview":"max-image-preview:large","max-video-preview":"max-video-preview:-1"},"canonical":"https:\/\/quaker.org\/es\/jean-toomer-26-de-diciembre-de-1894-30-de-marzo-de-1967\/","og_locale":"es_ES","og_type":"article","og_title":"Jean Toomer (26 de diciembre de 1894\u201330 de marzo de 1967) - Quaker.org","og_description":"El poeta y novelista dedic\u00f3 mucho tiempo y energ\u00eda a la comunidad cu\u00e1quera en las d\u00e9cadas de 1940 y 1950.","og_url":"https:\/\/quaker.org\/es\/jean-toomer-26-de-diciembre-de-1894-30-de-marzo-de-1967\/","og_site_name":"Quaker.org","article_modified_time":"2025-08-26T21:08:46+00:00","og_image":[{"width":557,"height":768,"url":"https:\/\/quaker.org\/wp-content\/uploads\/sites\/3\/2023\/12\/JeanToomerReiss.jpg","type":"image\/jpeg"}],"twitter_card":"summary_large_image","twitter_misc":{"Est. reading time":"4 minutes"},"schema":{"@context":"https:\/\/schema.org","@graph":[{"@type":"WebPage","@id":"https:\/\/quaker.org\/es\/jean-toomer-26-de-diciembre-de-1894-30-de-marzo-de-1967\/","url":"https:\/\/quaker.org\/es\/jean-toomer-26-de-diciembre-de-1894-30-de-marzo-de-1967\/","name":"Jean Toomer (26 de diciembre de 1894\u201330 de marzo de 1967) - Quaker.org","isPartOf":{"@id":"https:\/\/quaker.org\/es\/#website"},"primaryImageOfPage":{"@id":"https:\/\/quaker.org\/es\/jean-toomer-26-de-diciembre-de-1894-30-de-marzo-de-1967\/#primaryimage"},"image":{"@id":"https:\/\/quaker.org\/es\/jean-toomer-26-de-diciembre-de-1894-30-de-marzo-de-1967\/#primaryimage"},"thumbnailUrl":"https:\/\/quaker.org\/wp-content\/uploads\/sites\/3\/2023\/12\/JeanToomerReiss.jpg","datePublished":"2023-12-26T20:22:10+00:00","dateModified":"2025-08-26T21:08:46+00:00","description":"El poeta y novelista dedic\u00f3 mucho tiempo y energ\u00eda a la comunidad cu\u00e1quera en las d\u00e9cadas de 1940 y 1950.","breadcrumb":{"@id":"https:\/\/quaker.org\/es\/jean-toomer-26-de-diciembre-de-1894-30-de-marzo-de-1967\/#breadcrumb"},"inLanguage":"es-ES","potentialAction":[{"@type":"ReadAction","target":["https:\/\/quaker.org\/es\/jean-toomer-26-de-diciembre-de-1894-30-de-marzo-de-1967\/"]}]},{"@type":"ImageObject","inLanguage":"es-ES","@id":"https:\/\/quaker.org\/es\/jean-toomer-26-de-diciembre-de-1894-30-de-marzo-de-1967\/#primaryimage","url":"https:\/\/quaker.org\/wp-content\/uploads\/sites\/3\/2023\/12\/JeanToomerReiss.jpg","contentUrl":"https:\/\/quaker.org\/wp-content\/uploads\/sites\/3\/2023\/12\/JeanToomerReiss.jpg"},{"@type":"BreadcrumbList","@id":"https:\/\/quaker.org\/es\/jean-toomer-26-de-diciembre-de-1894-30-de-marzo-de-1967\/#breadcrumb","itemListElement":[{"@type":"ListItem","position":1,"name":"Home","item":"https:\/\/quaker.org\/es\/bienvenido-a-a-quaker-org\/"},{"@type":"ListItem","position":2,"name":"Jean Toomer (26 de diciembre de 1894\u201330 de marzo de 1967)"}]},{"@type":"WebSite","@id":"https:\/\/quaker.org\/es\/#website","url":"https:\/\/quaker.org\/es\/","name":"Quaker.org","description":"Learn about Friends","publisher":{"@id":"https:\/\/quaker.org\/es\/#organization"},"potentialAction":[{"@type":"SearchAction","target":{"@type":"EntryPoint","urlTemplate":"https:\/\/quaker.org\/es\/?s={search_term_string}"},"query-input":{"@type":"PropertyValueSpecification","valueRequired":true,"valueName":"search_term_string"}}],"inLanguage":"es-ES"},{"@type":"Organization","@id":"https:\/\/quaker.org\/es\/#organization","name":"Quaker.org","url":"https:\/\/quaker.org\/es\/","logo":{"@type":"ImageObject","inLanguage":"es-ES","@id":"https:\/\/quaker.org\/es\/#\/schema\/logo\/image\/","url":"https:\/\/quaker.org\/wp-content\/uploads\/sites\/3\/2025\/08\/QuakerOrgLogo_BW-300x54-1.png","contentUrl":"https:\/\/quaker.org\/wp-content\/uploads\/sites\/3\/2025\/08\/QuakerOrgLogo_BW-300x54-1.png","width":300,"height":54,"caption":"Quaker.org"},"image":{"@id":"https:\/\/quaker.org\/es\/#\/schema\/logo\/image\/"}}]}},"distributor_meta":false,"distributor_terms":false,"distributor_media":false,"distributor_original_site_name":"Quaker.org","distributor_original_site_url":"https:\/\/quaker.org\/es\/","push-errors":false,"acf":[],"_links":{"self":[{"href":"https:\/\/quaker.org\/es\/wp-json\/wp\/v2\/pages\/2704","targetHints":{"allow":["GET"]}}],"collection":[{"href":"https:\/\/quaker.org\/es\/wp-json\/wp\/v2\/pages"}],"about":[{"href":"https:\/\/quaker.org\/es\/wp-json\/wp\/v2\/types\/page"}],"author":[{"embeddable":true,"href":"https:\/\/quaker.org\/es\/wp-json\/wp\/v2\/users\/5131"}],"replies":[{"embeddable":true,"href":"https:\/\/quaker.org\/es\/wp-json\/wp\/v2\/comments?post=2704"}],"version-history":[{"count":1,"href":"https:\/\/quaker.org\/es\/wp-json\/wp\/v2\/pages\/2704\/revisions"}],"predecessor-version":[{"id":2706,"href":"https:\/\/quaker.org\/es\/wp-json\/wp\/v2\/pages\/2704\/revisions\/2706"}],"wp:attachment":[{"href":"https:\/\/quaker.org\/es\/wp-json\/wp\/v2\/media?parent=2704"}],"curies":[{"name":"wp","href":"https:\/\/api.w.org\/{rel}","templated":true}]}}