{"id":2702,"date":"2023-06-20T16:35:26","date_gmt":"2023-06-20T16:35:26","guid":{"rendered":"https:\/\/quaker.org\/los-amigos-y-el-kindertransport\/"},"modified":"2025-08-26T21:08:37","modified_gmt":"2025-08-26T21:08:37","slug":"los-amigos-y-el-kindertransport","status":"publish","type":"page","link":"https:\/\/quaker.org\/es\/los-amigos-y-el-kindertransport\/","title":{"rendered":"Los Amigos y el kindertransport"},"content":{"rendered":"\n<div class=\"wp-block-columns is-layout-flex wp-container-core-columns-is-layout-9d6595d7 wp-block-columns-is-layout-flex\">\n<div class=\"wp-block-column is-layout-flow wp-block-column-is-layout-flow\" style=\"flex-basis:50%\">\n<p>El Kindertransport fue un esfuerzo de evacuaci\u00f3n coordinado por jud\u00edos y gentiles que salv\u00f3 a aproximadamente 10.000 ni\u00f1os jud\u00edos y otros j\u00f3venes que hu\u00edan de la persecuci\u00f3n nazi en el a\u00f1o anterior al comienzo de la Segunda Guerra Mundial.<\/p>\n\n\n\n<p>En la Kristallnacht (\u201cLa Noche de los Cristales Rotos\u201d), el 9 de noviembre de 1938, Adolf Hitler y los l\u00edderes nazis ordenaron un ataque coordinado por paramilitares y las Juventudes Hitlerianas que golpearon a innumerables jud\u00edos en toda Alemania y asesinaron a noventa y uno. Tambi\u00e9n incendiaron sinagogas, destruyeron negocios de propiedad jud\u00eda y robaron casas jud\u00edas. La polic\u00eda arrest\u00f3 a aproximadamente 30.000 jud\u00edos alemanes y los envi\u00f3 a campos de concentraci\u00f3n. Siguiendo las \u00f3rdenes nazis, los agentes de polic\u00eda no arrestaron a los autores de estos asaltos y asesinatos, ni los bomberos apagaron las llamas que consum\u00edan las sinagogas. En cambio, los departamentos de bomberos protegieron las casas y los negocios pertenecientes a no jud\u00edos.     <\/p>\n<\/div>\n\n\n\n<div class=\"wp-block-column is-layout-flow wp-block-column-is-layout-flow\" style=\"flex-basis:50%\">\n<figure class=\"wp-block-image size-full is-resized\"><img loading=\"lazy\" decoding=\"async\" src=\"https:\/\/quaker.org\/wp-content\/uploads\/sites\/3\/2023\/06\/Bundesarchiv_Bild_183-S69279_London_Ankunft_judische_Fluchtlinge.jpg\" alt=\"1939: Un grupo de j&#xF3;venes refugiados jud&#xED;os llegan a Londres, tra&#xED;dos a Inglaterra gracias a la labor del Kindertransport.\" class=\"wp-image-1364\" width=\"400\" height=\"280\" srcset=\"https:\/\/quaker.org\/wp-content\/uploads\/sites\/3\/2023\/06\/Bundesarchiv_Bild_183-S69279_London_Ankunft_judische_Fluchtlinge.jpg 800w, https:\/\/quaker.org\/wp-content\/uploads\/sites\/3\/2023\/06\/Bundesarchiv_Bild_183-S69279_London_Ankunft_judische_Fluchtlinge-300x210.jpg 300w, https:\/\/quaker.org\/wp-content\/uploads\/sites\/3\/2023\/06\/Bundesarchiv_Bild_183-S69279_London_Ankunft_judische_Fluchtlinge-768x538.jpg 768w, https:\/\/quaker.org\/wp-content\/uploads\/sites\/3\/2023\/06\/Bundesarchiv_Bild_183-S69279_London_Ankunft_judische_Fluchtlinge-600x420.jpg 600w\" sizes=\"auto, (max-width: 400px) 100vw, 400px\" \/><\/figure>\n<\/div>\n<\/div>\n\n<p>Los Amigos en Gran Breta\u00f1a hab\u00edan formado el Comit\u00e9 de Emergencia Alem\u00e1n (GEC) de la Sociedad Religiosa de los Amigos en 1933, poco despu\u00e9s de que Hitler llegara al poder. Despu\u00e9s de la Kristallnacht, el Comit\u00e9, con grupos asociados, se comprometi\u00f3 a ayudar a los ni\u00f1os jud\u00edos a huir de Polonia, Austria, Alemania y Checoslovaquia, y proporcion\u00f3 recursos para ayudarles a vivir en otros pa\u00edses. Los Amigos hab\u00edan organizado muchos programas de ayuda despu\u00e9s del final de la Primera Guerra Mundial, y eran reconocidos por todos los alemanes, incluida la comunidad jud\u00eda, como una fuente fiable de ayuda humanitaria.  <\/p>\n\n<p>Bertha Bracey, secretaria del GEC, conect\u00f3 con Wilfrid Israel, un fil\u00e1ntropo jud\u00edo alem\u00e1n en Berl\u00edn, a trav\u00e9s de quien conoci\u00f3 a l\u00edderes de grupos de mujeres jud\u00edas en toda Alemania. A petici\u00f3n de estas, Bracey comenz\u00f3 a ayudar a los refugiados a escapar. Las personas perseguidas se acercaban a Los Amigos para pedir ayuda en los Centros de Los Amigos en Frankfurt, Berl\u00edn y N\u00faremberg. <\/p>\n\n<p>Los Amigos acompa\u00f1aron a los ni\u00f1os en su viaje a Gran Breta\u00f1a, que les llev\u00f3 a trav\u00e9s de Holanda. Despu\u00e9s de llegar a Gran Breta\u00f1a, los j\u00f3venes vivieron con familias de Los Amigos y no cu\u00e1queras, en una escuela cu\u00e1quera, en un albergue, en un campamento de verano y en un hotel reacondicionado. El GEC tambi\u00e9n proporcion\u00f3 a los refugiados recursos educativos y patrocin\u00f3 sus visados de trabajo.  <\/p>\n\n<p>La ahora cerrada Escuela Ayton en North Yorkshire alberg\u00f3 a j\u00f3venes refugiados. Dovercort Camp, en las afueras de Harwich, se convirti\u00f3 en un centro de recepci\u00f3n para refugiados reci\u00e9n reubicados. La Escuela Bunce Court en Kent tambi\u00e9n se convirti\u00f3 en el hogar de ni\u00f1os que hu\u00edan de la persecuci\u00f3n. La Junta Local de Cheadle en Merseyside estableci\u00f3 albergues para alojar a los j\u00f3venes. El Palace Hotel en Londres se convirti\u00f3 en una residencia de refugiados llamada Bloomsbury House.   <\/p>\n\n<p>Los \u00faltimos refugiados del Kindertransport salieron de Alemania en septiembre de 1939, despu\u00e9s de que Gran Breta\u00f1a y Alemania entraran en guerra. El \u00faltimo grupo de j\u00f3venes parti\u00f3 de los Pa\u00edses Bajos rumbo a Gran Breta\u00f1a en mayo de 1940. Tras el estallido de la Segunda Guerra Mundial, los brit\u00e1nicos clasificaron a los refugiados alemanes que hab\u00edan llegado por Kindertransport como \u201cextranjeros enemigos\u201d e internaron a 1.000 adolescentes varones a los que consideraban riesgos para la seguridad.   <\/p>\n\n<p>Los Amigos continuaron ayudando con el reasentamiento de refugiados y la ayuda humanitaria durante y despu\u00e9s de la guerra, y algunos cu\u00e1queros alemanes fueron enviados a campos de concentraci\u00f3n por ayudar a jud\u00edos perseguidos. El Comit\u00e9 de Servicio de los Amigos Americanos y el Consejo de Servicio de los Amigos Brit\u00e1nicos recibieron el Premio Nobel de la Paz de 1947 en nombre de todos Los Amigos que ayudaron a jud\u00edos y a otros que hu\u00edan de la persecuci\u00f3n. <\/p>\n\n<div class=\"wp-block-columns is-layout-flex wp-container-core-columns-is-layout-9d6595d7 wp-block-columns-is-layout-flex\">\n<div class=\"wp-block-column has-background is-layout-flow wp-block-column-is-layout-flow\" style=\"background:linear-gradient(135deg,rgb(222,222,222) 0%,rgb(222,222,222) 100%);flex-basis:50%\">\n<h3 class=\"wp-block-heading\">M\u00e1s informaci\u00f3n en <em>friends journal<\/em><\/h3>\n\n\n\n<p>\u00ab<a href=\"https:\/\/www.friendsjournal.org\/henry-cadbury-1934-speech-civility\/\">Civility Can Be Dangerous<\/a>\u00bb, Lucy Duncan<\/p>\n\n\n\n<p>\u00ab<a href=\"https:\/\/www.friendsjournal.org\/book\/the-school-that-escaped-the-nazis-the-true-story-of-the-schoolteacher-who-defied-hitler\/\">The School That Escaped the Nazis<\/a>\u00bb, rese\u00f1ado por Judith Favor<\/p>\n\n\n\n<p>\u00ab<a href=\"https:\/\/www.friendsjournal.org\/2007060\/\">The Little Museum That Could<\/a>\u00bb, Michael Luick-Thrams<\/p>\n<\/div>\n\n\n\n<div class=\"wp-block-column has-background is-layout-flow wp-block-column-is-layout-flow\" style=\"background:linear-gradient(135deg,rgb(222,222,222) 0%,rgb(222,222,222) 100%);flex-basis:50%\">\n<h3 class=\"wp-block-heading\">Fuentes citadas<\/h3>\n\n\n\n<p><a href=\"https:\/\/www.quaker.org.uk\/about-quakers\/our-history\/kindertransport\">Quakers in Britain: kindertransport<\/a><\/p>\n\n\n\n<p><a href=\"https:\/\/encyclopedia.ushmm.org\/content\/en\/article\/quakers\">Holocaust encyclopedia: quakers<\/a><\/p>\n\n\n\n<p><a href=\"https:\/\/www.nobelpeacesummit.com\/american-friends-service-committee-afsc\/#:~:text=Two%20Quaker%20organizations%3A%20the%20American,relief%20actions%20and%20pe\">Nobel Peace Prize info for AFSC<\/a><\/p>\n\n\n\n<p><a href=\"https:\/\/www.quakersintheworld.org\/quakers-in-action\/118\/Kindertransport\">Quakers in the world: kindertransport<\/a><\/p>\n\n\n\n<p><a href=\"https:\/\/www.iwm.org.uk\/collections\/item\/object\/80004606\">Imperial war museums: Bertha bracey<\/a><\/p>\n<\/div>\n<\/div>\n\n<p><em>Fotograf\u00eda: Un grupo de j\u00f3venes refugiados jud\u00edos llegan a Londres, tra\u00eddos a Inglaterra gracias a la labor del Kindertransport, 1939 (<a href=\"https:\/\/creativecommons.org\/licenses\/by-sa\/3.0\/de\/deed.en\">German Federal Archive<\/a>)<\/em><\/p>\n","protected":false},"excerpt":{"rendered":"<p>El Kindertransport fue un esfuerzo de evacuaci\u00f3n coordinado por jud\u00edos y gentiles que salv\u00f3 a aproximadamente 10.000 ni\u00f1os jud\u00edos y&hellip;<\/p>\n","protected":false},"author":5131,"featured_media":0,"parent":0,"menu_order":0,"comment_status":"closed","ping_status":"closed","template":"","meta":{"_acf_changed":false,"hero_banner_post_id":0,"footnotes":""},"class_list":["post-2702","page","type-page","status-publish","hentry"],"yoast_head":"<!-- This site is optimized with the Yoast SEO plugin v27.3 - https:\/\/yoast.com\/product\/yoast-seo-wordpress\/ -->\n<title>Los Amigos y el kindertransport - Quaker.org<\/title>\n<meta name=\"robots\" content=\"index, follow, max-snippet:-1, max-image-preview:large, max-video-preview:-1\" \/>\n<link rel=\"canonical\" href=\"https:\/\/quaker.org\/es\/los-amigos-y-el-kindertransport\/\" \/>\n<meta property=\"og:locale\" content=\"es_ES\" \/>\n<meta property=\"og:type\" content=\"article\" \/>\n<meta property=\"og:title\" content=\"Los Amigos y el kindertransport - Quaker.org\" \/>\n<meta property=\"og:description\" content=\"El Kindertransport fue un esfuerzo de evacuaci\u00f3n coordinado por jud\u00edos y gentiles que salv\u00f3 a aproximadamente 10.000 ni\u00f1os jud\u00edos y&hellip;\" \/>\n<meta property=\"og:url\" content=\"https:\/\/quaker.org\/es\/los-amigos-y-el-kindertransport\/\" \/>\n<meta property=\"og:site_name\" content=\"Quaker.org\" \/>\n<meta property=\"article:modified_time\" content=\"2025-08-26T21:08:37+00:00\" \/>\n<meta property=\"og:image\" content=\"https:\/\/quaker.org\/wp-content\/uploads\/sites\/3\/2023\/06\/Bundesarchiv_Bild_183-S69279_London_Ankunft_judische_Fluchtlinge.jpg\" \/>\n\t<meta property=\"og:image:width\" content=\"800\" \/>\n\t<meta property=\"og:image:height\" content=\"560\" \/>\n\t<meta property=\"og:image:type\" content=\"image\/jpeg\" \/>\n<meta name=\"twitter:card\" content=\"summary_large_image\" \/>\n<meta name=\"twitter:label1\" content=\"Est. reading time\" \/>\n\t<meta name=\"twitter:data1\" content=\"4 minutes\" \/>\n<script type=\"application\/ld+json\" class=\"yoast-schema-graph\">{\"@context\":\"https:\\\/\\\/schema.org\",\"@graph\":[{\"@type\":\"WebPage\",\"@id\":\"https:\\\/\\\/quaker.org\\\/es\\\/los-amigos-y-el-kindertransport\\\/\",\"url\":\"https:\\\/\\\/quaker.org\\\/es\\\/los-amigos-y-el-kindertransport\\\/\",\"name\":\"Los Amigos y el kindertransport - Quaker.org\",\"isPartOf\":{\"@id\":\"https:\\\/\\\/quaker.org\\\/es\\\/#website\"},\"primaryImageOfPage\":{\"@id\":\"https:\\\/\\\/quaker.org\\\/es\\\/los-amigos-y-el-kindertransport\\\/#primaryimage\"},\"image\":{\"@id\":\"https:\\\/\\\/quaker.org\\\/es\\\/los-amigos-y-el-kindertransport\\\/#primaryimage\"},\"thumbnailUrl\":\"https:\\\/\\\/quaker.org\\\/wp-content\\\/uploads\\\/sites\\\/3\\\/2023\\\/06\\\/Bundesarchiv_Bild_183-S69279_London_Ankunft_judische_Fluchtlinge.jpg\",\"datePublished\":\"2023-06-20T16:35:26+00:00\",\"dateModified\":\"2025-08-26T21:08:37+00:00\",\"breadcrumb\":{\"@id\":\"https:\\\/\\\/quaker.org\\\/es\\\/los-amigos-y-el-kindertransport\\\/#breadcrumb\"},\"inLanguage\":\"es-ES\",\"potentialAction\":[{\"@type\":\"ReadAction\",\"target\":[\"https:\\\/\\\/quaker.org\\\/es\\\/los-amigos-y-el-kindertransport\\\/\"]}]},{\"@type\":\"ImageObject\",\"inLanguage\":\"es-ES\",\"@id\":\"https:\\\/\\\/quaker.org\\\/es\\\/los-amigos-y-el-kindertransport\\\/#primaryimage\",\"url\":\"https:\\\/\\\/quaker.org\\\/wp-content\\\/uploads\\\/sites\\\/3\\\/2023\\\/06\\\/Bundesarchiv_Bild_183-S69279_London_Ankunft_judische_Fluchtlinge.jpg\",\"contentUrl\":\"https:\\\/\\\/quaker.org\\\/wp-content\\\/uploads\\\/sites\\\/3\\\/2023\\\/06\\\/Bundesarchiv_Bild_183-S69279_London_Ankunft_judische_Fluchtlinge.jpg\"},{\"@type\":\"BreadcrumbList\",\"@id\":\"https:\\\/\\\/quaker.org\\\/es\\\/los-amigos-y-el-kindertransport\\\/#breadcrumb\",\"itemListElement\":[{\"@type\":\"ListItem\",\"position\":1,\"name\":\"Home\",\"item\":\"https:\\\/\\\/quaker.org\\\/es\\\/bienvenido-a-a-quaker-org\\\/\"},{\"@type\":\"ListItem\",\"position\":2,\"name\":\"Los Amigos y el kindertransport\"}]},{\"@type\":\"WebSite\",\"@id\":\"https:\\\/\\\/quaker.org\\\/es\\\/#website\",\"url\":\"https:\\\/\\\/quaker.org\\\/es\\\/\",\"name\":\"Quaker.org\",\"description\":\"Learn about Friends\",\"publisher\":{\"@id\":\"https:\\\/\\\/quaker.org\\\/es\\\/#organization\"},\"potentialAction\":[{\"@type\":\"SearchAction\",\"target\":{\"@type\":\"EntryPoint\",\"urlTemplate\":\"https:\\\/\\\/quaker.org\\\/es\\\/?s={search_term_string}\"},\"query-input\":{\"@type\":\"PropertyValueSpecification\",\"valueRequired\":true,\"valueName\":\"search_term_string\"}}],\"inLanguage\":\"es-ES\"},{\"@type\":\"Organization\",\"@id\":\"https:\\\/\\\/quaker.org\\\/es\\\/#organization\",\"name\":\"Quaker.org\",\"url\":\"https:\\\/\\\/quaker.org\\\/es\\\/\",\"logo\":{\"@type\":\"ImageObject\",\"inLanguage\":\"es-ES\",\"@id\":\"https:\\\/\\\/quaker.org\\\/es\\\/#\\\/schema\\\/logo\\\/image\\\/\",\"url\":\"https:\\\/\\\/quaker.org\\\/wp-content\\\/uploads\\\/sites\\\/3\\\/2025\\\/08\\\/QuakerOrgLogo_BW-300x54-1.png\",\"contentUrl\":\"https:\\\/\\\/quaker.org\\\/wp-content\\\/uploads\\\/sites\\\/3\\\/2025\\\/08\\\/QuakerOrgLogo_BW-300x54-1.png\",\"width\":300,\"height\":54,\"caption\":\"Quaker.org\"},\"image\":{\"@id\":\"https:\\\/\\\/quaker.org\\\/es\\\/#\\\/schema\\\/logo\\\/image\\\/\"}}]}<\/script>\n<!-- \/ Yoast SEO plugin. -->","yoast_head_json":{"title":"Los Amigos y el kindertransport - Quaker.org","robots":{"index":"index","follow":"follow","max-snippet":"max-snippet:-1","max-image-preview":"max-image-preview:large","max-video-preview":"max-video-preview:-1"},"canonical":"https:\/\/quaker.org\/es\/los-amigos-y-el-kindertransport\/","og_locale":"es_ES","og_type":"article","og_title":"Los Amigos y el kindertransport - Quaker.org","og_description":"El Kindertransport fue un esfuerzo de evacuaci\u00f3n coordinado por jud\u00edos y gentiles que salv\u00f3 a aproximadamente 10.000 ni\u00f1os jud\u00edos y&hellip;","og_url":"https:\/\/quaker.org\/es\/los-amigos-y-el-kindertransport\/","og_site_name":"Quaker.org","article_modified_time":"2025-08-26T21:08:37+00:00","og_image":[{"width":800,"height":560,"url":"https:\/\/quaker.org\/wp-content\/uploads\/sites\/3\/2023\/06\/Bundesarchiv_Bild_183-S69279_London_Ankunft_judische_Fluchtlinge.jpg","type":"image\/jpeg"}],"twitter_card":"summary_large_image","twitter_misc":{"Est. reading time":"4 minutes"},"schema":{"@context":"https:\/\/schema.org","@graph":[{"@type":"WebPage","@id":"https:\/\/quaker.org\/es\/los-amigos-y-el-kindertransport\/","url":"https:\/\/quaker.org\/es\/los-amigos-y-el-kindertransport\/","name":"Los Amigos y el kindertransport - Quaker.org","isPartOf":{"@id":"https:\/\/quaker.org\/es\/#website"},"primaryImageOfPage":{"@id":"https:\/\/quaker.org\/es\/los-amigos-y-el-kindertransport\/#primaryimage"},"image":{"@id":"https:\/\/quaker.org\/es\/los-amigos-y-el-kindertransport\/#primaryimage"},"thumbnailUrl":"https:\/\/quaker.org\/wp-content\/uploads\/sites\/3\/2023\/06\/Bundesarchiv_Bild_183-S69279_London_Ankunft_judische_Fluchtlinge.jpg","datePublished":"2023-06-20T16:35:26+00:00","dateModified":"2025-08-26T21:08:37+00:00","breadcrumb":{"@id":"https:\/\/quaker.org\/es\/los-amigos-y-el-kindertransport\/#breadcrumb"},"inLanguage":"es-ES","potentialAction":[{"@type":"ReadAction","target":["https:\/\/quaker.org\/es\/los-amigos-y-el-kindertransport\/"]}]},{"@type":"ImageObject","inLanguage":"es-ES","@id":"https:\/\/quaker.org\/es\/los-amigos-y-el-kindertransport\/#primaryimage","url":"https:\/\/quaker.org\/wp-content\/uploads\/sites\/3\/2023\/06\/Bundesarchiv_Bild_183-S69279_London_Ankunft_judische_Fluchtlinge.jpg","contentUrl":"https:\/\/quaker.org\/wp-content\/uploads\/sites\/3\/2023\/06\/Bundesarchiv_Bild_183-S69279_London_Ankunft_judische_Fluchtlinge.jpg"},{"@type":"BreadcrumbList","@id":"https:\/\/quaker.org\/es\/los-amigos-y-el-kindertransport\/#breadcrumb","itemListElement":[{"@type":"ListItem","position":1,"name":"Home","item":"https:\/\/quaker.org\/es\/bienvenido-a-a-quaker-org\/"},{"@type":"ListItem","position":2,"name":"Los Amigos y el kindertransport"}]},{"@type":"WebSite","@id":"https:\/\/quaker.org\/es\/#website","url":"https:\/\/quaker.org\/es\/","name":"Quaker.org","description":"Learn about Friends","publisher":{"@id":"https:\/\/quaker.org\/es\/#organization"},"potentialAction":[{"@type":"SearchAction","target":{"@type":"EntryPoint","urlTemplate":"https:\/\/quaker.org\/es\/?s={search_term_string}"},"query-input":{"@type":"PropertyValueSpecification","valueRequired":true,"valueName":"search_term_string"}}],"inLanguage":"es-ES"},{"@type":"Organization","@id":"https:\/\/quaker.org\/es\/#organization","name":"Quaker.org","url":"https:\/\/quaker.org\/es\/","logo":{"@type":"ImageObject","inLanguage":"es-ES","@id":"https:\/\/quaker.org\/es\/#\/schema\/logo\/image\/","url":"https:\/\/quaker.org\/wp-content\/uploads\/sites\/3\/2025\/08\/QuakerOrgLogo_BW-300x54-1.png","contentUrl":"https:\/\/quaker.org\/wp-content\/uploads\/sites\/3\/2025\/08\/QuakerOrgLogo_BW-300x54-1.png","width":300,"height":54,"caption":"Quaker.org"},"image":{"@id":"https:\/\/quaker.org\/es\/#\/schema\/logo\/image\/"}}]}},"distributor_meta":false,"distributor_terms":false,"distributor_media":false,"distributor_original_site_name":"Quaker.org","distributor_original_site_url":"https:\/\/quaker.org\/es\/","push-errors":false,"acf":[],"_links":{"self":[{"href":"https:\/\/quaker.org\/es\/wp-json\/wp\/v2\/pages\/2702","targetHints":{"allow":["GET"]}}],"collection":[{"href":"https:\/\/quaker.org\/es\/wp-json\/wp\/v2\/pages"}],"about":[{"href":"https:\/\/quaker.org\/es\/wp-json\/wp\/v2\/types\/page"}],"author":[{"embeddable":true,"href":"https:\/\/quaker.org\/es\/wp-json\/wp\/v2\/users\/5131"}],"replies":[{"embeddable":true,"href":"https:\/\/quaker.org\/es\/wp-json\/wp\/v2\/comments?post=2702"}],"version-history":[{"count":1,"href":"https:\/\/quaker.org\/es\/wp-json\/wp\/v2\/pages\/2702\/revisions"}],"predecessor-version":[{"id":2703,"href":"https:\/\/quaker.org\/es\/wp-json\/wp\/v2\/pages\/2702\/revisions\/2703"}],"wp:attachment":[{"href":"https:\/\/quaker.org\/es\/wp-json\/wp\/v2\/media?parent=2702"}],"curies":[{"name":"wp","href":"https:\/\/api.w.org\/{rel}","templated":true}]}}