{"id":2698,"date":"2024-10-22T19:49:54","date_gmt":"2024-10-22T19:49:54","guid":{"rendered":"https:\/\/quaker.org\/son-inclusivas-las-reuniones-cuaqueras\/"},"modified":"2025-09-05T15:07:36","modified_gmt":"2025-09-05T15:07:36","slug":"son-inclusivas-las-reuniones-cuaqueras","status":"publish","type":"page","link":"https:\/\/quaker.org\/es\/son-inclusivas-las-reuniones-cuaqueras\/","title":{"rendered":"\u00bfSon inclusivas las reuniones cu\u00e1queras?"},"content":{"rendered":"\n<div class=\"wp-block-columns is-layout-flex wp-container-core-columns-is-layout-9d6595d7 wp-block-columns-is-layout-flex\">\n<div class=\"wp-block-column is-layout-flow wp-block-column-is-layout-flow\" style=\"flex-basis:50%\">\n<p>Algunos cu\u00e1queros blancos en los Estados Unidos est\u00e1n participando en un trabajo antirracista y buscando crear juntas m\u00e1s inclusivas. Ese trabajo incluye un examen franco del historial de participaci\u00f3n de los cu\u00e1queros blancos estadounidenses en la supremac\u00eda blanca, as\u00ed como un reconocimiento de las formas en que Los Amigos de hoy contin\u00faan benefici\u00e1ndose de sus privilegios. Tambi\u00e9n incluye un compromiso p\u00fablico para reparar estos errores. Como recomienda <a href=\"https:\/\/www.theblackquakerproject.org\/\">the Black Quaker Project<\/a> en su sitio web, \u201cLos Amigos deben dedicarse a la reconciliaci\u00f3n, as\u00ed como a la rehabilitaci\u00f3n y curaci\u00f3n social, econ\u00f3mica, psicol\u00f3gica, cultural y pol\u00edtica\u201d.   <\/p>\n\n\n\n<p>Una indicaci\u00f3n de que una junta est\u00e1 trabajando hacia una mayor inclusividad es una minuta antirracista. Cuando hables con miembros de una junta cu\u00e1quera, puedes preguntar si su junta alguna vez ha registrado tal minuta; tambi\u00e9n podr\u00edas encontrarla exhibida en su sitio web. The Black Quaker Project sugiere que tal minuta podr\u00eda contener una admisi\u00f3n del papel que las generaciones anteriores de cu\u00e1queros jugaron en la esclavitud de personas africanas, y de las formas en que Los Amigos contempor\u00e1neos contin\u00faan benefici\u00e1ndose de la riqueza generada por una econom\u00eda construida sobre la mano de obra esclava. Tambi\u00e9n podr\u00eda declarar la intenci\u00f3n de la junta de enmendar esa historia de opresi\u00f3n dirigida a personas de color.   <\/p>\n<\/div>\n\n\n\n<div class=\"wp-block-column is-layout-flow wp-block-column-is-layout-flow\" style=\"flex-basis:50%\">\n<figure class=\"wp-block-embed is-type-video is-provider-youtube wp-block-embed-youtube wp-embed-aspect-16-9 wp-has-aspect-ratio\"><div class=\"wp-block-embed__wrapper\">\n<iframe loading=\"lazy\" title=\"What\u2019s the Difference Between a Welcoming and an Inclusive Space?\" width=\"500\" height=\"281\" src=\"https:\/\/www.youtube.com\/embed\/A6jrtMCE6PQ?feature=oembed\" frameborder=\"0\" allow=\"accelerometer; autoplay; clipboard-write; encrypted-media; gyroscope; picture-in-picture; web-share\" referrerpolicy=\"strict-origin-when-cross-origin\" allowfullscreen><\/iframe>\n<\/div><figcaption class=\"wp-element-caption\"><em>\u00abNo tiene que ser perfecto, pero tiene que estar realmente intent\u00e1ndolo y realmente funcionando, y tenemos que detenernos y decir: \u00bfhay voces que no estamos escuchando?\u00bb<\/em><\/figcaption><\/figure>\n\n\n\n<p class=\"has-background\" style=\"background:linear-gradient(135deg,rgb(222,222,222) 0%,rgb(222,222,222) 100%)\"><strong>VER TAMBI\u00c9N: <a href=\"https:\/\/quaker.org\/es\/como-encuentro-una-iglesia-de-los-amigos-o-quaker-meeting-amigable-con-la-comunidad-lgbtq\/\">\u00bfSon Los Amigos afirmativos con la comunidad LGBTQ+?<\/a><\/strong><\/p>\n<\/div>\n<\/div>\n\n<p>Por ejemplo, la Junta de Abington en Pensilvania adopt\u00f3 una <a href=\"https:\/\/abingtonmonthly.hubb.church\/Groups\/394634\/Reconciliation_Minute.aspx\">Minuta de Reconciliaci\u00f3n<\/a> en 2021 que dice, en parte: <\/p>\n\n<blockquote class=\"wp-block-quote is-layout-flow wp-block-quote-is-layout-flow\">\n<p>\u00abReconocemos que la tierra que actualmente ocupan nuestra casa de reuni\u00f3n y escuela fue una vez el hogar de los Lenni-Lenape. Tambi\u00e9n reconocemos que los primeros miembros de nuestra Junta fueron miembros de la poblaci\u00f3n colona blanca que se benefici\u00f3 de la toma de tierras y de la violencia cometida contra los pueblos ind\u00edgenas como resultado de acciones tales como la Doctrina del Descubrimiento, la Compra a pie y las Escuelas Indias de Internado Cu\u00e1queras. Reconocemos que algunos de los primeros miembros de nuestra Junta fueron esclavistas y que la esclavitud de africanos contribuy\u00f3 a la riqueza acumulada que tenemos hoy. Pedimos disculpas porque estas verdades no hayan sido plenamente reconocidas por nosotros antes y porque estas acciones han contribuido al trauma f\u00edsico y emocional que todav\u00eda se experimenta hoy\u00bb.<\/p>\n<\/blockquote>\n\n<p>La minuta establece que los miembros buscan honrar el legado de los abolicionistas. Tienen la intenci\u00f3n de expiar el maltrato de generaciones anteriores a personas negras e ind\u00edgenas mediante el establecimiento del Fondo de Reparaciones Bothwell. <\/p>\n\n<p>La Junta de Los Amigos de Cannon Valley en Northfield, Minnesota, adopt\u00f3 <a href=\"https:\/\/cannonvalleyfriendsorg.wordpress.com\/about-2\/minutes\/cannon-valley-friends-meeting-minute-on-racism-and-anti-racism\/\">una minuta que usa un lenguaje similar<\/a>. <\/p>\n\n<p>Bas\u00e1ndose en el folleto de Pendle Hill <em><a href=\"https:\/\/www.friendsjournal.org\/book\/race-systemic-violence-and-retrospective-justice-an-african-american-quaker-scholar-activist-challenges-conventional-narratives\/\">Race, Systemic Violence, and Retrospective Justice<\/a><\/em> de Harold D. Weaver, la minuta de Cannon Valley contin\u00faa describiendo algunos ejemplos de c\u00f3mo se mantiene el privilegio blanco en la actualidad. Los ejemplos incluyen no ense\u00f1ar la historia de personas negras, ind\u00edgenas y de color, la violencia por parte de agentes de polic\u00eda, la discriminaci\u00f3n en la contrataci\u00f3n y la falta de financiaci\u00f3n para las escuelas que atienden predominantemente a estudiantes de color. <\/p>\n\n<p>Adem\u00e1s de cualquier esfuerzo de inclusi\u00f3n que una junta local pueda estar haciendo, las personas de color que buscan comunidad y apoyo dentro de la comunidad m\u00e1s amplia de Los Amigos pueden asistir a dos reuniones virtuales semanales de adoraci\u00f3n, <a href=\"https:\/\/www.fgcquaker.org\/fgcprograms\/ministry-on-racism\/programs\/\">patrocinadas por la Conferencia General de Los Amigos<\/a>, destinadas espec\u00edficamente a cu\u00e1queros de color. FGC tambi\u00e9n celebra una reuni\u00f3n de adoraci\u00f3n mensual adicional, y dos reuniones virtuales mensuales m\u00e1s para mujeres BIPOC. <\/p>\n\n<p>Mientras tanto, Los Amigos de ascendencia europea que deseen trabajar contra el racismo pueden asistir a la reuni\u00f3n virtual de adoraci\u00f3n de FGC para <a href=\"https:\/\/www.fgcquaker.org\/fgcprograms\/ministry-on-racism\/programs\/wfcr\/\">Los Amigos blancos que confrontan el racismo<\/a>, o a su <a href=\"https:\/\/www.fgcquaker.org\/fgcprograms\/ministry-on-racism\/white-privilege-conference\/\">Conferencia anual sobre el privilegio blanco<\/a>.<\/p>\n\n<p>No podemos prometer que cada junta cu\u00e1quera est\u00e9 guiada por tal esp\u00edritu de inclusi\u00f3n, o incluso que cada Amigo dentro de una junta que profesa un compromiso con la diversidad, la igualdad y la inclusi\u00f3n est\u00e9 totalmente de acuerdo con esa misi\u00f3n. Aunque la plena igualdad de todas las personas a los ojos de Dios ha sido una creencia central del cuaquerismo casi desde el principio, generaciones de cu\u00e1queros socavaron esa creencia por su trato perjudicial a las personas de color. Incluso hoy en d\u00eda, algunos Amigos blancos, y algunas juntas, han avanzado m\u00e1s en el examen de sus privilegios que otros. Pero somos optimistas de que cada vez m\u00e1s Amigos est\u00e1n emprendiendo el esfuerzo de abordar el legado del racismo en nuestra sociedad. La mejor manera de averiguar si Los Amigos que has conocido est\u00e1n haciendo ese trabajo es pasar tiempo con ellos.    <\/p>\n\n<p><strong>SIGUIENTE: <a href=\"https:\/\/quaker.org\/es\/como-puedo-convertirme-en-cuaquero\/\">\u00bfC\u00f3mo puedo hacerme cu\u00e1quero?<\/a><\/strong><\/p>\n\n<div class=\"wp-block-group has-background is-layout-constrained wp-block-group-is-layout-constrained\" style=\"background:linear-gradient(135deg,rgb(222,222,222) 0%,rgb(222,222,222) 100%)\">\n<h3 class=\"wp-block-heading\">Obt\u00e9n m\u00e1s informaci\u00f3n en <em>friends journal<\/em><\/h3>\n\n\n\n<p>\u00ab<a href=\"https:\/\/www.friendsjournal.org\/role-white-quakers-ending-racism\/\">The Role of White Quakers in Ending Racism<\/a>\u00bb, Dorothy H.L. Carroll<\/p>\n\n\n\n<p>\u00ab<a href=\"https:\/\/www.friendsjournal.org\/2003123\/\">Friends, Race, and Systemic Change<\/a>\u00bb, Andrea Ayvazian<\/p>\n\n\n\n<p>\u00ab<a href=\"https:\/\/www.friendsjournal.org\/journey-toward-eliminating-racism-religious-society-friends\/\">A Journey toward Eliminating Racism in the Religious Society of Friends<\/a>\u00bb, Vanessa Julye<\/p>\n\n\n\n<p>\u00ab<a href=\"https:\/\/www.friendsjournal.org\/recognizing-racism-seeking-truth\/\">Recognizing Racism, Seeking Truth<\/a>\u00bb, Inga Erickson<\/p>\n\n\n\n<p>\u00ab<a href=\"https:\/\/www.friendsjournal.org\/quaker-antiracist-reading-list\/\">A Quaker Antiracist Reading List<\/a>\u00bb, FJ Staff<\/p>\n<\/div>\n","protected":false},"excerpt":{"rendered":"<p>Algunos cu\u00e1queros blancos en los Estados Unidos est\u00e1n participando en un trabajo antirracista y buscando crear juntas m\u00e1s inclusivas. Ese&hellip;<\/p>\n","protected":false},"author":5131,"featured_media":0,"parent":0,"menu_order":0,"comment_status":"closed","ping_status":"closed","template":"","meta":{"_acf_changed":false,"hero_banner_post_id":0,"footnotes":""},"class_list":["post-2698","page","type-page","status-publish","hentry"],"yoast_head":"<!-- This site is optimized with the Yoast SEO plugin v27.4 - https:\/\/yoast.com\/product\/yoast-seo-wordpress\/ -->\n<title>\u00bfSon inclusivas las reuniones cu\u00e1queras? - Quaker.org<\/title>\n<meta name=\"description\" content=\"Cada vez m\u00e1s cu\u00e1queros est\u00e1n trabajando para abordar el legado del racismo en la Sociedad Religiosa de los Amigos.\" \/>\n<meta name=\"robots\" content=\"index, follow, max-snippet:-1, max-image-preview:large, max-video-preview:-1\" \/>\n<link rel=\"canonical\" href=\"https:\/\/quaker.org\/es\/son-inclusivas-las-reuniones-cuaqueras\/\" \/>\n<meta property=\"og:locale\" content=\"es_ES\" \/>\n<meta property=\"og:type\" content=\"article\" \/>\n<meta property=\"og:title\" content=\"\u00bfSon inclusivas las reuniones cu\u00e1queras? - Quaker.org\" \/>\n<meta property=\"og:description\" content=\"Cada vez m\u00e1s cu\u00e1queros est\u00e1n trabajando para abordar el legado del racismo en la Sociedad Religiosa de los Amigos.\" \/>\n<meta property=\"og:url\" content=\"https:\/\/quaker.org\/es\/son-inclusivas-las-reuniones-cuaqueras\/\" \/>\n<meta property=\"og:site_name\" content=\"Quaker.org\" \/>\n<meta property=\"article:modified_time\" content=\"2025-09-05T15:07:36+00:00\" \/>\n<meta name=\"twitter:card\" content=\"summary_large_image\" \/>\n<meta name=\"twitter:label1\" content=\"Est. reading time\" \/>\n\t<meta name=\"twitter:data1\" content=\"5 minutes\" \/>\n<script type=\"application\/ld+json\" class=\"yoast-schema-graph\">{\"@context\":\"https:\\\/\\\/schema.org\",\"@graph\":[{\"@type\":\"WebPage\",\"@id\":\"https:\\\/\\\/quaker.org\\\/es\\\/son-inclusivas-las-reuniones-cuaqueras\\\/\",\"url\":\"https:\\\/\\\/quaker.org\\\/es\\\/son-inclusivas-las-reuniones-cuaqueras\\\/\",\"name\":\"\u00bfSon inclusivas las reuniones cu\u00e1queras? - Quaker.org\",\"isPartOf\":{\"@id\":\"https:\\\/\\\/quaker.org\\\/es\\\/#website\"},\"datePublished\":\"2024-10-22T19:49:54+00:00\",\"dateModified\":\"2025-09-05T15:07:36+00:00\",\"description\":\"Cada vez m\u00e1s cu\u00e1queros est\u00e1n trabajando para abordar el legado del racismo en la Sociedad Religiosa de los Amigos.\",\"breadcrumb\":{\"@id\":\"https:\\\/\\\/quaker.org\\\/es\\\/son-inclusivas-las-reuniones-cuaqueras\\\/#breadcrumb\"},\"inLanguage\":\"es-ES\",\"potentialAction\":[{\"@type\":\"ReadAction\",\"target\":[\"https:\\\/\\\/quaker.org\\\/es\\\/son-inclusivas-las-reuniones-cuaqueras\\\/\"]}]},{\"@type\":\"BreadcrumbList\",\"@id\":\"https:\\\/\\\/quaker.org\\\/es\\\/son-inclusivas-las-reuniones-cuaqueras\\\/#breadcrumb\",\"itemListElement\":[{\"@type\":\"ListItem\",\"position\":1,\"name\":\"Home\",\"item\":\"https:\\\/\\\/quaker.org\\\/es\\\/bienvenido-a-a-quaker-org\\\/\"},{\"@type\":\"ListItem\",\"position\":2,\"name\":\"\u00bfSon inclusivas las reuniones cu\u00e1queras?\"}]},{\"@type\":\"WebSite\",\"@id\":\"https:\\\/\\\/quaker.org\\\/es\\\/#website\",\"url\":\"https:\\\/\\\/quaker.org\\\/es\\\/\",\"name\":\"Quaker.org\",\"description\":\"Learn about Friends\",\"publisher\":{\"@id\":\"https:\\\/\\\/quaker.org\\\/es\\\/#organization\"},\"potentialAction\":[{\"@type\":\"SearchAction\",\"target\":{\"@type\":\"EntryPoint\",\"urlTemplate\":\"https:\\\/\\\/quaker.org\\\/es\\\/?s={search_term_string}\"},\"query-input\":{\"@type\":\"PropertyValueSpecification\",\"valueRequired\":true,\"valueName\":\"search_term_string\"}}],\"inLanguage\":\"es-ES\"},{\"@type\":\"Organization\",\"@id\":\"https:\\\/\\\/quaker.org\\\/es\\\/#organization\",\"name\":\"Quaker.org\",\"url\":\"https:\\\/\\\/quaker.org\\\/es\\\/\",\"logo\":{\"@type\":\"ImageObject\",\"inLanguage\":\"es-ES\",\"@id\":\"https:\\\/\\\/quaker.org\\\/es\\\/#\\\/schema\\\/logo\\\/image\\\/\",\"url\":\"https:\\\/\\\/quaker.org\\\/wp-content\\\/uploads\\\/sites\\\/3\\\/2025\\\/08\\\/QuakerOrgLogo_BW-300x54-1.png\",\"contentUrl\":\"https:\\\/\\\/quaker.org\\\/wp-content\\\/uploads\\\/sites\\\/3\\\/2025\\\/08\\\/QuakerOrgLogo_BW-300x54-1.png\",\"width\":300,\"height\":54,\"caption\":\"Quaker.org\"},\"image\":{\"@id\":\"https:\\\/\\\/quaker.org\\\/es\\\/#\\\/schema\\\/logo\\\/image\\\/\"}}]}<\/script>\n<!-- \/ Yoast SEO plugin. -->","yoast_head_json":{"title":"\u00bfSon inclusivas las reuniones cu\u00e1queras? - Quaker.org","description":"Cada vez m\u00e1s cu\u00e1queros est\u00e1n trabajando para abordar el legado del racismo en la Sociedad Religiosa de los Amigos.","robots":{"index":"index","follow":"follow","max-snippet":"max-snippet:-1","max-image-preview":"max-image-preview:large","max-video-preview":"max-video-preview:-1"},"canonical":"https:\/\/quaker.org\/es\/son-inclusivas-las-reuniones-cuaqueras\/","og_locale":"es_ES","og_type":"article","og_title":"\u00bfSon inclusivas las reuniones cu\u00e1queras? - Quaker.org","og_description":"Cada vez m\u00e1s cu\u00e1queros est\u00e1n trabajando para abordar el legado del racismo en la Sociedad Religiosa de los Amigos.","og_url":"https:\/\/quaker.org\/es\/son-inclusivas-las-reuniones-cuaqueras\/","og_site_name":"Quaker.org","article_modified_time":"2025-09-05T15:07:36+00:00","twitter_card":"summary_large_image","twitter_misc":{"Est. reading time":"5 minutes"},"schema":{"@context":"https:\/\/schema.org","@graph":[{"@type":"WebPage","@id":"https:\/\/quaker.org\/es\/son-inclusivas-las-reuniones-cuaqueras\/","url":"https:\/\/quaker.org\/es\/son-inclusivas-las-reuniones-cuaqueras\/","name":"\u00bfSon inclusivas las reuniones cu\u00e1queras? - Quaker.org","isPartOf":{"@id":"https:\/\/quaker.org\/es\/#website"},"datePublished":"2024-10-22T19:49:54+00:00","dateModified":"2025-09-05T15:07:36+00:00","description":"Cada vez m\u00e1s cu\u00e1queros est\u00e1n trabajando para abordar el legado del racismo en la Sociedad Religiosa de los Amigos.","breadcrumb":{"@id":"https:\/\/quaker.org\/es\/son-inclusivas-las-reuniones-cuaqueras\/#breadcrumb"},"inLanguage":"es-ES","potentialAction":[{"@type":"ReadAction","target":["https:\/\/quaker.org\/es\/son-inclusivas-las-reuniones-cuaqueras\/"]}]},{"@type":"BreadcrumbList","@id":"https:\/\/quaker.org\/es\/son-inclusivas-las-reuniones-cuaqueras\/#breadcrumb","itemListElement":[{"@type":"ListItem","position":1,"name":"Home","item":"https:\/\/quaker.org\/es\/bienvenido-a-a-quaker-org\/"},{"@type":"ListItem","position":2,"name":"\u00bfSon inclusivas las reuniones cu\u00e1queras?"}]},{"@type":"WebSite","@id":"https:\/\/quaker.org\/es\/#website","url":"https:\/\/quaker.org\/es\/","name":"Quaker.org","description":"Learn about Friends","publisher":{"@id":"https:\/\/quaker.org\/es\/#organization"},"potentialAction":[{"@type":"SearchAction","target":{"@type":"EntryPoint","urlTemplate":"https:\/\/quaker.org\/es\/?s={search_term_string}"},"query-input":{"@type":"PropertyValueSpecification","valueRequired":true,"valueName":"search_term_string"}}],"inLanguage":"es-ES"},{"@type":"Organization","@id":"https:\/\/quaker.org\/es\/#organization","name":"Quaker.org","url":"https:\/\/quaker.org\/es\/","logo":{"@type":"ImageObject","inLanguage":"es-ES","@id":"https:\/\/quaker.org\/es\/#\/schema\/logo\/image\/","url":"https:\/\/quaker.org\/wp-content\/uploads\/sites\/3\/2025\/08\/QuakerOrgLogo_BW-300x54-1.png","contentUrl":"https:\/\/quaker.org\/wp-content\/uploads\/sites\/3\/2025\/08\/QuakerOrgLogo_BW-300x54-1.png","width":300,"height":54,"caption":"Quaker.org"},"image":{"@id":"https:\/\/quaker.org\/es\/#\/schema\/logo\/image\/"}}]}},"distributor_meta":false,"distributor_terms":false,"distributor_media":false,"distributor_original_site_name":"Quaker.org","distributor_original_site_url":"https:\/\/quaker.org\/es\/","push-errors":false,"acf":[],"_links":{"self":[{"href":"https:\/\/quaker.org\/es\/wp-json\/wp\/v2\/pages\/2698","targetHints":{"allow":["GET"]}}],"collection":[{"href":"https:\/\/quaker.org\/es\/wp-json\/wp\/v2\/pages"}],"about":[{"href":"https:\/\/quaker.org\/es\/wp-json\/wp\/v2\/types\/page"}],"author":[{"embeddable":true,"href":"https:\/\/quaker.org\/es\/wp-json\/wp\/v2\/users\/5131"}],"replies":[{"embeddable":true,"href":"https:\/\/quaker.org\/es\/wp-json\/wp\/v2\/comments?post=2698"}],"version-history":[{"count":2,"href":"https:\/\/quaker.org\/es\/wp-json\/wp\/v2\/pages\/2698\/revisions"}],"predecessor-version":[{"id":2752,"href":"https:\/\/quaker.org\/es\/wp-json\/wp\/v2\/pages\/2698\/revisions\/2752"}],"wp:attachment":[{"href":"https:\/\/quaker.org\/es\/wp-json\/wp\/v2\/media?parent=2698"}],"curies":[{"name":"wp","href":"https:\/\/api.w.org\/{rel}","templated":true}]}}