{"id":2269,"date":"2022-01-20T20:27:55","date_gmt":"2022-01-20T20:27:55","guid":{"rendered":"https:\/\/quaker.org\/?page_id=2269"},"modified":"2025-10-21T14:17:06","modified_gmt":"2025-10-21T14:17:06","slug":"que-quieren-decir-los-cuaqueros-con-la-luz-interior","status":"publish","type":"page","link":"https:\/\/quaker.org\/es\/que-quieren-decir-los-cuaqueros-con-la-luz-interior\/","title":{"rendered":"\u00bfQu\u00e9 quieren decir Los Amigos con la \u00abLuz Interior\u00bb?"},"content":{"rendered":"\n<div class=\"wp-block-columns is-layout-flex wp-container-core-columns-is-layout-9d6595d7 wp-block-columns-is-layout-flex\">\n<div class=\"wp-block-column is-layout-flow wp-block-column-is-layout-flow\" style=\"flex-basis:50%\">\n<p><a href=\"https:\/\/quaker.org\/es\/que-creen-los-cuaqueros-sobre-jesus\/\">Mencionamos antes<\/a> que, desde el principio, los Amigos han cre\u00eddo que hay \u201calgo de Dios en cada persona\u201d. En los primeros d\u00edas del cuaquerismo, hace casi cuatro siglos, esto se consideraba a menudo una \u201c<em>luz<\/em> interior\u201d y se asociaba espec\u00edficamente con Jesucristo, \u201cla luz del mundo\u201d. El culto silencioso surgi\u00f3 porque George Fox y otros cu\u00e1queros primitivos cre\u00edan que el silencio y la quietud permitir\u00edan a las personas aprehender la presencia de la Luz Interior, que les mostrar\u00eda la verdad inquebrantable sobre sus vidas, incluyendo lo que deb\u00edan hacer para alinearse con la voluntad de Dios.<\/p>\n<\/div>\n\n\n\n<div class=\"wp-block-column is-layout-flow wp-block-column-is-layout-flow\" style=\"flex-basis:50%\">\n<figure class=\"wp-block-embed is-type-video is-provider-youtube wp-block-embed-youtube wp-embed-aspect-16-9 wp-has-aspect-ratio\"><div class=\"wp-block-embed__wrapper\">\n<iframe loading=\"lazy\" title=\"Quakers and the Light\" width=\"500\" height=\"281\" src=\"https:\/\/www.youtube.com\/embed\/x0SLPW0JHsU?feature=oembed\" frameborder=\"0\" allow=\"accelerometer; autoplay; clipboard-write; encrypted-media; gyroscope; picture-in-picture; web-share\" referrerpolicy=\"strict-origin-when-cross-origin\" allowfullscreen><\/iframe>\n<\/div><\/figure>\n<\/div>\n<\/div>\n\n<p>Como concepto, era similar a lo que muchas denominaciones cristianas consideran la gracia, y a menudo se escrib\u00eda y hablaba de ella como sin\u00f3nimo de gracia. La imagen era la de una luz divina, lo suficientemente poderosa como para iluminar los rincones m\u00e1s profundos de nuestras almas; era una luz que brillaba sobre nosotros y penetraba en nosotros. Hace poco m\u00e1s de un siglo, los cu\u00e1queros, sobre todo Rufus Jones, replantearon esa imagen hablando de una luz <em>interior<\/em>, \u201calgo de Dios\u201d que pod\u00eda encontrarse dentro de cada alma humana.<\/p>\n\n<p>Esta se ha convertido en una de las interpretaciones m\u00e1s populares de la \u201cLuz Interior\u201d entre Los Amigos hoy en d\u00eda, especialmente en el Reino Unido y los Estados Unidos. Algunos Amigos, especialmente dentro de un marco cristiano tradicional, ven \u201calgo de Dios en cada persona\u201d como un reconocimiento de nuestro estatus como parte de la creaci\u00f3n de Dios; otros, adoptando una perspectiva universalista, podr\u00edan pensar en ello como una chispa real de divinidad dentro de cada uno de nosotros. En cualquier caso, esta noci\u00f3n de que todo el mundo tiene \u201calgo de Dios\u201d dentro de s\u00ed se ha convertido en uno de los fundamentos de la creencia de Los Amigos en la plena igualdad entre todas las personas.<\/p>\n\n<p>La frase &#8220;<em>Orar por (alguien\/algo)<\/em>&#8221; tambi\u00e9n se ha hecho popular en las \u00faltimas d\u00e9cadas, aproximadamente sin\u00f3nimo de &#8220;mantener (a alguien\/algo) en los pensamientos y oraciones de uno&#8221;. Al igual que la propia Luz, es una expresi\u00f3n que puede tener un significado diferente para cristianos y no cristianos, as\u00ed como para aquellos que no creen en Dios pero s\u00ed creen en una fuerza universal de un tipo u otro.<\/p>\n\n<p><strong>Siguiente: <\/strong><em><strong><a href=\"https:\/\/quaker.org\/es\/como-adoran-los-cuaqueros\/\">\u00bfC\u00f3mo adoran Los Amigos?<\/a><\/strong><\/em><\/p>\n\n<div class=\"wp-block-columns has-background is-layout-flex wp-container-core-columns-is-layout-9d6595d7 wp-block-columns-is-layout-flex\" style=\"background-color:#dedede\">\n<div class=\"wp-block-column is-layout-flow wp-block-column-is-layout-flow\" style=\"flex-basis:50%\">\n<h4 class=\"wp-block-heading\">M\u00e1s informaci\u00f3n en <em>Friends Journal<\/em><\/h4>\n<\/div>\n\n\n\n<div class=\"wp-block-column is-layout-flow wp-block-column-is-layout-flow\" style=\"flex-basis:50%\">\n<p>\u00ab<a href=\"https:\/\/www.friendsjournal.org\/to-hold-in-the-light\/\">Orar por<\/a>\u00bb, Ruthanne Hackman<\/p>\n\n\n\n<p>\u00ab<a href=\"https:\/\/www.friendsjournal.org\/2003066\/\">Luz Interior y Luz Exterior<\/a>\u00bb, Paul Buckley<\/p>\n\n\n\n<p>\u00ab<a href=\"https:\/\/www.friendsjournal.org\/2009077\/\">Los Amigos dentro de la Luz de Dios<\/a>\u00bb, Jnana Hodson<\/p>\n\n\n\n<p>\u00ab<a href=\"https:\/\/www.friendsjournal.org\/seeing-the-inner-light-at-ananda-village\/\">Viendo la Luz Interior en Ananda Village<\/a>\u00bb, Donald W. McCormick<\/p>\n<\/div>\n<\/div>\n","protected":false},"excerpt":{"rendered":"<p>Mencionamos antes que, desde el principio, los Amigos han cre\u00eddo que hay \u201calgo de Dios en cada persona\u201d. En los&hellip;<\/p>\n","protected":false},"author":5131,"featured_media":0,"parent":0,"menu_order":0,"comment_status":"closed","ping_status":"closed","template":"","meta":{"_acf_changed":false,"hero_banner_post_id":0,"footnotes":""},"class_list":["post-2269","page","type-page","status-publish","hentry"],"yoast_head":"<!-- This site is optimized with the Yoast SEO plugin v27.3 - https:\/\/yoast.com\/product\/yoast-seo-wordpress\/ -->\n<title>\u00bfQu\u00e9 quieren decir los cu\u00e1queros con la Luz Interior? - Creencias de los cu\u00e1queros<\/title>\n<meta name=\"description\" content=\"Los Amigos creen que hay \u201calgo de Dios en cada persona\u201d. Esto se considera una \u201cluz interior\u201d, asociada con Jesucristo, \u201cla luz del mundo\u201d. M\u00e1s informaci\u00f3n\" \/>\n<meta name=\"robots\" content=\"index, follow, max-snippet:-1, max-image-preview:large, max-video-preview:-1\" \/>\n<link rel=\"canonical\" href=\"https:\/\/quaker.org\/es\/que-quieren-decir-los-cuaqueros-con-la-luz-interior\/\" \/>\n<meta property=\"og:locale\" content=\"es_ES\" \/>\n<meta property=\"og:type\" content=\"article\" \/>\n<meta property=\"og:title\" content=\"\u00bfQu\u00e9 quieren decir los cu\u00e1queros con la Luz Interior? - Creencias de los cu\u00e1queros\" \/>\n<meta property=\"og:description\" content=\"Los Amigos creen que hay \u201calgo de Dios en cada persona\u201d. Esto se considera una \u201cluz interior\u201d, asociada con Jesucristo, \u201cla luz del mundo\u201d. M\u00e1s informaci\u00f3n\" \/>\n<meta property=\"og:url\" content=\"https:\/\/quaker.org\/es\/que-quieren-decir-los-cuaqueros-con-la-luz-interior\/\" \/>\n<meta property=\"og:site_name\" content=\"Quaker.org\" \/>\n<meta property=\"article:modified_time\" content=\"2025-10-21T14:17:06+00:00\" \/>\n<meta name=\"twitter:card\" content=\"summary_large_image\" \/>\n<meta name=\"twitter:label1\" content=\"Est. reading time\" \/>\n\t<meta name=\"twitter:data1\" content=\"2 minutes\" \/>\n<script type=\"application\/ld+json\" class=\"yoast-schema-graph\">{\"@context\":\"https:\\\/\\\/schema.org\",\"@graph\":[{\"@type\":\"WebPage\",\"@id\":\"https:\\\/\\\/quaker.org\\\/es\\\/que-quieren-decir-los-cuaqueros-con-la-luz-interior\\\/\",\"url\":\"https:\\\/\\\/quaker.org\\\/es\\\/que-quieren-decir-los-cuaqueros-con-la-luz-interior\\\/\",\"name\":\"\u00bfQu\u00e9 quieren decir los cu\u00e1queros con la Luz Interior? - Creencias de los cu\u00e1queros\",\"isPartOf\":{\"@id\":\"https:\\\/\\\/quaker.org\\\/es\\\/#website\"},\"datePublished\":\"2022-01-20T20:27:55+00:00\",\"dateModified\":\"2025-10-21T14:17:06+00:00\",\"description\":\"Los Amigos creen que hay \u201calgo de Dios en cada persona\u201d. Esto se considera una \u201cluz interior\u201d, asociada con Jesucristo, \u201cla luz del mundo\u201d. M\u00e1s informaci\u00f3n\",\"breadcrumb\":{\"@id\":\"https:\\\/\\\/quaker.org\\\/es\\\/que-quieren-decir-los-cuaqueros-con-la-luz-interior\\\/#breadcrumb\"},\"inLanguage\":\"es-ES\",\"potentialAction\":[{\"@type\":\"ReadAction\",\"target\":[\"https:\\\/\\\/quaker.org\\\/es\\\/que-quieren-decir-los-cuaqueros-con-la-luz-interior\\\/\"]}]},{\"@type\":\"BreadcrumbList\",\"@id\":\"https:\\\/\\\/quaker.org\\\/es\\\/que-quieren-decir-los-cuaqueros-con-la-luz-interior\\\/#breadcrumb\",\"itemListElement\":[{\"@type\":\"ListItem\",\"position\":1,\"name\":\"Home\",\"item\":\"https:\\\/\\\/quaker.org\\\/es\\\/bienvenido-a-a-quaker-org\\\/\"},{\"@type\":\"ListItem\",\"position\":2,\"name\":\"\u00bfQu\u00e9 quieren decir Los Amigos con la \u00abLuz Interior\u00bb?\"}]},{\"@type\":\"WebSite\",\"@id\":\"https:\\\/\\\/quaker.org\\\/es\\\/#website\",\"url\":\"https:\\\/\\\/quaker.org\\\/es\\\/\",\"name\":\"Quaker.org\",\"description\":\"Learn about Friends\",\"publisher\":{\"@id\":\"https:\\\/\\\/quaker.org\\\/es\\\/#organization\"},\"potentialAction\":[{\"@type\":\"SearchAction\",\"target\":{\"@type\":\"EntryPoint\",\"urlTemplate\":\"https:\\\/\\\/quaker.org\\\/es\\\/?s={search_term_string}\"},\"query-input\":{\"@type\":\"PropertyValueSpecification\",\"valueRequired\":true,\"valueName\":\"search_term_string\"}}],\"inLanguage\":\"es-ES\"},{\"@type\":\"Organization\",\"@id\":\"https:\\\/\\\/quaker.org\\\/es\\\/#organization\",\"name\":\"Quaker.org\",\"url\":\"https:\\\/\\\/quaker.org\\\/es\\\/\",\"logo\":{\"@type\":\"ImageObject\",\"inLanguage\":\"es-ES\",\"@id\":\"https:\\\/\\\/quaker.org\\\/es\\\/#\\\/schema\\\/logo\\\/image\\\/\",\"url\":\"https:\\\/\\\/quaker.org\\\/wp-content\\\/uploads\\\/sites\\\/3\\\/2025\\\/08\\\/QuakerOrgLogo_BW-300x54-1.png\",\"contentUrl\":\"https:\\\/\\\/quaker.org\\\/wp-content\\\/uploads\\\/sites\\\/3\\\/2025\\\/08\\\/QuakerOrgLogo_BW-300x54-1.png\",\"width\":300,\"height\":54,\"caption\":\"Quaker.org\"},\"image\":{\"@id\":\"https:\\\/\\\/quaker.org\\\/es\\\/#\\\/schema\\\/logo\\\/image\\\/\"}}]}<\/script>\n<!-- \/ Yoast SEO plugin. -->","yoast_head_json":{"title":"\u00bfQu\u00e9 quieren decir los cu\u00e1queros con la Luz Interior? - Creencias de los cu\u00e1queros","description":"Los Amigos creen que hay \u201calgo de Dios en cada persona\u201d. Esto se considera una \u201cluz interior\u201d, asociada con Jesucristo, \u201cla luz del mundo\u201d. M\u00e1s informaci\u00f3n","robots":{"index":"index","follow":"follow","max-snippet":"max-snippet:-1","max-image-preview":"max-image-preview:large","max-video-preview":"max-video-preview:-1"},"canonical":"https:\/\/quaker.org\/es\/que-quieren-decir-los-cuaqueros-con-la-luz-interior\/","og_locale":"es_ES","og_type":"article","og_title":"\u00bfQu\u00e9 quieren decir los cu\u00e1queros con la Luz Interior? - Creencias de los cu\u00e1queros","og_description":"Los Amigos creen que hay \u201calgo de Dios en cada persona\u201d. Esto se considera una \u201cluz interior\u201d, asociada con Jesucristo, \u201cla luz del mundo\u201d. M\u00e1s informaci\u00f3n","og_url":"https:\/\/quaker.org\/es\/que-quieren-decir-los-cuaqueros-con-la-luz-interior\/","og_site_name":"Quaker.org","article_modified_time":"2025-10-21T14:17:06+00:00","twitter_card":"summary_large_image","twitter_misc":{"Est. reading time":"2 minutes"},"schema":{"@context":"https:\/\/schema.org","@graph":[{"@type":"WebPage","@id":"https:\/\/quaker.org\/es\/que-quieren-decir-los-cuaqueros-con-la-luz-interior\/","url":"https:\/\/quaker.org\/es\/que-quieren-decir-los-cuaqueros-con-la-luz-interior\/","name":"\u00bfQu\u00e9 quieren decir los cu\u00e1queros con la Luz Interior? - Creencias de los cu\u00e1queros","isPartOf":{"@id":"https:\/\/quaker.org\/es\/#website"},"datePublished":"2022-01-20T20:27:55+00:00","dateModified":"2025-10-21T14:17:06+00:00","description":"Los Amigos creen que hay \u201calgo de Dios en cada persona\u201d. Esto se considera una \u201cluz interior\u201d, asociada con Jesucristo, \u201cla luz del mundo\u201d. M\u00e1s informaci\u00f3n","breadcrumb":{"@id":"https:\/\/quaker.org\/es\/que-quieren-decir-los-cuaqueros-con-la-luz-interior\/#breadcrumb"},"inLanguage":"es-ES","potentialAction":[{"@type":"ReadAction","target":["https:\/\/quaker.org\/es\/que-quieren-decir-los-cuaqueros-con-la-luz-interior\/"]}]},{"@type":"BreadcrumbList","@id":"https:\/\/quaker.org\/es\/que-quieren-decir-los-cuaqueros-con-la-luz-interior\/#breadcrumb","itemListElement":[{"@type":"ListItem","position":1,"name":"Home","item":"https:\/\/quaker.org\/es\/bienvenido-a-a-quaker-org\/"},{"@type":"ListItem","position":2,"name":"\u00bfQu\u00e9 quieren decir Los Amigos con la \u00abLuz Interior\u00bb?"}]},{"@type":"WebSite","@id":"https:\/\/quaker.org\/es\/#website","url":"https:\/\/quaker.org\/es\/","name":"Quaker.org","description":"Learn about Friends","publisher":{"@id":"https:\/\/quaker.org\/es\/#organization"},"potentialAction":[{"@type":"SearchAction","target":{"@type":"EntryPoint","urlTemplate":"https:\/\/quaker.org\/es\/?s={search_term_string}"},"query-input":{"@type":"PropertyValueSpecification","valueRequired":true,"valueName":"search_term_string"}}],"inLanguage":"es-ES"},{"@type":"Organization","@id":"https:\/\/quaker.org\/es\/#organization","name":"Quaker.org","url":"https:\/\/quaker.org\/es\/","logo":{"@type":"ImageObject","inLanguage":"es-ES","@id":"https:\/\/quaker.org\/es\/#\/schema\/logo\/image\/","url":"https:\/\/quaker.org\/wp-content\/uploads\/sites\/3\/2025\/08\/QuakerOrgLogo_BW-300x54-1.png","contentUrl":"https:\/\/quaker.org\/wp-content\/uploads\/sites\/3\/2025\/08\/QuakerOrgLogo_BW-300x54-1.png","width":300,"height":54,"caption":"Quaker.org"},"image":{"@id":"https:\/\/quaker.org\/es\/#\/schema\/logo\/image\/"}}]}},"distributor_meta":false,"distributor_terms":false,"distributor_media":false,"distributor_original_site_name":"Quaker.org","distributor_original_site_url":"https:\/\/quaker.org\/es\/","push-errors":false,"acf":[],"_links":{"self":[{"href":"https:\/\/quaker.org\/es\/wp-json\/wp\/v2\/pages\/2269","targetHints":{"allow":["GET"]}}],"collection":[{"href":"https:\/\/quaker.org\/es\/wp-json\/wp\/v2\/pages"}],"about":[{"href":"https:\/\/quaker.org\/es\/wp-json\/wp\/v2\/types\/page"}],"author":[{"embeddable":true,"href":"https:\/\/quaker.org\/es\/wp-json\/wp\/v2\/users\/5131"}],"replies":[{"embeddable":true,"href":"https:\/\/quaker.org\/es\/wp-json\/wp\/v2\/comments?post=2269"}],"version-history":[{"count":2,"href":"https:\/\/quaker.org\/es\/wp-json\/wp\/v2\/pages\/2269\/revisions"}],"predecessor-version":[{"id":3598,"href":"https:\/\/quaker.org\/es\/wp-json\/wp\/v2\/pages\/2269\/revisions\/3598"}],"wp:attachment":[{"href":"https:\/\/quaker.org\/es\/wp-json\/wp\/v2\/media?parent=2269"}],"curies":[{"name":"wp","href":"https:\/\/api.w.org\/{rel}","templated":true}]}}