{"id":2267,"date":"2020-05-22T15:42:44","date_gmt":"2020-05-22T15:42:44","guid":{"rendered":"https:\/\/quaker.org\/?page_id=2267"},"modified":"2025-09-19T15:05:42","modified_gmt":"2025-09-19T15:05:42","slug":"en-que-creen-los-cuaqueros","status":"publish","type":"page","link":"https:\/\/quaker.org\/es\/en-que-creen-los-cuaqueros\/","title":{"rendered":"\u00bfEn qu\u00e9 creen los cu\u00e1queros?"},"content":{"rendered":"\n<div class=\"wp-block-group is-layout-grid wp-container-core-group-is-layout-9649a0d9 wp-block-group-is-layout-grid\">\n<p class=\"wp-container-content-e29552f7\">Hay dos aspectos fundamentales de la fe cu\u00e1quera. Primero, los Amigos creen que todas las personas son capaces de experimentar directamente la naturaleza divina del universo, conocida por muchos nombres, siendo Dios, el Esp\u00edritu Santo o simplemente Esp\u00edritu entre los m\u00e1s comunes. No se necesita un sacerdote ni ning\u00fan otro tipo de intercesor espiritual; no se necesita realizar ning\u00fan tipo de ritual. Cuando necesites escuchar a Dios, lo har\u00e1s. Cuando el Esp\u00edritu tenga un mensaje que debes compartir, deber\u00edas compartirlo.&nbsp;<\/p>\n\n\n\n<figure class=\"wp-block-embed is-type-video is-provider-youtube wp-block-embed-youtube wp-embed-aspect-16-9 wp-has-aspect-ratio wp-container-content-e29552f7\"><div class=\"wp-block-embed__wrapper\">\n<iframe loading=\"lazy\" title=\"What Do Quakers Believe?\" width=\"500\" height=\"281\" src=\"https:\/\/www.youtube.com\/embed\/YyTP512bEQk?feature=oembed\" frameborder=\"0\" allow=\"accelerometer; autoplay; clipboard-write; encrypted-media; gyroscope; picture-in-picture; web-share\" referrerpolicy=\"strict-origin-when-cross-origin\" allowfullscreen><\/iframe>\n<\/div><\/figure>\n<\/div>\n\n\n\n<p>Eso nos lleva al segundo principio clave: nuestra creencia en la revelaci\u00f3n continua. En la Biblia Hebrea y en el Nuevo Testamento, leemos muchas historias de Dios comunic\u00e1ndose directamente con las personas. Los Amigos creen que las revelaciones de Dios nunca se han detenido y que Dios puede acercarse a cualquiera de nosotros en cualquier momento. Cuando los cu\u00e1queros nos reunimos para el culto en silencio, participamos en un espacio compartido en el que nos esforzamos por ser m\u00e1s capaces, y por ayudarnos mutuamente, de reconocer mejor estos mensajes divinos. (Tenemos m\u00e1s informaci\u00f3n sobre lo que sucede exactamente en las juntas cu\u00e1queras <a href=\"https:\/\/quaker.org\/es\/como-adoran-los-cuaqueros\/\">en otras partes del sitio web<\/a>).<\/p>\n\n\n\n<p>M\u00e1s all\u00e1 de eso, la Sociedad Religiosa de los Amigos no se aferra mucho al dogma religioso. Existen 6 Valores Cu\u00e1queros fundamentales, conocidos como S.P.I.C.E.S., que les animamos a seguir. Sin embargo, no les exigimos que afirmen ninguna creencia espec\u00edfica sobre la manera \u201ccorrecta\u201d de experimentar el contacto con lo divino, y la mayor\u00eda de las reuniones cu\u00e1queras no les exigen creer nada en particular sobre Dios, incluyendo, como ver\u00e1n, el nombre \u201cDios\u201d. (Sin embargo, s\u00ed existen juntas <a href=\"https:\/\/quaker.org\/que-creen-los-cuaqueros-sobre-jesus\/\">expl\u00edcita y entusiastamente cristianas<\/a> donde el reconocimiento de Jes\u00fas como el Hijo de Dios es un punto de partida esencial.)<\/p>\n\n\n\n<p>Cada uno de nosotros tiene su propia relaci\u00f3n con la divinidad; los relatos de otras personas sobre sus experiencias de revelaci\u00f3n pueden ayudarnos a reconocer y comprender mejor las nuestras, cuando el Esp\u00edritu venga a nosotros, pero esas experiencias son, en \u00faltima instancia, \u00fanicas para cada persona.<\/p>\n\n\n\n<p><strong>A continuaci\u00f3n: <\/strong><strong>\u00bfCreen los cu\u00e1queros en Dios?<\/strong><\/p>\n\n\n\n<h3 class=\"wp-block-heading\">(Read in English: <a href=\"https:\/\/quaker.org\/what-do-quakers-believe\/\">What do Quakers believe?<\/a>)<\/h3>\n\n\n\n<div class=\"wp-block-group is-layout-grid wp-container-core-group-is-layout-9649a0d9 wp-block-group-is-layout-grid\">\n<p class=\"has-background wp-container-content-e29552f7\" style=\"background:linear-gradient(135deg,rgb(222,222,222) 0%,rgb(222,222,222) 99%)\"><strong>M\u00e1s informaci\u00f3n en <em>Friends Journal<\/em><\/strong><br><br>\u201c<a href=\"https:\/\/www.friendsjournal.org\/what-do-we-believe\/\">\u00bfEn qu\u00e9 creemos?<\/a>\u201d Adam Segal-Isaacson<br><br>\u201c<a href=\"https:\/\/www.friendsjournal.org\/when-is-a-creed-not-a-creed\/\">\u00bfCu\u00e1ndo un credo no es un credo?<\/a>,&#8221; Ann Birch<br><br>\u201c<a href=\"https:\/\/www.friendsjournal.org\/2001067\/\">No tener credo no es lo mismo que no tener teolog\u00eda<\/a>,&#8221; Robert Griwold<br><br>\u201c<a href=\"https:\/\/www.friendsjournal.org\/2003076\/\">La visi\u00f3n unificadora de los cu\u00e1queros<\/a>,&#8221; Thomas H. Jeavons<\/p>\n\n\n\n<figure class=\"wp-block-embed is-type-video is-provider-youtube wp-block-embed-youtube wp-embed-aspect-16-9 wp-has-aspect-ratio wp-container-content-e29552f7\"><div class=\"wp-block-embed__wrapper\">\n<iframe loading=\"lazy\" title=\"What is a Quaker?\" width=\"500\" height=\"281\" src=\"https:\/\/www.youtube.com\/embed\/I63xA-VZGXw?feature=oembed\" frameborder=\"0\" allow=\"accelerometer; autoplay; clipboard-write; encrypted-media; gyroscope; picture-in-picture; web-share\" referrerpolicy=\"strict-origin-when-cross-origin\" allowfullscreen><\/iframe>\n<\/div><\/figure>\n<\/div>\n\n\n\n<p class=\"has-text-align-center\"><em>\u201cUn cu\u00e1quero es alguien que busca ser fiel a la verdad m\u00e1s profunda que podemos encontrar, ser guiado hacia esa verdad por la gu\u00eda del Esp\u00edritu Santo, por la presencia de Dios en nuestras vidas y por la comprensi\u00f3n de que es una experiencia real que podemos experimentar.\u201d<\/em><\/p>\n","protected":false},"excerpt":{"rendered":"<p>Hay dos aspectos fundamentales de la fe cu\u00e1quera. Primero, los Amigos creen que todas las personas son capaces de experimentar&hellip;<\/p>\n","protected":false},"author":5129,"featured_media":0,"parent":0,"menu_order":0,"comment_status":"closed","ping_status":"closed","template":"","meta":{"_acf_changed":false,"hero_banner_post_id":0,"footnotes":""},"class_list":["post-2267","page","type-page","status-publish","hentry"],"yoast_head":"<!-- This site is optimized with the Yoast SEO plugin v27.3 - https:\/\/yoast.com\/product\/yoast-seo-wordpress\/ -->\n<title>\u00bfEn qu\u00e9 creen los cu\u00e1queros? - Quaker.org<\/title>\n<meta name=\"robots\" content=\"index, follow, max-snippet:-1, max-image-preview:large, max-video-preview:-1\" \/>\n<link rel=\"canonical\" href=\"https:\/\/quaker.org\/es\/en-que-creen-los-cuaqueros\/\" \/>\n<meta property=\"og:locale\" content=\"es_ES\" \/>\n<meta property=\"og:type\" content=\"article\" \/>\n<meta property=\"og:title\" content=\"\u00bfEn qu\u00e9 creen los cu\u00e1queros? - Quaker.org\" \/>\n<meta property=\"og:description\" content=\"Hay dos aspectos fundamentales de la fe cu\u00e1quera. Primero, los Amigos creen que todas las personas son capaces de experimentar&hellip;\" \/>\n<meta property=\"og:url\" content=\"https:\/\/quaker.org\/es\/en-que-creen-los-cuaqueros\/\" \/>\n<meta property=\"og:site_name\" content=\"Quaker.org\" \/>\n<meta property=\"article:modified_time\" content=\"2025-09-19T15:05:42+00:00\" \/>\n<meta name=\"twitter:card\" content=\"summary_large_image\" \/>\n<meta name=\"twitter:label1\" content=\"Est. reading time\" \/>\n\t<meta name=\"twitter:data1\" content=\"2 minutes\" \/>\n<script type=\"application\/ld+json\" class=\"yoast-schema-graph\">{\"@context\":\"https:\\\/\\\/schema.org\",\"@graph\":[{\"@type\":\"WebPage\",\"@id\":\"https:\\\/\\\/quaker.org\\\/es\\\/en-que-creen-los-cuaqueros\\\/\",\"url\":\"https:\\\/\\\/quaker.org\\\/es\\\/en-que-creen-los-cuaqueros\\\/\",\"name\":\"\u00bfEn qu\u00e9 creen los cu\u00e1queros? - Quaker.org\",\"isPartOf\":{\"@id\":\"https:\\\/\\\/quaker.org\\\/es\\\/#website\"},\"datePublished\":\"2020-05-22T15:42:44+00:00\",\"dateModified\":\"2025-09-19T15:05:42+00:00\",\"breadcrumb\":{\"@id\":\"https:\\\/\\\/quaker.org\\\/es\\\/en-que-creen-los-cuaqueros\\\/#breadcrumb\"},\"inLanguage\":\"es-ES\",\"potentialAction\":[{\"@type\":\"ReadAction\",\"target\":[\"https:\\\/\\\/quaker.org\\\/es\\\/en-que-creen-los-cuaqueros\\\/\"]}]},{\"@type\":\"BreadcrumbList\",\"@id\":\"https:\\\/\\\/quaker.org\\\/es\\\/en-que-creen-los-cuaqueros\\\/#breadcrumb\",\"itemListElement\":[{\"@type\":\"ListItem\",\"position\":1,\"name\":\"Home\",\"item\":\"https:\\\/\\\/quaker.org\\\/es\\\/bienvenido-a-a-quaker-org\\\/\"},{\"@type\":\"ListItem\",\"position\":2,\"name\":\"\u00bfEn qu\u00e9 creen los cu\u00e1queros?\"}]},{\"@type\":\"WebSite\",\"@id\":\"https:\\\/\\\/quaker.org\\\/es\\\/#website\",\"url\":\"https:\\\/\\\/quaker.org\\\/es\\\/\",\"name\":\"Quaker.org\",\"description\":\"Learn about Friends\",\"publisher\":{\"@id\":\"https:\\\/\\\/quaker.org\\\/es\\\/#organization\"},\"potentialAction\":[{\"@type\":\"SearchAction\",\"target\":{\"@type\":\"EntryPoint\",\"urlTemplate\":\"https:\\\/\\\/quaker.org\\\/es\\\/?s={search_term_string}\"},\"query-input\":{\"@type\":\"PropertyValueSpecification\",\"valueRequired\":true,\"valueName\":\"search_term_string\"}}],\"inLanguage\":\"es-ES\"},{\"@type\":\"Organization\",\"@id\":\"https:\\\/\\\/quaker.org\\\/es\\\/#organization\",\"name\":\"Quaker.org\",\"url\":\"https:\\\/\\\/quaker.org\\\/es\\\/\",\"logo\":{\"@type\":\"ImageObject\",\"inLanguage\":\"es-ES\",\"@id\":\"https:\\\/\\\/quaker.org\\\/es\\\/#\\\/schema\\\/logo\\\/image\\\/\",\"url\":\"https:\\\/\\\/quaker.org\\\/wp-content\\\/uploads\\\/sites\\\/3\\\/2025\\\/08\\\/QuakerOrgLogo_BW-300x54-1.png\",\"contentUrl\":\"https:\\\/\\\/quaker.org\\\/wp-content\\\/uploads\\\/sites\\\/3\\\/2025\\\/08\\\/QuakerOrgLogo_BW-300x54-1.png\",\"width\":300,\"height\":54,\"caption\":\"Quaker.org\"},\"image\":{\"@id\":\"https:\\\/\\\/quaker.org\\\/es\\\/#\\\/schema\\\/logo\\\/image\\\/\"}}]}<\/script>\n<!-- \/ Yoast SEO plugin. -->","yoast_head_json":{"title":"\u00bfEn qu\u00e9 creen los cu\u00e1queros? - Quaker.org","robots":{"index":"index","follow":"follow","max-snippet":"max-snippet:-1","max-image-preview":"max-image-preview:large","max-video-preview":"max-video-preview:-1"},"canonical":"https:\/\/quaker.org\/es\/en-que-creen-los-cuaqueros\/","og_locale":"es_ES","og_type":"article","og_title":"\u00bfEn qu\u00e9 creen los cu\u00e1queros? - Quaker.org","og_description":"Hay dos aspectos fundamentales de la fe cu\u00e1quera. Primero, los Amigos creen que todas las personas son capaces de experimentar&hellip;","og_url":"https:\/\/quaker.org\/es\/en-que-creen-los-cuaqueros\/","og_site_name":"Quaker.org","article_modified_time":"2025-09-19T15:05:42+00:00","twitter_card":"summary_large_image","twitter_misc":{"Est. reading time":"2 minutes"},"schema":{"@context":"https:\/\/schema.org","@graph":[{"@type":"WebPage","@id":"https:\/\/quaker.org\/es\/en-que-creen-los-cuaqueros\/","url":"https:\/\/quaker.org\/es\/en-que-creen-los-cuaqueros\/","name":"\u00bfEn qu\u00e9 creen los cu\u00e1queros? - Quaker.org","isPartOf":{"@id":"https:\/\/quaker.org\/es\/#website"},"datePublished":"2020-05-22T15:42:44+00:00","dateModified":"2025-09-19T15:05:42+00:00","breadcrumb":{"@id":"https:\/\/quaker.org\/es\/en-que-creen-los-cuaqueros\/#breadcrumb"},"inLanguage":"es-ES","potentialAction":[{"@type":"ReadAction","target":["https:\/\/quaker.org\/es\/en-que-creen-los-cuaqueros\/"]}]},{"@type":"BreadcrumbList","@id":"https:\/\/quaker.org\/es\/en-que-creen-los-cuaqueros\/#breadcrumb","itemListElement":[{"@type":"ListItem","position":1,"name":"Home","item":"https:\/\/quaker.org\/es\/bienvenido-a-a-quaker-org\/"},{"@type":"ListItem","position":2,"name":"\u00bfEn qu\u00e9 creen los cu\u00e1queros?"}]},{"@type":"WebSite","@id":"https:\/\/quaker.org\/es\/#website","url":"https:\/\/quaker.org\/es\/","name":"Quaker.org","description":"Learn about Friends","publisher":{"@id":"https:\/\/quaker.org\/es\/#organization"},"potentialAction":[{"@type":"SearchAction","target":{"@type":"EntryPoint","urlTemplate":"https:\/\/quaker.org\/es\/?s={search_term_string}"},"query-input":{"@type":"PropertyValueSpecification","valueRequired":true,"valueName":"search_term_string"}}],"inLanguage":"es-ES"},{"@type":"Organization","@id":"https:\/\/quaker.org\/es\/#organization","name":"Quaker.org","url":"https:\/\/quaker.org\/es\/","logo":{"@type":"ImageObject","inLanguage":"es-ES","@id":"https:\/\/quaker.org\/es\/#\/schema\/logo\/image\/","url":"https:\/\/quaker.org\/wp-content\/uploads\/sites\/3\/2025\/08\/QuakerOrgLogo_BW-300x54-1.png","contentUrl":"https:\/\/quaker.org\/wp-content\/uploads\/sites\/3\/2025\/08\/QuakerOrgLogo_BW-300x54-1.png","width":300,"height":54,"caption":"Quaker.org"},"image":{"@id":"https:\/\/quaker.org\/es\/#\/schema\/logo\/image\/"}}]}},"distributor_meta":false,"distributor_terms":false,"distributor_media":false,"distributor_original_site_name":"Quaker.org","distributor_original_site_url":"https:\/\/quaker.org\/es\/","push-errors":false,"acf":[],"_links":{"self":[{"href":"https:\/\/quaker.org\/es\/wp-json\/wp\/v2\/pages\/2267","targetHints":{"allow":["GET"]}}],"collection":[{"href":"https:\/\/quaker.org\/es\/wp-json\/wp\/v2\/pages"}],"about":[{"href":"https:\/\/quaker.org\/es\/wp-json\/wp\/v2\/types\/page"}],"author":[{"embeddable":true,"href":"https:\/\/quaker.org\/es\/wp-json\/wp\/v2\/users\/5129"}],"replies":[{"embeddable":true,"href":"https:\/\/quaker.org\/es\/wp-json\/wp\/v2\/comments?post=2267"}],"version-history":[{"count":1,"href":"https:\/\/quaker.org\/es\/wp-json\/wp\/v2\/pages\/2267\/revisions"}],"predecessor-version":[{"id":2721,"href":"https:\/\/quaker.org\/es\/wp-json\/wp\/v2\/pages\/2267\/revisions\/2721"}],"wp:attachment":[{"href":"https:\/\/quaker.org\/es\/wp-json\/wp\/v2\/media?parent=2267"}],"curies":[{"name":"wp","href":"https:\/\/api.w.org\/{rel}","templated":true}]}}