{"id":2263,"date":"2022-01-18T20:53:19","date_gmt":"2022-01-18T20:53:19","guid":{"rendered":"https:\/\/quaker.org\/?page_id=2263"},"modified":"2025-10-21T14:15:09","modified_gmt":"2025-10-21T14:15:09","slug":"que-creen-los-cuaqueros-sobre-jesus","status":"publish","type":"page","link":"https:\/\/quaker.org\/es\/que-creen-los-cuaqueros-sobre-jesus\/","title":{"rendered":"\u00bfSon cristianos los cu\u00e1queros?"},"content":{"rendered":"\n<div class=\"wp-block-group is-layout-grid wp-container-core-group-is-layout-9649a0d9 wp-block-group-is-layout-grid\">\n<p class=\"wp-container-content-e29552f7\">Cuando George Fox, el primer cu\u00e1quero, tuvo su despertar espiritual en la d\u00e9cada de 1640, rechaz\u00f3 gran parte de lo que consideraba corrupci\u00f3n institucional dentro de la Iglesia de Inglaterra y otras denominaciones cristianas. Sin embargo, no rechaz\u00f3 la fe en Jes\u00fas, ni tampoco la de sus compa\u00f1eros cu\u00e1queros. Consideraban que lo que hac\u00edan era devolver el cristianismo a sus or\u00edgenes. (Otro famoso cu\u00e1quero de la primera \u00e9poca, William Penn, incluso titul\u00f3 uno de sus libros \u201c<em>Cristianismo Primitivo<\/em>\u201d).<\/p>\n\n\n\n<figure class=\"wp-block-embed is-type-video is-provider-youtube wp-block-embed-youtube wp-embed-aspect-16-9 wp-has-aspect-ratio wp-container-content-e29552f7\"><div class=\"wp-block-embed__wrapper\">\n<iframe loading=\"lazy\" title=\"Are Quakers Christian?\" width=\"500\" height=\"281\" src=\"https:\/\/www.youtube.com\/embed\/CMH3OqFh_dM?feature=oembed\" frameborder=\"0\" allow=\"accelerometer; autoplay; clipboard-write; encrypted-media; gyroscope; picture-in-picture; web-share\" referrerpolicy=\"strict-origin-when-cross-origin\" allowfullscreen><\/iframe>\n<\/div><\/figure>\n<\/div>\n\n\n\n<p>Esto ten\u00eda mucho sentido para un movimiento religioso que surgi\u00f3 en la Inglaterra del siglo XVII, y muchas juntas cu\u00e1queras en todo el mundo contin\u00faan fieles a la tradici\u00f3n cristiana; algunas incluso incorporan lecturas de las Escrituras en sus juntas de adoraci\u00f3n..<\/p>\n\n\n\n<p>No obstante, el rechazo de los cu\u00e1queros a los dogmas religiosos firmes siempre los ha llevado a ver la fe cristiana de forma diferente a otras denominaciones cat\u00f3licas, ortodoxas o protestantes. En Juan 14:6, Jes\u00fas declara: \u201cYo soy el camino, la verdad y la vida; nadie viene al Padre sino por m\u00ed\u201d. Los primeros cu\u00e1queros ciertamente cre\u00edan que esto era verdad, pero tambi\u00e9n cre\u00edan que la manera de \u201cllegar al Padre\u201d no era simplemente repetir esa declaraci\u00f3n, sino demostrar con el ejemplo de nuestras vidas que hab\u00edamos formado una relaci\u00f3n con Dios.<\/p>\n\n\n\n<p>Por ello, muchos Amigos reconocieron que el cristianismo no ten\u00eda el monopolio de la verdad espiritual. El cu\u00e1quero estadounidense del siglo XVIII John Woolman escribi\u00f3: \u201cHay un principio que es puro, colocado en la mente humana, que en distintos lugares y \u00e9pocas ha tenido diferentes nombres. Sin embargo, es puro, y procede de Dios\u2026 En quienquiera que este principio eche ra\u00edces y crezca, sea de la naci\u00f3n que sea, se convierten en hermanos en el mejor sentido de la palabra.\u201d<\/p>\n\n\n\n<p>A lo largo de los siglos, especialmente en Norteam\u00e9rica y el Reino Unido, muchas juntas cu\u00e1queras han adoptado esta perspectiva universalista. En tales reuniones, no es raro que los Amigos que creen con todo su coraz\u00f3n que Jes\u00fas es el Hijo de Dios adoren junto a otros que no est\u00e1n tan seguros&#8230; o que ni siquiera creen que importe mucho. Dado que las reuniones cu\u00e1queras no exigen que los Amigos se adhieran a una doctrina en particular, algunos estamos plenamente comprometidos con la Resurrecci\u00f3n y la Sant\u00edsima Trinidad, mientras que otros simplemente reconocen a Jes\u00fas como un l\u00edder espiritual persuasivo que fue ejecutado por el Imperio Romano porque sus ense\u00f1anzas amenazaban al poder establecido. Otros se encuentran en un punto intermedio, reconocen la posibilidad de que Jes\u00fas fuera divino, pero prefieren enfocarse en lo que pueden hacer hoy en el mundo que los rodea. Estos Amigos pueden creer en Dios y en el Esp\u00edritu Santo, pero no se preocupan demasiado por c\u00f3mo encajan todos los detalles.&nbsp;<\/p>\n\n\n\n<p>Desde los tiempos de George Fox, los cu\u00e1queros han cre\u00eddo que hay \u201calgo de Dios en cada persona\u201d, ya sea que se entienda como la capacidad de conectarse con Dios, el reconocimiento de nuestra condici\u00f3n como parte de la creaci\u00f3n divina o incluso una chispa real de divinidad dentro de cada uno de nosotros, incluidas las personas de culturas no cristianas. Por ello, algunos cu\u00e1queros siguen a John Woolman en la creencia de que el Esp\u00edritu se revela a todas las personas, dentro de sus contextos culturales, de formas que puedan comprender.<\/p>\n\n\n\n<p>Fox era cristiano, a pesar de su rechazo a la Iglesia y a la clase sacerdotal, y por eso la naturaleza de su revelaci\u00f3n inicial fue: \u201chay uno, incluso Cristo Jes\u00fas, que puede hablar a su condici\u00f3n.\u201d Pero la relaci\u00f3n de cada persona con el Esp\u00edritu es diferente. Si le desanima la ret\u00f3rica cristiana, es probable que el Esp\u00edritu le formule un mensaje con un vocabulario diferente&#8230; o quiz\u00e1s sin palabras.<br><\/p>\n\n\n\n<p><strong>A continuaci\u00f3n: <em><a href=\"https:\/\/quaker.org\/creen-los-amigos-en-el-cielo\/\">\u00bfCreen los cu\u00e1queros en el cielo?<\/a><\/em><\/strong><\/p>\n\n\n\n<h3 class=\"wp-block-heading\">(Read in English: <a href=\"https:\/\/quaker.org\/es\/que-creen-los-cuaqueros-sobre-jesus\/\">Are Quakers Christian?<\/a>)<\/h3>\n\n\n\n<div class=\"wp-block-group is-layout-grid wp-container-core-group-is-layout-9649a0d9 wp-block-group-is-layout-grid\">\n<p class=\"has-background wp-container-content-e29552f7\" style=\"background:linear-gradient(135deg,rgb(222,222,222) 0%,rgb(222,222,222) 100%)\"><strong>M\u00e1s informaci\u00f3n en <em>Friends Journal\u00a0<\/em><\/strong><br><br>\u201c<a href=\"https:\/\/www.friendsjournal.org\/dios-jesus-cristianismo-y-cuaqueros\/\">Dios, Jes\u00fas, el cristianismo y los cu\u00e1queros<\/a>,\u201d Jim Cain<br><br>\u201c<a href=\"https:\/\/www.friendsjournal.org\/jesus-y-el-cuaquerismo\/\">Jes\u00fas y el Cuaquerismo<\/a>,\u201d Dorothy Hutchinson<br><br>\u201c<a href=\"https:\/\/www.friendsjournal.org\/son-los-cuaqueros-cristianos-no-cristianos-o-ambos\/\">\u00bfSon los Cu\u00e1queros Cristianos, no Cristianos o Ambos?<\/a>\u201d Anthony Manousos<br><br>\u201c<a href=\"https:\/\/www.friendsjournal.org\/are-quakers-christian\/\">\u00bfSomos realmente cristianos?<\/a>\u201d Margaret Namubuya Amudavi<br><br>\u201c<a href=\"https:\/\/www.friendsjournal.org\/christian-anarchist\/\">Visiones Expectantes de Anarquista Cristianos<\/a>,\u201d Zae Asa Illo<br><br><\/p>\n\n\n\n<figure class=\"wp-block-embed is-type-video is-provider-youtube wp-block-embed-youtube wp-embed-aspect-16-9 wp-has-aspect-ratio wp-container-content-e29552f7\"><div class=\"wp-block-embed__wrapper\">\n<iframe loading=\"lazy\" title=\"The Difference Between Quaker Meeting and Other Christian Services\" width=\"500\" height=\"281\" src=\"https:\/\/www.youtube.com\/embed\/sfK3z481jvE?feature=oembed\" frameborder=\"0\" allow=\"accelerometer; autoplay; clipboard-write; encrypted-media; gyroscope; picture-in-picture; web-share\" referrerpolicy=\"strict-origin-when-cross-origin\" allowfullscreen><\/iframe>\n<\/div><\/figure>\n<\/div>\n\n\n\n<p class=\"has-text-align-center\"><em>\u201cLo que nosotros, como cu\u00e1queros, ofrecemos es un espacio para explorar nuestra espiritualidad. Tenemos l\u00edmites, tenemos formas particulares de hacer las cosas&#8230; pero ofrecemos un amplio espacio para que las personas exploren su camino.\u201d<\/em><br><\/p>\n","protected":false},"excerpt":{"rendered":"<p>Cuando George Fox, el primer cu\u00e1quero, tuvo su despertar espiritual en la d\u00e9cada de 1640, rechaz\u00f3 gran parte de lo&hellip;<\/p>\n","protected":false},"author":5131,"featured_media":0,"parent":0,"menu_order":0,"comment_status":"closed","ping_status":"closed","template":"","meta":{"_acf_changed":false,"hero_banner_post_id":0,"footnotes":""},"class_list":["post-2263","page","type-page","status-publish","hentry"],"yoast_head":"<!-- This site is optimized with the Yoast SEO plugin v27.3 - https:\/\/yoast.com\/product\/yoast-seo-wordpress\/ -->\n<title>\u00bfSon cristianos los cu\u00e1queros? - El cristianismo cu\u00e1quero y la perspectiva universalista<\/title>\n<meta name=\"description\" content=\"Los cu\u00e1queros modernos generalmente rechazan el dogma religioso estricto, lo que resulta en diversas orientaciones espirituales en las reuniones cu\u00e1queras, incluyendo el cristianismo tradicional.\" \/>\n<meta name=\"robots\" content=\"index, follow, max-snippet:-1, max-image-preview:large, max-video-preview:-1\" \/>\n<link rel=\"canonical\" href=\"https:\/\/quaker.org\/es\/que-creen-los-cuaqueros-sobre-jesus\/\" \/>\n<meta property=\"og:locale\" content=\"es_ES\" \/>\n<meta property=\"og:type\" content=\"article\" \/>\n<meta property=\"og:title\" content=\"\u00bfSon cristianos los cu\u00e1queros? - El cristianismo cu\u00e1quero y la perspectiva universalista\" \/>\n<meta property=\"og:description\" content=\"Los cu\u00e1queros modernos generalmente rechazan el dogma religioso estricto, lo que resulta en diversas orientaciones espirituales en las reuniones cu\u00e1queras, incluyendo el cristianismo tradicional.\" \/>\n<meta property=\"og:url\" content=\"https:\/\/quaker.org\/es\/que-creen-los-cuaqueros-sobre-jesus\/\" \/>\n<meta property=\"og:site_name\" content=\"Quaker.org\" \/>\n<meta property=\"article:modified_time\" content=\"2025-10-21T14:15:09+00:00\" \/>\n<meta name=\"twitter:card\" content=\"summary_large_image\" \/>\n<meta name=\"twitter:label1\" content=\"Est. reading time\" \/>\n\t<meta name=\"twitter:data1\" content=\"4 minutes\" \/>\n<script type=\"application\/ld+json\" class=\"yoast-schema-graph\">{\"@context\":\"https:\\\/\\\/schema.org\",\"@graph\":[{\"@type\":\"WebPage\",\"@id\":\"https:\\\/\\\/quaker.org\\\/es\\\/que-creen-los-cuaqueros-sobre-jesus\\\/\",\"url\":\"https:\\\/\\\/quaker.org\\\/es\\\/que-creen-los-cuaqueros-sobre-jesus\\\/\",\"name\":\"\u00bfSon cristianos los cu\u00e1queros? - El cristianismo cu\u00e1quero y la perspectiva universalista\",\"isPartOf\":{\"@id\":\"https:\\\/\\\/quaker.org\\\/es\\\/#website\"},\"datePublished\":\"2022-01-18T20:53:19+00:00\",\"dateModified\":\"2025-10-21T14:15:09+00:00\",\"description\":\"Los cu\u00e1queros modernos generalmente rechazan el dogma religioso estricto, lo que resulta en diversas orientaciones espirituales en las reuniones cu\u00e1queras, incluyendo el cristianismo tradicional.\",\"breadcrumb\":{\"@id\":\"https:\\\/\\\/quaker.org\\\/es\\\/que-creen-los-cuaqueros-sobre-jesus\\\/#breadcrumb\"},\"inLanguage\":\"es-ES\",\"potentialAction\":[{\"@type\":\"ReadAction\",\"target\":[\"https:\\\/\\\/quaker.org\\\/es\\\/que-creen-los-cuaqueros-sobre-jesus\\\/\"]}]},{\"@type\":\"BreadcrumbList\",\"@id\":\"https:\\\/\\\/quaker.org\\\/es\\\/que-creen-los-cuaqueros-sobre-jesus\\\/#breadcrumb\",\"itemListElement\":[{\"@type\":\"ListItem\",\"position\":1,\"name\":\"Home\",\"item\":\"https:\\\/\\\/quaker.org\\\/es\\\/bienvenido-a-a-quaker-org\\\/\"},{\"@type\":\"ListItem\",\"position\":2,\"name\":\"\u00bfSon cristianos los cu\u00e1queros?\"}]},{\"@type\":\"WebSite\",\"@id\":\"https:\\\/\\\/quaker.org\\\/es\\\/#website\",\"url\":\"https:\\\/\\\/quaker.org\\\/es\\\/\",\"name\":\"Quaker.org\",\"description\":\"Learn about Friends\",\"publisher\":{\"@id\":\"https:\\\/\\\/quaker.org\\\/es\\\/#organization\"},\"potentialAction\":[{\"@type\":\"SearchAction\",\"target\":{\"@type\":\"EntryPoint\",\"urlTemplate\":\"https:\\\/\\\/quaker.org\\\/es\\\/?s={search_term_string}\"},\"query-input\":{\"@type\":\"PropertyValueSpecification\",\"valueRequired\":true,\"valueName\":\"search_term_string\"}}],\"inLanguage\":\"es-ES\"},{\"@type\":\"Organization\",\"@id\":\"https:\\\/\\\/quaker.org\\\/es\\\/#organization\",\"name\":\"Quaker.org\",\"url\":\"https:\\\/\\\/quaker.org\\\/es\\\/\",\"logo\":{\"@type\":\"ImageObject\",\"inLanguage\":\"es-ES\",\"@id\":\"https:\\\/\\\/quaker.org\\\/es\\\/#\\\/schema\\\/logo\\\/image\\\/\",\"url\":\"https:\\\/\\\/quaker.org\\\/wp-content\\\/uploads\\\/sites\\\/3\\\/2025\\\/08\\\/QuakerOrgLogo_BW-300x54-1.png\",\"contentUrl\":\"https:\\\/\\\/quaker.org\\\/wp-content\\\/uploads\\\/sites\\\/3\\\/2025\\\/08\\\/QuakerOrgLogo_BW-300x54-1.png\",\"width\":300,\"height\":54,\"caption\":\"Quaker.org\"},\"image\":{\"@id\":\"https:\\\/\\\/quaker.org\\\/es\\\/#\\\/schema\\\/logo\\\/image\\\/\"}}]}<\/script>\n<!-- \/ Yoast SEO plugin. -->","yoast_head_json":{"title":"\u00bfSon cristianos los cu\u00e1queros? - El cristianismo cu\u00e1quero y la perspectiva universalista","description":"Los cu\u00e1queros modernos generalmente rechazan el dogma religioso estricto, lo que resulta en diversas orientaciones espirituales en las reuniones cu\u00e1queras, incluyendo el cristianismo tradicional.","robots":{"index":"index","follow":"follow","max-snippet":"max-snippet:-1","max-image-preview":"max-image-preview:large","max-video-preview":"max-video-preview:-1"},"canonical":"https:\/\/quaker.org\/es\/que-creen-los-cuaqueros-sobre-jesus\/","og_locale":"es_ES","og_type":"article","og_title":"\u00bfSon cristianos los cu\u00e1queros? - El cristianismo cu\u00e1quero y la perspectiva universalista","og_description":"Los cu\u00e1queros modernos generalmente rechazan el dogma religioso estricto, lo que resulta en diversas orientaciones espirituales en las reuniones cu\u00e1queras, incluyendo el cristianismo tradicional.","og_url":"https:\/\/quaker.org\/es\/que-creen-los-cuaqueros-sobre-jesus\/","og_site_name":"Quaker.org","article_modified_time":"2025-10-21T14:15:09+00:00","twitter_card":"summary_large_image","twitter_misc":{"Est. reading time":"4 minutes"},"schema":{"@context":"https:\/\/schema.org","@graph":[{"@type":"WebPage","@id":"https:\/\/quaker.org\/es\/que-creen-los-cuaqueros-sobre-jesus\/","url":"https:\/\/quaker.org\/es\/que-creen-los-cuaqueros-sobre-jesus\/","name":"\u00bfSon cristianos los cu\u00e1queros? - El cristianismo cu\u00e1quero y la perspectiva universalista","isPartOf":{"@id":"https:\/\/quaker.org\/es\/#website"},"datePublished":"2022-01-18T20:53:19+00:00","dateModified":"2025-10-21T14:15:09+00:00","description":"Los cu\u00e1queros modernos generalmente rechazan el dogma religioso estricto, lo que resulta en diversas orientaciones espirituales en las reuniones cu\u00e1queras, incluyendo el cristianismo tradicional.","breadcrumb":{"@id":"https:\/\/quaker.org\/es\/que-creen-los-cuaqueros-sobre-jesus\/#breadcrumb"},"inLanguage":"es-ES","potentialAction":[{"@type":"ReadAction","target":["https:\/\/quaker.org\/es\/que-creen-los-cuaqueros-sobre-jesus\/"]}]},{"@type":"BreadcrumbList","@id":"https:\/\/quaker.org\/es\/que-creen-los-cuaqueros-sobre-jesus\/#breadcrumb","itemListElement":[{"@type":"ListItem","position":1,"name":"Home","item":"https:\/\/quaker.org\/es\/bienvenido-a-a-quaker-org\/"},{"@type":"ListItem","position":2,"name":"\u00bfSon cristianos los cu\u00e1queros?"}]},{"@type":"WebSite","@id":"https:\/\/quaker.org\/es\/#website","url":"https:\/\/quaker.org\/es\/","name":"Quaker.org","description":"Learn about Friends","publisher":{"@id":"https:\/\/quaker.org\/es\/#organization"},"potentialAction":[{"@type":"SearchAction","target":{"@type":"EntryPoint","urlTemplate":"https:\/\/quaker.org\/es\/?s={search_term_string}"},"query-input":{"@type":"PropertyValueSpecification","valueRequired":true,"valueName":"search_term_string"}}],"inLanguage":"es-ES"},{"@type":"Organization","@id":"https:\/\/quaker.org\/es\/#organization","name":"Quaker.org","url":"https:\/\/quaker.org\/es\/","logo":{"@type":"ImageObject","inLanguage":"es-ES","@id":"https:\/\/quaker.org\/es\/#\/schema\/logo\/image\/","url":"https:\/\/quaker.org\/wp-content\/uploads\/sites\/3\/2025\/08\/QuakerOrgLogo_BW-300x54-1.png","contentUrl":"https:\/\/quaker.org\/wp-content\/uploads\/sites\/3\/2025\/08\/QuakerOrgLogo_BW-300x54-1.png","width":300,"height":54,"caption":"Quaker.org"},"image":{"@id":"https:\/\/quaker.org\/es\/#\/schema\/logo\/image\/"}}]}},"distributor_meta":false,"distributor_terms":false,"distributor_media":false,"distributor_original_site_name":"Quaker.org","distributor_original_site_url":"https:\/\/quaker.org\/es\/","push-errors":false,"acf":[],"_links":{"self":[{"href":"https:\/\/quaker.org\/es\/wp-json\/wp\/v2\/pages\/2263","targetHints":{"allow":["GET"]}}],"collection":[{"href":"https:\/\/quaker.org\/es\/wp-json\/wp\/v2\/pages"}],"about":[{"href":"https:\/\/quaker.org\/es\/wp-json\/wp\/v2\/types\/page"}],"author":[{"embeddable":true,"href":"https:\/\/quaker.org\/es\/wp-json\/wp\/v2\/users\/5131"}],"replies":[{"embeddable":true,"href":"https:\/\/quaker.org\/es\/wp-json\/wp\/v2\/comments?post=2263"}],"version-history":[{"count":2,"href":"https:\/\/quaker.org\/es\/wp-json\/wp\/v2\/pages\/2263\/revisions"}],"predecessor-version":[{"id":3589,"href":"https:\/\/quaker.org\/es\/wp-json\/wp\/v2\/pages\/2263\/revisions\/3589"}],"wp:attachment":[{"href":"https:\/\/quaker.org\/es\/wp-json\/wp\/v2\/media?parent=2263"}],"curies":[{"name":"wp","href":"https:\/\/api.w.org\/{rel}","templated":true}]}}