{"id":2257,"date":"2022-01-26T18:14:33","date_gmt":"2022-01-26T18:14:33","guid":{"rendered":"https:\/\/quaker.org\/?page_id=2257"},"modified":"2025-10-21T14:14:39","modified_gmt":"2025-10-21T14:14:39","slug":"como-adoran-los-cuaqueros","status":"publish","type":"page","link":"https:\/\/quaker.org\/es\/como-adoran-los-cuaqueros\/","title":{"rendered":"\u00bfC\u00f3mo rinden culto los cu\u00e1queros?"},"content":{"rendered":"\n<div class=\"wp-block-columns is-layout-flex wp-container-core-columns-is-layout-9d6595d7 wp-block-columns-is-layout-flex\">\n<div class=\"wp-block-column is-layout-flow wp-block-column-is-layout-flow\" style=\"flex-basis:50%\">\n<p>Los cu\u00e1queros pueden reunirse, y a veces lo hacen, para el culto en casi cualquier lugar; de acuerdo con las palabras de Jes\u00fas, \u201cdonde dos o tres est\u00e1n reunidos en mi nombre, all\u00ed estoy yo en medio de ellos\u201d.<\/p>\n\n\n\n<p>Sin embargo, es probable que la mayor\u00eda de las comunidades cu\u00e1queras se re\u00fanan para la Adoraci\u00f3n en una casa de Reuniones. Existen varias diferencias entre una casa de Reuniones y una iglesia, pero quiz\u00e1s una de las m\u00e1s significativas es que una casa de Reuniones no tiene altar. En las casas de Reuniones m\u00e1s antiguas, es posible que vea los bancos en un extremo de la sala ligeramente elevados, porque ah\u00ed era donde se sentaban los ancianos de la Reuni\u00f3n, pero hoy en d\u00eda todos suelen sentarse al mismo nivel, sin que ning\u00fan Amigo se coloque por encima de otro, y se miran unos a otros en un cuadrado o un c\u00edrculo. <\/p>\n\n\n\n<p>Al menos una vez a la semana, los miembros de ese Meeting se reunir\u00e1n para el culto. La forma exacta de culto puede variar, dependiendo de la orientaci\u00f3n espiritual de la comunidad, como veremos en un momento, pero el <strong>culto silencioso<\/strong> es un elemento central en casi cualquier Meeting cu\u00e1quero.<\/p>\n<\/div>\n\n\n\n<div class=\"wp-block-column is-layout-flow wp-block-column-is-layout-flow\" style=\"flex-basis:50%\">\n<figure class=\"wp-block-embed is-type-video is-provider-youtube wp-block-embed-youtube wp-embed-aspect-16-9 wp-has-aspect-ratio\"><div class=\"wp-block-embed__wrapper\">\n<iframe loading=\"lazy\" title=\"What to Expect in Quaker Meeting for Worship\" width=\"500\" height=\"281\" src=\"https:\/\/www.youtube.com\/embed\/hxjH4sa2RFI?feature=oembed\" frameborder=\"0\" allow=\"accelerometer; autoplay; clipboard-write; encrypted-media; gyroscope; picture-in-picture; web-share\" referrerpolicy=\"strict-origin-when-cross-origin\" allowfullscreen><\/iframe>\n<\/div><\/figure>\n<\/div>\n<\/div>\n\n<h2 class=\"wp-block-heading\" id=\"more\">\u00bfQu\u00e9 ocurre en la Adoraci\u00f3n silenciosa?<\/h2>\n\n<div class=\"wp-block-columns is-layout-flex wp-container-core-columns-is-layout-9d6595d7 wp-block-columns-is-layout-flex\">\n<div class=\"wp-block-column is-layout-flow wp-block-column-is-layout-flow\" style=\"flex-basis:50%\">\n<figure class=\"wp-block-embed is-type-video is-provider-youtube wp-block-embed-youtube wp-embed-aspect-16-9 wp-has-aspect-ratio\"><div class=\"wp-block-embed__wrapper\">\n<iframe loading=\"lazy\" title=\"What Do Quakers Do in Silent Worship?\" width=\"500\" height=\"281\" src=\"https:\/\/www.youtube.com\/embed\/QwHvgO2kxWM?feature=oembed\" frameborder=\"0\" allow=\"accelerometer; autoplay; clipboard-write; encrypted-media; gyroscope; picture-in-picture; web-share\" referrerpolicy=\"strict-origin-when-cross-origin\" allowfullscreen><\/iframe>\n<\/div><\/figure>\n<\/div>\n\n\n\n<div class=\"wp-block-column is-layout-flow wp-block-column-is-layout-flow\" style=\"flex-basis:50%\">\n<p>Un Meeting cu\u00e1quero es una reuni\u00f3n sencilla. Dado que los Amigos creen que el Esp\u00edritu puede revelarse a cualquiera, no tenemos sacerdotes que impartan la gracia a una congregaci\u00f3n de seguidores; en cambio, todos llegan al meetinghouse como iguales, y los asientos suelen estar dispuestos de manera que todos se miren en un cuadrado o un c\u00edrculo. Entonces, en lo que se conoce como un <strong><a href=\"https:\/\/quaker.org\/es\/sere-bienvenido-en-una-junta-cuaquera\/\" target=\"_blank\" rel=\"noreferrer noopener\">Meeting no programado<\/a><\/strong>, todos se sientan en silencio, generalmente durante una hora, y esperan a ver si llega un mensaje. Cualquiera podr\u00eda ser el instrumento a trav\u00e9s del cual Dios (o el Esp\u00edritu, si lo prefieres) elige dar un mensaje ese d\u00eda.<\/p>\n<\/div>\n<\/div>\n\n<p>No todo el mundo se sentir\u00e1 impulsado a compartir un mensaje en una Reuni\u00f3n determinada; algunos d\u00edas, nadie recibe el toque espiritual o metaf\u00f3rico en el hombro. La gente a menudo se pregunta c\u00f3mo sabr\u00e1 si les sucede a ellos: una persona podr\u00eda experimentar una gu\u00eda como un pensamiento que no desaparece, sin importar cu\u00e1nto intente dejarlo de lado; otra persona podr\u00eda encontrarse con el Esp\u00edritu (Santo) como una voz que solo ellos pueden escuchar; otra persona m\u00e1s podr\u00eda estar contemplando una p\u00e1gina de escritura sagrada y una frase captar su atenci\u00f3n. No es una hip\u00e9rbole decir que hay al menos tantas formas para que Los Amigos escuchen al Esp\u00edritu (Santo) como Amigos hay, y virtualmente no hay dos mensajes iguales.<\/p>\n\n<p>\u00bfPor qu\u00e9 es tan importante compartir los mensajes del Esp\u00edritu (Santo) en voz alta con otros Amigos? Bueno, la raz\u00f3n m\u00e1s simple es que ser elegido como el veh\u00edculo para el mensaje no significa necesariamente que usted fuera el \u00fanico destinatario previsto del mensaje. A veces, el mensaje podr\u00eda no estar destinado a usted, ni siquiera parecerle relevante en absoluto, pero ser\u00e1 exactamente lo que otro Amigo en la sala necesitaba escuchar entonces.<\/p>\n\n<p>Es posible que hayas notado el t\u00e9rmino \u201cMeeting no programado\u201d arriba, lo que implica la existencia de <strong>Meetings programados<\/strong>. En un Meeting programado, uno o m\u00e1s miembros de la comunidad de Amigos pueden servir en un papel pastoral guiando a todos en el canto o la oraci\u00f3n o compartiendo una lectura de las Escrituras. (Los Meetings programados tienden a tener lugar en comunidades cu\u00e1queras intensamente cristianas, que a menudo se conocen como &#8220;Iglesias de los Amigos&#8221;, y son cada vez m\u00e1s la norma en las comunidades cu\u00e1queras fuera del Reino Unido y Am\u00e9rica del Norte). Sin embargo, tales actividades solo ocupan una parte del Meeting; todav\u00eda se hace espacio en cada Meeting para escuchar un impulso divino en la comuni\u00f3n del silencio expectante.<\/p>\n\n<p><strong>Siguiente: <em><a href=\"https:\/\/quaker.org\/es\/sere-bienvenido-en-una-junta-cuaquera\/\">\u00bfSer\u00e9 bienvenido en una Reuni\u00f3n cu\u00e1quera?<\/a><\/em><\/strong><\/p>\n\n<div class=\"wp-block-columns has-background is-layout-flex wp-container-core-columns-is-layout-9d6595d7 wp-block-columns-is-layout-flex\" style=\"background-color:#dedede\">\n<div class=\"wp-block-column is-layout-flow wp-block-column-is-layout-flow\" style=\"flex-basis:50%\">\n<h4 class=\"wp-block-heading\">M\u00e1s informaci\u00f3n en <em>Friends Journal<\/em><\/h4>\n<\/div>\n\n\n\n<div class=\"wp-block-column is-layout-flow wp-block-column-is-layout-flow\" style=\"flex-basis:50%\">\n<p>\u00ab<a href=\"https:\/\/www.friendsjournal.org\/our-gift-of-silent-worship\/\">Nuestro regalo de la Adoraci\u00f3n silenciosa<\/a>\u00bb, Ruth Lofgren<\/p>\n\n\n\n<p>&#8220;<a href=\"https:\/\/www.friendsjournal.org\/2006058\/\">Esperar y observar: Meeting for Worship como pr\u00e1ctica espiritual<\/a>&#8220;, John Andrew Gallery<\/p>\n\n\n\n<p>\u00ab<a href=\"https:\/\/www.friendsjournal.org\/2005104\/\">El significado de la Adoraci\u00f3n silenciosa<\/a>\u00bb, Mariellen O. Gilpin<\/p>\n\n\n\n<p>\u00ab<a href=\"https:\/\/www.friendsjournal.org\/the-importance-of-noise-during-silent-worship\/\">La importancia del ruido durante la Adoraci\u00f3n silenciosa<\/a>\u00bb, Ben Handy<\/p>\n<\/div>\n<\/div>\n","protected":false},"excerpt":{"rendered":"<p>Los cu\u00e1queros pueden reunirse, y a veces lo hacen, para el culto en casi cualquier lugar; de acuerdo con las&hellip;<\/p>\n","protected":false},"author":5131,"featured_media":0,"parent":0,"menu_order":0,"comment_status":"closed","ping_status":"closed","template":"","meta":{"_acf_changed":false,"hero_banner_post_id":0,"footnotes":""},"class_list":["post-2257","page","type-page","status-publish","hentry"],"yoast_head":"<!-- This site is optimized with the Yoast SEO plugin v27.3 - https:\/\/yoast.com\/product\/yoast-seo-wordpress\/ -->\n<title>\u00bfC\u00f3mo rinden culto los cu\u00e1queros? - \u00bfQu\u00e9 ocurre en un Meeting for Worship cu\u00e1quero?<\/title>\n<meta name=\"description\" content=\"La forma exacta en que los cu\u00e1queros practican el culto puede variar seg\u00fan la orientaci\u00f3n espiritual, pero el culto silencioso es un elemento central en casi cualquier Meeting. M\u00e1s informaci\u00f3n\" \/>\n<meta name=\"robots\" content=\"index, follow, max-snippet:-1, max-image-preview:large, max-video-preview:-1\" \/>\n<link rel=\"canonical\" href=\"https:\/\/quaker.org\/es\/como-adoran-los-cuaqueros\/\" \/>\n<meta property=\"og:locale\" content=\"es_ES\" \/>\n<meta property=\"og:type\" content=\"article\" \/>\n<meta property=\"og:title\" content=\"\u00bfC\u00f3mo rinden culto los cu\u00e1queros? - \u00bfQu\u00e9 ocurre en un Meeting for Worship cu\u00e1quero?\" \/>\n<meta property=\"og:description\" content=\"La forma exacta en que los cu\u00e1queros practican el culto puede variar seg\u00fan la orientaci\u00f3n espiritual, pero el culto silencioso es un elemento central en casi cualquier Meeting. M\u00e1s informaci\u00f3n\" \/>\n<meta property=\"og:url\" content=\"https:\/\/quaker.org\/es\/como-adoran-los-cuaqueros\/\" \/>\n<meta property=\"og:site_name\" content=\"Quaker.org\" \/>\n<meta property=\"article:modified_time\" content=\"2025-10-21T14:14:39+00:00\" \/>\n<meta name=\"twitter:card\" content=\"summary_large_image\" \/>\n<meta name=\"twitter:label1\" content=\"Est. reading time\" \/>\n\t<meta name=\"twitter:data1\" content=\"3 minutes\" \/>\n<script type=\"application\/ld+json\" class=\"yoast-schema-graph\">{\"@context\":\"https:\\\/\\\/schema.org\",\"@graph\":[{\"@type\":\"WebPage\",\"@id\":\"https:\\\/\\\/quaker.org\\\/es\\\/como-adoran-los-cuaqueros\\\/\",\"url\":\"https:\\\/\\\/quaker.org\\\/es\\\/como-adoran-los-cuaqueros\\\/\",\"name\":\"\u00bfC\u00f3mo rinden culto los cu\u00e1queros? - \u00bfQu\u00e9 ocurre en un Meeting for Worship cu\u00e1quero?\",\"isPartOf\":{\"@id\":\"https:\\\/\\\/quaker.org\\\/es\\\/#website\"},\"datePublished\":\"2022-01-26T18:14:33+00:00\",\"dateModified\":\"2025-10-21T14:14:39+00:00\",\"description\":\"La forma exacta en que los cu\u00e1queros practican el culto puede variar seg\u00fan la orientaci\u00f3n espiritual, pero el culto silencioso es un elemento central en casi cualquier Meeting. M\u00e1s informaci\u00f3n\",\"breadcrumb\":{\"@id\":\"https:\\\/\\\/quaker.org\\\/es\\\/como-adoran-los-cuaqueros\\\/#breadcrumb\"},\"inLanguage\":\"es-ES\",\"potentialAction\":[{\"@type\":\"ReadAction\",\"target\":[\"https:\\\/\\\/quaker.org\\\/es\\\/como-adoran-los-cuaqueros\\\/\"]}]},{\"@type\":\"BreadcrumbList\",\"@id\":\"https:\\\/\\\/quaker.org\\\/es\\\/como-adoran-los-cuaqueros\\\/#breadcrumb\",\"itemListElement\":[{\"@type\":\"ListItem\",\"position\":1,\"name\":\"Home\",\"item\":\"https:\\\/\\\/quaker.org\\\/es\\\/bienvenido-a-a-quaker-org\\\/\"},{\"@type\":\"ListItem\",\"position\":2,\"name\":\"\u00bfC\u00f3mo rinden culto los cu\u00e1queros?\"}]},{\"@type\":\"WebSite\",\"@id\":\"https:\\\/\\\/quaker.org\\\/es\\\/#website\",\"url\":\"https:\\\/\\\/quaker.org\\\/es\\\/\",\"name\":\"Quaker.org\",\"description\":\"Learn about Friends\",\"publisher\":{\"@id\":\"https:\\\/\\\/quaker.org\\\/es\\\/#organization\"},\"potentialAction\":[{\"@type\":\"SearchAction\",\"target\":{\"@type\":\"EntryPoint\",\"urlTemplate\":\"https:\\\/\\\/quaker.org\\\/es\\\/?s={search_term_string}\"},\"query-input\":{\"@type\":\"PropertyValueSpecification\",\"valueRequired\":true,\"valueName\":\"search_term_string\"}}],\"inLanguage\":\"es-ES\"},{\"@type\":\"Organization\",\"@id\":\"https:\\\/\\\/quaker.org\\\/es\\\/#organization\",\"name\":\"Quaker.org\",\"url\":\"https:\\\/\\\/quaker.org\\\/es\\\/\",\"logo\":{\"@type\":\"ImageObject\",\"inLanguage\":\"es-ES\",\"@id\":\"https:\\\/\\\/quaker.org\\\/es\\\/#\\\/schema\\\/logo\\\/image\\\/\",\"url\":\"https:\\\/\\\/quaker.org\\\/wp-content\\\/uploads\\\/sites\\\/3\\\/2025\\\/08\\\/QuakerOrgLogo_BW-300x54-1.png\",\"contentUrl\":\"https:\\\/\\\/quaker.org\\\/wp-content\\\/uploads\\\/sites\\\/3\\\/2025\\\/08\\\/QuakerOrgLogo_BW-300x54-1.png\",\"width\":300,\"height\":54,\"caption\":\"Quaker.org\"},\"image\":{\"@id\":\"https:\\\/\\\/quaker.org\\\/es\\\/#\\\/schema\\\/logo\\\/image\\\/\"}}]}<\/script>\n<!-- \/ Yoast SEO plugin. -->","yoast_head_json":{"title":"\u00bfC\u00f3mo rinden culto los cu\u00e1queros? - \u00bfQu\u00e9 ocurre en un Meeting for Worship cu\u00e1quero?","description":"La forma exacta en que los cu\u00e1queros practican el culto puede variar seg\u00fan la orientaci\u00f3n espiritual, pero el culto silencioso es un elemento central en casi cualquier Meeting. M\u00e1s informaci\u00f3n","robots":{"index":"index","follow":"follow","max-snippet":"max-snippet:-1","max-image-preview":"max-image-preview:large","max-video-preview":"max-video-preview:-1"},"canonical":"https:\/\/quaker.org\/es\/como-adoran-los-cuaqueros\/","og_locale":"es_ES","og_type":"article","og_title":"\u00bfC\u00f3mo rinden culto los cu\u00e1queros? - \u00bfQu\u00e9 ocurre en un Meeting for Worship cu\u00e1quero?","og_description":"La forma exacta en que los cu\u00e1queros practican el culto puede variar seg\u00fan la orientaci\u00f3n espiritual, pero el culto silencioso es un elemento central en casi cualquier Meeting. M\u00e1s informaci\u00f3n","og_url":"https:\/\/quaker.org\/es\/como-adoran-los-cuaqueros\/","og_site_name":"Quaker.org","article_modified_time":"2025-10-21T14:14:39+00:00","twitter_card":"summary_large_image","twitter_misc":{"Est. reading time":"3 minutes"},"schema":{"@context":"https:\/\/schema.org","@graph":[{"@type":"WebPage","@id":"https:\/\/quaker.org\/es\/como-adoran-los-cuaqueros\/","url":"https:\/\/quaker.org\/es\/como-adoran-los-cuaqueros\/","name":"\u00bfC\u00f3mo rinden culto los cu\u00e1queros? - \u00bfQu\u00e9 ocurre en un Meeting for Worship cu\u00e1quero?","isPartOf":{"@id":"https:\/\/quaker.org\/es\/#website"},"datePublished":"2022-01-26T18:14:33+00:00","dateModified":"2025-10-21T14:14:39+00:00","description":"La forma exacta en que los cu\u00e1queros practican el culto puede variar seg\u00fan la orientaci\u00f3n espiritual, pero el culto silencioso es un elemento central en casi cualquier Meeting. M\u00e1s informaci\u00f3n","breadcrumb":{"@id":"https:\/\/quaker.org\/es\/como-adoran-los-cuaqueros\/#breadcrumb"},"inLanguage":"es-ES","potentialAction":[{"@type":"ReadAction","target":["https:\/\/quaker.org\/es\/como-adoran-los-cuaqueros\/"]}]},{"@type":"BreadcrumbList","@id":"https:\/\/quaker.org\/es\/como-adoran-los-cuaqueros\/#breadcrumb","itemListElement":[{"@type":"ListItem","position":1,"name":"Home","item":"https:\/\/quaker.org\/es\/bienvenido-a-a-quaker-org\/"},{"@type":"ListItem","position":2,"name":"\u00bfC\u00f3mo rinden culto los cu\u00e1queros?"}]},{"@type":"WebSite","@id":"https:\/\/quaker.org\/es\/#website","url":"https:\/\/quaker.org\/es\/","name":"Quaker.org","description":"Learn about Friends","publisher":{"@id":"https:\/\/quaker.org\/es\/#organization"},"potentialAction":[{"@type":"SearchAction","target":{"@type":"EntryPoint","urlTemplate":"https:\/\/quaker.org\/es\/?s={search_term_string}"},"query-input":{"@type":"PropertyValueSpecification","valueRequired":true,"valueName":"search_term_string"}}],"inLanguage":"es-ES"},{"@type":"Organization","@id":"https:\/\/quaker.org\/es\/#organization","name":"Quaker.org","url":"https:\/\/quaker.org\/es\/","logo":{"@type":"ImageObject","inLanguage":"es-ES","@id":"https:\/\/quaker.org\/es\/#\/schema\/logo\/image\/","url":"https:\/\/quaker.org\/wp-content\/uploads\/sites\/3\/2025\/08\/QuakerOrgLogo_BW-300x54-1.png","contentUrl":"https:\/\/quaker.org\/wp-content\/uploads\/sites\/3\/2025\/08\/QuakerOrgLogo_BW-300x54-1.png","width":300,"height":54,"caption":"Quaker.org"},"image":{"@id":"https:\/\/quaker.org\/es\/#\/schema\/logo\/image\/"}}]}},"distributor_meta":false,"distributor_terms":false,"distributor_media":false,"distributor_original_site_name":"Quaker.org","distributor_original_site_url":"https:\/\/quaker.org\/es\/","push-errors":false,"acf":[],"_links":{"self":[{"href":"https:\/\/quaker.org\/es\/wp-json\/wp\/v2\/pages\/2257","targetHints":{"allow":["GET"]}}],"collection":[{"href":"https:\/\/quaker.org\/es\/wp-json\/wp\/v2\/pages"}],"about":[{"href":"https:\/\/quaker.org\/es\/wp-json\/wp\/v2\/types\/page"}],"author":[{"embeddable":true,"href":"https:\/\/quaker.org\/es\/wp-json\/wp\/v2\/users\/5131"}],"replies":[{"embeddable":true,"href":"https:\/\/quaker.org\/es\/wp-json\/wp\/v2\/comments?post=2257"}],"version-history":[{"count":2,"href":"https:\/\/quaker.org\/es\/wp-json\/wp\/v2\/pages\/2257\/revisions"}],"predecessor-version":[{"id":3586,"href":"https:\/\/quaker.org\/es\/wp-json\/wp\/v2\/pages\/2257\/revisions\/3586"}],"wp:attachment":[{"href":"https:\/\/quaker.org\/es\/wp-json\/wp\/v2\/media?parent=2257"}],"curies":[{"name":"wp","href":"https:\/\/api.w.org\/{rel}","templated":true}]}}