{"id":2253,"date":"2023-05-24T22:08:56","date_gmt":"2023-05-24T22:08:56","guid":{"rendered":"https:\/\/quaker.org\/?page_id=2253"},"modified":"2025-10-21T14:15:39","modified_gmt":"2025-10-21T14:15:39","slug":"creen-los-amigos-en-el-cielo","status":"publish","type":"page","link":"https:\/\/quaker.org\/es\/creen-los-amigos-en-el-cielo\/","title":{"rendered":"\u00bfCreen los cu\u00e1queros en el cielo?"},"content":{"rendered":"\n<div class=\"wp-block-group is-layout-grid wp-container-core-group-is-layout-9649a0d9 wp-block-group-is-layout-grid\">\n<p class=\"wp-container-content-e29552f7\">Algunos Amigos creen que, cuando morimos, entramos en un reino de amor puro que ampl\u00eda nuestra experiencia espiritual del amor de Dios durante la vida terrenal. Otros creen que entraremos en la presencia de Jes\u00fas y permaneceremos con \u00e9l por la eternidad. Y algunos Amigos consideran que la muerte es el fin de nuestra existencia. Aqu\u00ed se presentan algunas reflexiones sobre los distintos enfoques espirituales de los cu\u00e1queros respecto a la muerte y las creencias sobre la otra vida.<\/p>\n\n\n\n<figure class=\"wp-block-embed is-type-video is-provider-youtube wp-block-embed-youtube wp-embed-aspect-16-9 wp-has-aspect-ratio wp-container-content-e29552f7\"><div class=\"wp-block-embed__wrapper\">\n<iframe loading=\"lazy\" title=\"Do Quakers Believe in Heaven?\" width=\"500\" height=\"281\" src=\"https:\/\/www.youtube.com\/embed\/dMmkJ5kAgS4?feature=oembed\" frameborder=\"0\" allow=\"accelerometer; autoplay; clipboard-write; encrypted-media; gyroscope; picture-in-picture; web-share\" referrerpolicy=\"strict-origin-when-cross-origin\" allowfullscreen><\/iframe>\n<\/div><\/figure>\n<\/div>\n\n\n\n<p>George Fox y los primeros cu\u00e1queros cre\u00edan que viv\u00edan en la \u00e9poca del regreso de Cristo a la tierra, por lo que no pon\u00edan \u00e9nfasis en la vida despu\u00e9s de la muerte, <a href=\"https:\/\/quakerquaker.org\/profiles\/blogs\/this-life-or-the-afterlife.html\">como explica Patricia Barber<\/a>. Se consideraban el pueblo que preparar\u00eda el reinado milenario de Jes\u00fas, un acontecimiento que muchos cristianos creen que predice el libro b\u00edblico del Apocalipsis, as\u00ed que procuraban crear un reino pac\u00edfico en sus juntas. Incluso despu\u00e9s de que los Amigos dejaran de creer que viv\u00edan en d\u00edas apocal\u00edpticos, su fe se centraba en la vida presente, no en lo que les esperaba despu\u00e9s la muerte.<\/p>\n\n\n\n<p>Casi cuatro siglos despu\u00e9s, muchos Amigos liberales siguen sin dar importancia a la vida despu\u00e9s de la muerte o directamente no creen en ella.<\/p>\n\n\n\n<p>En un estudio sociol\u00f3gico de 2001 que comparaba las creencias de anglicanos y cu\u00e1queros, Jan Swallow, estudiante de maestr\u00eda en la Universidad de Reading (Reino Unido), entrevist\u00f3 a 28 voluntarios de cinco reuniones locales de los Amigos en Gran Breta\u00f1a sobre sus opiniones acerca de la otra vida. Descubri\u00f3 una gran diversidad en las creencias de los Amigos.&nbsp;<\/p>\n\n\n\n<p>Los cu\u00e1queros entrevistados por Swallow a menudo priorizaban vivir \u00e9ticamente en esta vida sobre la expectativa de una vida futura. Aquellos Amigos que se identificaban como centrados en Cristo no consideraban que la fe en la vida eterna fuera esencial para la fe cristiana. Los cu\u00e1queros cristoc\u00e9ntricos pensaban que creer en la vida despu\u00e9s de la muerte pod\u00eda corromper las motivaciones para seguir a Jes\u00fas.&nbsp;<\/p>\n\n\n\n<p>Los entrevistados conoc\u00edan bastante sobre las creencias de otras religiones respecto a la muerte. Al responder preguntas sobre sus convicciones, con frecuencia sustentaban sus ideas en experiencias personales.<\/p>\n\n\n\n<p>Swallow clasific\u00f3 a los encuestados como materialistas que creen que la existencia termina con la muerte, agn\u00f3sticos esperanzados, antropoc\u00e9ntricos y teoc\u00e9ntricos. Seis cu\u00e1queros que se identificaron como materialistas expresaron su aprecio por el hecho de que las juntas cu\u00e1queras acogieran a personas cuya fe inclu\u00eda muchas dudas. Muchos cu\u00e1queros cristocentricos dijeron que basaban su vida presente en las ense\u00f1anzas de Jes\u00fas, pero no cre\u00edan que la vida continuar\u00e1 despu\u00e9s de la muerte. Algunos cu\u00e1queros que s\u00ed cre\u00edan en una vida espiritual despu\u00e9s de la muerte no relacionaban esta convicci\u00f3n con sus experiencias en el culto.<\/p>\n\n\n\n<p>Muchos Amigos tradicionalistas, que se adhieren a las creencias cristianas de los primeros cu\u00e1queros, s\u00ed hallan consuelo en la creencia en la vida futura.<\/p>\n\n\n\n<p>El Libro de Disciplina de la Junta Anual de Ohio, que re\u00fane a Amigos Conservadores, dice esto acerca de los funerales:<\/p>\n\n\n\n<blockquote class=\"wp-block-quote is-layout-flow wp-block-quote-is-layout-flow\">\n<p>La sencillez de una reuni\u00f3n de adoraci\u00f3n es deseable en la realizaci\u00f3n de funerales. Deber\u00edan ser ocasiones en las que lo temporal quede en segundo plano, en las que se sienta profundamente la realidad de la vida inmortal, y en las que la presencia de nuestro Se\u00f1or traiga esperanza, consuelo y alivio a los dolientes.<\/p>\n<\/blockquote>\n\n\n\n<p>Los Amigos evang\u00e9licos, como los de la Junta Anual de MidAmerica, creen que el juicio de los muertos ocurrir\u00e1 cuando Cristo regrese a la tierra. Su declaraci\u00f3n de fe y pr\u00e1ctica en l\u00ednea desarrolla esta idea:<\/p>\n\n\n\n<blockquote class=\"wp-block-quote is-layout-flow wp-block-quote-is-layout-flow\">\n<p>Los muertos resucitar\u00e1n, unos para vida eterna, otros para castigo eterno. Todos ser\u00e1n juzgados por Dios y recibir\u00e1n la justa recompensa por sus obras. Los bienaventurados vivir\u00e1n por siempre en el cielo, pero los perdidos sufrir\u00e1n eternamente en el infierno.<\/p>\n<\/blockquote>\n\n\n\n<p>Los miembros de la Friends United Meeting en \u00c1frica Oriental sostienen puntos de vista similares. La Fe Cristiana y Pr\u00e1ctica en la Iglesia de los Amigos, de FUM, explica:<\/p>\n\n\n\n<blockquote class=\"wp-block-quote is-layout-flow wp-block-quote-is-layout-flow\">\n<p>Dios no desea que nadie perezca sin salvaci\u00f3n y ha dado a cada uno la capacidad y oportunidad de escuchar la invitaci\u00f3n de Jes\u00fas a reconciliarse con Dios. Quienes permanecen obstinados en el pecado e insisten en ignorar la invitaci\u00f3n de Jes\u00fas a ser perdonados y salvados est\u00e1n en grave peligro de separaci\u00f3n eterna de Dios. Este estado de separaci\u00f3n eterna de Dios se conoce como infierno.<\/p>\n<\/blockquote>\n\n\n\n<p>Existe una visi\u00f3n contrastante de la vida despu\u00e9s de la muerte, conocida como la salvaci\u00f3n universal, que sostiene que un Dios verdaderamente amoroso nunca someter\u00eda a una persona al tormento eterno, y que el cielo no podr\u00eda ser realmente un para\u00edso si quienes est\u00e1n all\u00ed supieran que alguno de sus seres queridos est\u00e1 sufriendo en el infierno. Seg\u00fan esta visi\u00f3n, la muerte no es el fin del esfuerzo del alma por \u201creconciliarse con Dios\u201d, y Dios esperar\u00e1 todo el tiempo que sea necesario para que cada alma, incluso aquellas que considerar\u00edamos malvadas en vida, llegue a ese punto.<\/p>\n\n\n\n<p>Pero incluso en juntas anuales y mensuales que no ponen \u00e9nfasis en una visi\u00f3n cristiana de la vida despu\u00e9s de la muerte, los Amigos reconocen el valor de prepararse espiritualmente para la muerte.<\/p>\n\n\n\n<p>La Junta de Langley Hill en McLean, Virginia, por ejemplo, propone <em>preguntas<\/em> como estas para la reflexi\u00f3n:<\/p>\n\n\n\n<blockquote class=\"wp-block-quote is-layout-flow wp-block-quote-is-layout-flow\">\n<p><em>\u201c\u00bfEstoy preparado para encontrarme con mi Creador? \u00bfQu\u00e9 necesito hacer o sentir ahora para estar listo para la muerte?\u201d<\/em><\/p>\n\n\n\n<p><em>\u201c\u00bfPuedo aceptar que hice lo que hice y que no puedo deshacerlo?\u201d<\/em><\/p>\n\n\n\n<p><em>\u201cSi muriera hoy, \u00bftendr\u00eda alg\u00fan remordimiento? \u00bfQu\u00e9 habr\u00eda hecho de manera diferente para no tener remordimientos? \u00bfPuedo hacer algo ahora para reducir o eliminar esos remordimientos?\u201d<\/em><\/p>\n\n\n\n<p><em>\u201c\u00bfMe doy a m\u00ed mismo y a los dem\u00e1s suficiente espacio y oportunidad para que el perd\u00f3n ocurra de manera genuina?\u201d<\/em><\/p>\n\n\n\n<p><em>\u201c\u00bfC\u00f3mo puedo dejar ir el miedo a la muerte, en m\u00ed mismo y en los dem\u00e1s?\u201d<\/em><\/p>\n<\/blockquote>\n\n\n\n<p>El cuaquerismo ofrece una variedad de perspectivas para quienes buscan apoyo espiritual al reflexionar sobre la mortalidad. Comprender la diversidad de creencias puede facilitar el di\u00e1logo entre cu\u00e1queros con convicciones distintas. Aquellos que deseen acompa\u00f1ar a Amigos en duelo pueden adaptar su consuelo de manera que refleje las creencias de cada persona.<\/p>\n\n\n\n<h3 class=\"wp-block-heading\">(Read in English: <a href=\"https:\/\/quaker.org\/es\/creen-los-amigos-en-el-cielo\/\">Do Quakers believe in heaven?<\/a>)<\/h3>\n\n\n\n<div class=\"wp-block-group is-layout-grid wp-container-core-group-is-layout-9649a0d9 wp-block-group-is-layout-grid\">\n<p class=\"has-background wp-container-content-e29552f7\" style=\"background:linear-gradient(135deg,rgb(222,222,222) 0%,rgb(222,222,222) 100%)\"><strong>M\u00e1s informaci\u00f3n en <em>Friends Journal<\/em><\/strong><br><br>\u201c<a href=\"https:\/\/www.friendsjournal.org\/mystical-heaven\/\">Una vida centrada en el cielo,<\/a>&#8221; Michael Resman<br><br>\u201c<a href=\"https:\/\/www.friendsjournal.org\/touched-by-death-and-dying\/\">Tocado por la muerte y el morir<\/a>,&#8221; Marcelle Martin<br><br>\u201c<a href=\"https:\/\/www.friendsjournal.org\/quaker-approach-living-dying\/\">Un enfoque cu\u00e1quero para vivir con el morir<\/a>,\u201d Katherine Jaramillo<br><br>\u201c<a href=\"https:\/\/www.friendsjournal.org\/simple-state-of-being\/\">Un estado simple del ser que nunca muere de verdad<\/a>,\u201d Robert Stephen Dicken<br><br>\u201c<a href=\"https:\/\/www.friendsjournal.org\/quakers-passing-fathers-way\/\">La partida de un cu\u00e1quero: la manera de mi padre<\/a>,\u201d Shannon Zimmerman<br><br>\u201c<a href=\"https:\/\/www.friendsjournal.org\/weeping-to-joy\/\">Del llanto al gozo<\/a>,&#8221; Betsy Blake\u00a0<\/p>\n\n\n\n<figure class=\"wp-block-embed is-type-video is-provider-youtube wp-block-embed-youtube wp-embed-aspect-16-9 wp-has-aspect-ratio wp-container-content-e29552f7\"><div class=\"wp-block-embed__wrapper\">\n<iframe loading=\"lazy\" title=\"On Quaker Deathways: Practices Around Death and Dying\" width=\"500\" height=\"281\" src=\"https:\/\/www.youtube.com\/embed\/jc6ajthaedE?feature=oembed\" frameborder=\"0\" allow=\"accelerometer; autoplay; clipboard-write; encrypted-media; gyroscope; picture-in-picture; web-share\" referrerpolicy=\"strict-origin-when-cross-origin\" allowfullscreen><\/iframe>\n<\/div><\/figure>\n<\/div>\n\n\n\n<p class=\"has-text-align-center\"><em>\u201cHay algunos aspectos de la muerte y el morir que creo que los cu\u00e1queros dominan muy bien, y uno de ellos es que solemos prepararnos. Solemos decir: \u2018Esto es lo que quiero\u2019&#8230; y adentrarnos en nuestra agon\u00eda y pensar en c\u00f3mo queremos morir bien.:\u201d<\/em><\/p>\n","protected":false},"excerpt":{"rendered":"<p>Algunos Amigos creen que, cuando morimos, entramos en un reino de amor puro que ampl\u00eda nuestra experiencia espiritual del amor&hellip;<\/p>\n","protected":false},"author":5131,"featured_media":0,"parent":0,"menu_order":0,"comment_status":"closed","ping_status":"closed","template":"","meta":{"_acf_changed":false,"hero_banner_post_id":0,"footnotes":""},"class_list":["post-2253","page","type-page","status-publish","hentry"],"yoast_head":"<!-- This site is optimized with the Yoast SEO plugin v27.3 - https:\/\/yoast.com\/product\/yoast-seo-wordpress\/ -->\n<title>Los cu\u00e1queros, la salvaci\u00f3n y la vida despu\u00e9s de la muerte - Quaker.org<\/title>\n<meta name=\"description\" content=\"Los cu\u00e1queros tienen diversas creencias sobre la posibilidad de vida despu\u00e9s de la muerte, sobre si existe un cielo o no, y sobre qui\u00e9n va a estar all\u00ed para disfrutar de la salvaci\u00f3n eterna, si es que la hay.\" \/>\n<meta name=\"robots\" content=\"index, follow, max-snippet:-1, max-image-preview:large, max-video-preview:-1\" \/>\n<link rel=\"canonical\" href=\"https:\/\/quaker.org\/es\/creen-los-amigos-en-el-cielo\/\" \/>\n<meta property=\"og:locale\" content=\"es_ES\" \/>\n<meta property=\"og:type\" content=\"article\" \/>\n<meta property=\"og:title\" content=\"Los cu\u00e1queros, la salvaci\u00f3n y la vida despu\u00e9s de la muerte - Quaker.org\" \/>\n<meta property=\"og:description\" content=\"Los cu\u00e1queros tienen diversas creencias sobre la posibilidad de vida despu\u00e9s de la muerte, sobre si existe un cielo o no, y sobre qui\u00e9n va a estar all\u00ed para disfrutar de la salvaci\u00f3n eterna, si es que la hay.\" \/>\n<meta property=\"og:url\" content=\"https:\/\/quaker.org\/es\/creen-los-amigos-en-el-cielo\/\" \/>\n<meta property=\"og:site_name\" content=\"Quaker.org\" \/>\n<meta property=\"article:modified_time\" content=\"2025-10-21T14:15:39+00:00\" \/>\n<meta name=\"twitter:card\" content=\"summary_large_image\" \/>\n<meta name=\"twitter:label1\" content=\"Est. reading time\" \/>\n\t<meta name=\"twitter:data1\" content=\"4 minutes\" \/>\n<script type=\"application\/ld+json\" class=\"yoast-schema-graph\">{\"@context\":\"https:\\\/\\\/schema.org\",\"@graph\":[{\"@type\":\"WebPage\",\"@id\":\"https:\\\/\\\/quaker.org\\\/es\\\/creen-los-amigos-en-el-cielo\\\/\",\"url\":\"https:\\\/\\\/quaker.org\\\/es\\\/creen-los-amigos-en-el-cielo\\\/\",\"name\":\"Los cu\u00e1queros, la salvaci\u00f3n y la vida despu\u00e9s de la muerte - Quaker.org\",\"isPartOf\":{\"@id\":\"https:\\\/\\\/quaker.org\\\/es\\\/#website\"},\"datePublished\":\"2023-05-24T22:08:56+00:00\",\"dateModified\":\"2025-10-21T14:15:39+00:00\",\"description\":\"Los cu\u00e1queros tienen diversas creencias sobre la posibilidad de vida despu\u00e9s de la muerte, sobre si existe un cielo o no, y sobre qui\u00e9n va a estar all\u00ed para disfrutar de la salvaci\u00f3n eterna, si es que la hay.\",\"breadcrumb\":{\"@id\":\"https:\\\/\\\/quaker.org\\\/es\\\/creen-los-amigos-en-el-cielo\\\/#breadcrumb\"},\"inLanguage\":\"es-ES\",\"potentialAction\":[{\"@type\":\"ReadAction\",\"target\":[\"https:\\\/\\\/quaker.org\\\/es\\\/creen-los-amigos-en-el-cielo\\\/\"]}]},{\"@type\":\"BreadcrumbList\",\"@id\":\"https:\\\/\\\/quaker.org\\\/es\\\/creen-los-amigos-en-el-cielo\\\/#breadcrumb\",\"itemListElement\":[{\"@type\":\"ListItem\",\"position\":1,\"name\":\"Home\",\"item\":\"https:\\\/\\\/quaker.org\\\/es\\\/bienvenido-a-a-quaker-org\\\/\"},{\"@type\":\"ListItem\",\"position\":2,\"name\":\"\u00bfCreen los cu\u00e1queros en el cielo?\"}]},{\"@type\":\"WebSite\",\"@id\":\"https:\\\/\\\/quaker.org\\\/es\\\/#website\",\"url\":\"https:\\\/\\\/quaker.org\\\/es\\\/\",\"name\":\"Quaker.org\",\"description\":\"Learn about Friends\",\"publisher\":{\"@id\":\"https:\\\/\\\/quaker.org\\\/es\\\/#organization\"},\"potentialAction\":[{\"@type\":\"SearchAction\",\"target\":{\"@type\":\"EntryPoint\",\"urlTemplate\":\"https:\\\/\\\/quaker.org\\\/es\\\/?s={search_term_string}\"},\"query-input\":{\"@type\":\"PropertyValueSpecification\",\"valueRequired\":true,\"valueName\":\"search_term_string\"}}],\"inLanguage\":\"es-ES\"},{\"@type\":\"Organization\",\"@id\":\"https:\\\/\\\/quaker.org\\\/es\\\/#organization\",\"name\":\"Quaker.org\",\"url\":\"https:\\\/\\\/quaker.org\\\/es\\\/\",\"logo\":{\"@type\":\"ImageObject\",\"inLanguage\":\"es-ES\",\"@id\":\"https:\\\/\\\/quaker.org\\\/es\\\/#\\\/schema\\\/logo\\\/image\\\/\",\"url\":\"https:\\\/\\\/quaker.org\\\/wp-content\\\/uploads\\\/sites\\\/3\\\/2025\\\/08\\\/QuakerOrgLogo_BW-300x54-1.png\",\"contentUrl\":\"https:\\\/\\\/quaker.org\\\/wp-content\\\/uploads\\\/sites\\\/3\\\/2025\\\/08\\\/QuakerOrgLogo_BW-300x54-1.png\",\"width\":300,\"height\":54,\"caption\":\"Quaker.org\"},\"image\":{\"@id\":\"https:\\\/\\\/quaker.org\\\/es\\\/#\\\/schema\\\/logo\\\/image\\\/\"}}]}<\/script>\n<!-- \/ Yoast SEO plugin. -->","yoast_head_json":{"title":"Los cu\u00e1queros, la salvaci\u00f3n y la vida despu\u00e9s de la muerte - Quaker.org","description":"Los cu\u00e1queros tienen diversas creencias sobre la posibilidad de vida despu\u00e9s de la muerte, sobre si existe un cielo o no, y sobre qui\u00e9n va a estar all\u00ed para disfrutar de la salvaci\u00f3n eterna, si es que la hay.","robots":{"index":"index","follow":"follow","max-snippet":"max-snippet:-1","max-image-preview":"max-image-preview:large","max-video-preview":"max-video-preview:-1"},"canonical":"https:\/\/quaker.org\/es\/creen-los-amigos-en-el-cielo\/","og_locale":"es_ES","og_type":"article","og_title":"Los cu\u00e1queros, la salvaci\u00f3n y la vida despu\u00e9s de la muerte - Quaker.org","og_description":"Los cu\u00e1queros tienen diversas creencias sobre la posibilidad de vida despu\u00e9s de la muerte, sobre si existe un cielo o no, y sobre qui\u00e9n va a estar all\u00ed para disfrutar de la salvaci\u00f3n eterna, si es que la hay.","og_url":"https:\/\/quaker.org\/es\/creen-los-amigos-en-el-cielo\/","og_site_name":"Quaker.org","article_modified_time":"2025-10-21T14:15:39+00:00","twitter_card":"summary_large_image","twitter_misc":{"Est. reading time":"4 minutes"},"schema":{"@context":"https:\/\/schema.org","@graph":[{"@type":"WebPage","@id":"https:\/\/quaker.org\/es\/creen-los-amigos-en-el-cielo\/","url":"https:\/\/quaker.org\/es\/creen-los-amigos-en-el-cielo\/","name":"Los cu\u00e1queros, la salvaci\u00f3n y la vida despu\u00e9s de la muerte - Quaker.org","isPartOf":{"@id":"https:\/\/quaker.org\/es\/#website"},"datePublished":"2023-05-24T22:08:56+00:00","dateModified":"2025-10-21T14:15:39+00:00","description":"Los cu\u00e1queros tienen diversas creencias sobre la posibilidad de vida despu\u00e9s de la muerte, sobre si existe un cielo o no, y sobre qui\u00e9n va a estar all\u00ed para disfrutar de la salvaci\u00f3n eterna, si es que la hay.","breadcrumb":{"@id":"https:\/\/quaker.org\/es\/creen-los-amigos-en-el-cielo\/#breadcrumb"},"inLanguage":"es-ES","potentialAction":[{"@type":"ReadAction","target":["https:\/\/quaker.org\/es\/creen-los-amigos-en-el-cielo\/"]}]},{"@type":"BreadcrumbList","@id":"https:\/\/quaker.org\/es\/creen-los-amigos-en-el-cielo\/#breadcrumb","itemListElement":[{"@type":"ListItem","position":1,"name":"Home","item":"https:\/\/quaker.org\/es\/bienvenido-a-a-quaker-org\/"},{"@type":"ListItem","position":2,"name":"\u00bfCreen los cu\u00e1queros en el cielo?"}]},{"@type":"WebSite","@id":"https:\/\/quaker.org\/es\/#website","url":"https:\/\/quaker.org\/es\/","name":"Quaker.org","description":"Learn about Friends","publisher":{"@id":"https:\/\/quaker.org\/es\/#organization"},"potentialAction":[{"@type":"SearchAction","target":{"@type":"EntryPoint","urlTemplate":"https:\/\/quaker.org\/es\/?s={search_term_string}"},"query-input":{"@type":"PropertyValueSpecification","valueRequired":true,"valueName":"search_term_string"}}],"inLanguage":"es-ES"},{"@type":"Organization","@id":"https:\/\/quaker.org\/es\/#organization","name":"Quaker.org","url":"https:\/\/quaker.org\/es\/","logo":{"@type":"ImageObject","inLanguage":"es-ES","@id":"https:\/\/quaker.org\/es\/#\/schema\/logo\/image\/","url":"https:\/\/quaker.org\/wp-content\/uploads\/sites\/3\/2025\/08\/QuakerOrgLogo_BW-300x54-1.png","contentUrl":"https:\/\/quaker.org\/wp-content\/uploads\/sites\/3\/2025\/08\/QuakerOrgLogo_BW-300x54-1.png","width":300,"height":54,"caption":"Quaker.org"},"image":{"@id":"https:\/\/quaker.org\/es\/#\/schema\/logo\/image\/"}}]}},"distributor_meta":false,"distributor_terms":false,"distributor_media":false,"distributor_original_site_name":"Quaker.org","distributor_original_site_url":"https:\/\/quaker.org\/es\/","push-errors":false,"acf":[],"_links":{"self":[{"href":"https:\/\/quaker.org\/es\/wp-json\/wp\/v2\/pages\/2253","targetHints":{"allow":["GET"]}}],"collection":[{"href":"https:\/\/quaker.org\/es\/wp-json\/wp\/v2\/pages"}],"about":[{"href":"https:\/\/quaker.org\/es\/wp-json\/wp\/v2\/types\/page"}],"author":[{"embeddable":true,"href":"https:\/\/quaker.org\/es\/wp-json\/wp\/v2\/users\/5131"}],"replies":[{"embeddable":true,"href":"https:\/\/quaker.org\/es\/wp-json\/wp\/v2\/comments?post=2253"}],"version-history":[{"count":2,"href":"https:\/\/quaker.org\/es\/wp-json\/wp\/v2\/pages\/2253\/revisions"}],"predecessor-version":[{"id":3594,"href":"https:\/\/quaker.org\/es\/wp-json\/wp\/v2\/pages\/2253\/revisions\/3594"}],"wp:attachment":[{"href":"https:\/\/quaker.org\/es\/wp-json\/wp\/v2\/media?parent=2253"}],"curies":[{"name":"wp","href":"https:\/\/api.w.org\/{rel}","templated":true}]}}