{"id":2246,"date":"2023-03-10T16:53:43","date_gmt":"2023-03-10T16:53:43","guid":{"rendered":"https:\/\/quaker.org\/?page_id=2246"},"modified":"2025-10-21T14:13:10","modified_gmt":"2025-10-21T14:13:10","slug":"como-encuentro-una-iglesia-de-los-amigos-o-quaker-meeting-amigable-con-la-comunidad-lgbtq","status":"publish","type":"page","link":"https:\/\/quaker.org\/es\/como-encuentro-una-iglesia-de-los-amigos-o-quaker-meeting-amigable-con-la-comunidad-lgbtq\/","title":{"rendered":"\u00bfSon los quakers afirmativos con las personas LGBTQ+?"},"content":{"rendered":"\n<div class=\"wp-block-group is-layout-grid wp-container-core-group-is-layout-9649a0d9 wp-block-group-is-layout-grid\">\n<p class=\"wp-container-content-e29552f7\">Si hay una Iglesia de los Amigos o Quaker Meeting en su comunidad, existe una manera sencilla de averiguar si es un espacio amigable con personas queer: revise su sitio web para ver si tienen una declaraci\u00f3n que reconozca a las personas LGBTQ+ y afirme sus relaciones, o pregunte a alg\u00fan Amigo si la junta alguna vez ha aprobado un acta en ese sentido. La existencia de ese tipo de acta es un claro indicio de que la junta ha reflexionado seriamente sobre las necesidades y preocupaciones de la comunidad LGBTQ+ y acoge a las personas queer.<br><br>Es posible que descubras que algunos miembros de la junta han propuesto dicha acta, pero que la junta nunca ha logrado un consenso al respecto. En ese caso, al menos sabr\u00e1s que algunos Amigos comprenden por qu\u00e9 est\u00e1s buscando un espacio que le afirme, y quiz\u00e1 esos Amigos puedan ofrecerte el entorno de apoyo que buscas. Si la junta nunca ha debatido este tema, eso no significa necesariamente que sean hostiles hacia las personas LGBTQ+, puede simplemente indicar que no han sentido una urgencia particular de manifestar su apoyo. Depende de ti si quieres seguir asistiendo y discernir si se trata de una indiferencia pasiva o de una intolerancia activa.<\/p>\n\n\n\n<figure class=\"wp-block-embed is-type-video is-provider-youtube wp-block-embed-youtube wp-embed-aspect-16-9 wp-has-aspect-ratio wp-container-content-e29552f7\"><div class=\"wp-block-embed__wrapper\">\n<iframe loading=\"lazy\" title=\"Creating Visible Support For LGBTQ+ Folks\" width=\"500\" height=\"281\" src=\"https:\/\/www.youtube.com\/embed\/6oPvslqO51M?feature=oembed\" frameborder=\"0\" allow=\"accelerometer; autoplay; clipboard-write; encrypted-media; gyroscope; picture-in-picture; web-share\" referrerpolicy=\"strict-origin-when-cross-origin\" allowfullscreen><\/iframe>\n<\/div><figcaption class=\"wp-element-caption\"><em>\u201cDurante mi infancia, me ense\u00f1aron que Dios es amor, y sent\u00eda que lo que debemos hacer es ayudar a todos a comprender eso\u2026 El mayor regalo que Dios nos ha dado es el amor, y debemos valorarlo en todas las formas que adopta.\u201d<\/em><br><\/figcaption><\/figure>\n<\/div>\n\n\n\n<p>Las opiniones de los cu\u00e1queros sobre las personas y relaciones LGBTQ+ var\u00edan de una comunidad de Amigos a otra, y a veces dentro de las mismas comunidades. Por ejemplo, en 2017, diferencias de convicciones respecto a l\u00edderes y matrimonios LGBTQ+ llevaron a la separaci\u00f3n de dos grupos cu\u00e1queros cristoc\u00e9ntricos en el noroeste de Estados Unidos: Sierra-Cascades Yearly Meeting of Friends y Northwest Yearly Meeting of Friends. Disputas similares tambi\u00e9n se han producido en otras reuniones anuales en Indiana y Carolina del Norte.<\/p>\n\n\n\n<p>Si bien estos casos muestran que no todas las juntas cu\u00e1queras cristoc\u00e9ntricas en Estados Unidos rechazan las relaciones LGBTQ+, dado el car\u00e1cter conservador de muchas de ellas, un enfoque en el cristianismo tradicional puede ser un indicio temprano de cu\u00e1l es su postura. Friends United Meeting, una asociaci\u00f3n de Amigos cristoc\u00e9ntricos que trabaja en Oriente Medio, \u00c1frica, el Caribe y Norteam\u00e9rica, apoya los derechos civiles para todas las personas, incluidas las LGBTQ+, pero el manual de personal de FUM estipula que su personal y sus voluntarios s\u00f3lo pueden mantener relaciones sexuales dentro de un matrimonio compuesto por un hombre y una mujer. Algunas juntas anuales en FUM apoyan esa restricci\u00f3n, mientras que otras la rechazan, algunas con tanta firmeza que est\u00e1n reconsiderando su relaci\u00f3n con FUM.<\/p>\n\n\n\n<p>Otros cu\u00e1queros cristoc\u00e9ntricos tratan de encontrar un punto medio, similar a los argumentos de \u201codiar el pecado, amar al pecador\u201d que se escuchan en otras denominaciones cristianas. Por ejemplo, el borrador propuesto para 2021 de fe y pr\u00e1ctica de la junta anual de los Amigos Evang\u00e9licos Internacionales\/Mid-America, afirma:<\/p>\n\n\n\n<blockquote class=\"wp-block-quote is-layout-flow wp-block-quote-is-layout-flow\">\n<p>&#8220;Los Amigos defendemos una visi\u00f3n b\u00edblica de la sexualidad y el matrimonio. Como tal, los Amigos creemos que la homosexualidad va en contra de nuestra naturaleza sexual dada por Dios. Esta postura no limita la capacidad ni el llamado de los Amigos de amar a cada persona como alguien en quien habita lo de Dios. Voluntariamente ocupamos este espacio intermedio y sostenemos esta tensi\u00f3n como parte de nuestra misi\u00f3n de amar a nuestro pr\u00f3jimo como a nosotros mismos.&#8221;<\/p>\n<\/blockquote>\n\n\n\n<p>Por su parte, los cu\u00e1queros teol\u00f3gicamente liberales, como los que forman parte de Friends General Conference, tienden a aceptar plenamente a las personas y relaciones LGBTQ+. Por ejemplo, FGC cuenta con un enlace de secundaria entre su organizaci\u00f3n y Friends for Lesbian, Gay, Bisexual, Trans, and Queer Concerns. Este enlace coordina un grupo de afinidad para ofrecer acogida y crear comunidad entre personas de todas las orientaciones sexuales e identidades de g\u00e9nero durante la junta anual de una semana que organiza FGC.<\/p>\n\n\n\n<p>Friends for Lesbian, Gay, Bisexual, and Queer Concerns es una comunidad de Amigos de Am\u00e9rica del Norte que se re\u00fane dos veces al a\u00f1o para el culto y la convivencia. Tienen un encuentro en invierno y tambi\u00e9n se re\u00fanen durante la junta de Friends General Conference en verano. Adem\u00e1s, celebran cultos virtuales mensuales.<\/p>\n\n\n\n<p>Fuera de Estados Unidos, muchos Amigos aceptan a las personas LGBTQ+ y sus relaciones. En el Reino Unido, por ejemplo, los Amigos empezaron a expresar estas posturas afirmativas ya en la d\u00e9cada de 1960. \u201cLo que importa es la naturaleza y la calidad de una relaci\u00f3n,\u201d dec\u00eda un folleto pionero de esa \u00e9poca. \u201cLos mismos criterios nos parecen aplicables, sea que la relaci\u00f3n sea heterosexual u homosexual.\u201d Las comunidades cu\u00e1queras en pa\u00edses africanos como Kenia, sin embargo, han condenado expl\u00edcitamente las relaciones entre personas del mismo sexo y otras perversiones de g\u00e9nero como inmorales.<\/p>\n\n\n\n<h3 class=\"wp-block-heading\">(Read in English: <a href=\"https:\/\/quaker.org\/es\/como-encuentro-una-iglesia-de-los-amigos-o-quaker-meeting-amigable-con-la-comunidad-lgbtq\/\">Are Quakers LGBTQ+ affirming?<\/a>)<\/h3>\n\n\n\n<div class=\"wp-block-group is-layout-grid wp-container-core-group-is-layout-9649a0d9 wp-block-group-is-layout-grid\">\n<p class=\"has-background wp-container-content-e29552f7\" style=\"background:linear-gradient(135deg,rgb(222,222,222) 0%,rgb(222,222,222) 100%)\"><strong>M\u00e1s informaci\u00f3n en <em>Friends Journal<\/em><\/strong><br><br>\u201c<a href=\"https:\/\/www.friendsjournal.org\/drawing-circles-not-lines\/\">Trazando c\u00edrculos, no lineas<\/a>,\u201d Sarah Katreen Hoggatt<br><br>\u201c<a href=\"https:\/\/www.friendsjournal.org\/afsc-lgbtq\/\">Proclamando amor y Justicia<\/a>,&#8221; Stephen McNeil<br><br>\u201c<a href=\"https:\/\/www.friendsjournal.org\/transgender-george-school\/\">Afirmando a Ivy<\/a>,\u201d Laura Noel<br><br>\u201c<a href=\"https:\/\/www.friendsjournal.org\/reluctant-minister\/\">Un ministro reticente<\/a>,\u201d Peterson Toscano<br><br>\u201c<a href=\"https:\/\/www.friendsjournal.org\/growing-faith-blessed-community\/\">Cultivando la fe en una comunidad bendecida<\/a>,\u201d Kathy Beth<\/p>\n\n\n\n<figure class=\"wp-block-embed is-type-video is-provider-youtube wp-block-embed-youtube wp-embed-aspect-16-9 wp-has-aspect-ratio wp-container-content-e29552f7\"><div class=\"wp-block-embed__wrapper\">\n<iframe loading=\"lazy\" title=\"How Jesus Affirms My Queerness\" width=\"500\" height=\"281\" src=\"https:\/\/www.youtube.com\/embed\/4duSExPay5Q?feature=oembed\" frameborder=\"0\" allow=\"accelerometer; autoplay; clipboard-write; encrypted-media; gyroscope; picture-in-picture; web-share\" referrerpolicy=\"strict-origin-when-cross-origin\" allowfullscreen><\/iframe>\n<\/div><\/figure>\n<\/div>\n\n\n\n<p class=\"has-text-align-center\"><em>\u201cSi no encajas del todo en las estructuras de este mundo, si te encuentras en conflicto y resistencia con ellas, si descubres que las estructuras de poder de este mundo te excluyen de muchos recursos, autoridad o autodeterminaci\u00f3n, eres una figura central en el reino de Dios.\u201d<\/em><br><\/p>\n","protected":false},"excerpt":{"rendered":"<p>Si hay una Iglesia de los Amigos o Quaker Meeting en su comunidad, existe una manera sencilla de averiguar si&hellip;<\/p>\n","protected":false},"author":5131,"featured_media":0,"parent":0,"menu_order":0,"comment_status":"closed","ping_status":"closed","template":"","meta":{"_acf_changed":false,"hero_banner_post_id":0,"footnotes":""},"class_list":["post-2246","page","type-page","status-publish","hentry"],"yoast_head":"<!-- This site is optimized with the Yoast SEO plugin v27.4 - https:\/\/yoast.com\/product\/yoast-seo-wordpress\/ -->\n<title>\u00bfQu\u00e9 piensan los quakers sobre las personas LGBTQ+? - \u00bfCreen los quakers en los derechos de los homosexuales?<\/title>\n<meta name=\"description\" content=\"Las opiniones de los quakers sobre si afirmar a las personas y relaciones LGBTQ+ var\u00edan de una comunidad de Amigos a otra, y a veces dentro de las mismas comunidades. Aprenda m\u00e1s.\" \/>\n<meta name=\"robots\" content=\"index, follow, max-snippet:-1, max-image-preview:large, max-video-preview:-1\" \/>\n<link rel=\"canonical\" href=\"https:\/\/quaker.org\/es\/como-encuentro-una-iglesia-de-los-amigos-o-quaker-meeting-amigable-con-la-comunidad-lgbtq\/\" \/>\n<meta property=\"og:locale\" content=\"es_ES\" \/>\n<meta property=\"og:type\" content=\"article\" \/>\n<meta property=\"og:title\" content=\"\u00bfQu\u00e9 piensan los quakers sobre las personas LGBTQ+? - \u00bfCreen los quakers en los derechos de los homosexuales?\" \/>\n<meta property=\"og:description\" content=\"Las opiniones de los quakers sobre si afirmar a las personas y relaciones LGBTQ+ var\u00edan de una comunidad de Amigos a otra, y a veces dentro de las mismas comunidades. Aprenda m\u00e1s.\" \/>\n<meta property=\"og:url\" content=\"https:\/\/quaker.org\/es\/como-encuentro-una-iglesia-de-los-amigos-o-quaker-meeting-amigable-con-la-comunidad-lgbtq\/\" \/>\n<meta property=\"og:site_name\" content=\"Quaker.org\" \/>\n<meta property=\"article:modified_time\" content=\"2025-10-21T14:13:10+00:00\" \/>\n<meta name=\"twitter:card\" content=\"summary_large_image\" \/>\n<meta name=\"twitter:label1\" content=\"Est. reading time\" \/>\n\t<meta name=\"twitter:data1\" content=\"4 minutes\" \/>\n<script type=\"application\/ld+json\" class=\"yoast-schema-graph\">{\"@context\":\"https:\\\/\\\/schema.org\",\"@graph\":[{\"@type\":\"WebPage\",\"@id\":\"https:\\\/\\\/quaker.org\\\/es\\\/como-encuentro-una-iglesia-de-los-amigos-o-quaker-meeting-amigable-con-la-comunidad-lgbtq\\\/\",\"url\":\"https:\\\/\\\/quaker.org\\\/es\\\/como-encuentro-una-iglesia-de-los-amigos-o-quaker-meeting-amigable-con-la-comunidad-lgbtq\\\/\",\"name\":\"\u00bfQu\u00e9 piensan los quakers sobre las personas LGBTQ+? - \u00bfCreen los quakers en los derechos de los homosexuales?\",\"isPartOf\":{\"@id\":\"https:\\\/\\\/quaker.org\\\/es\\\/#website\"},\"datePublished\":\"2023-03-10T16:53:43+00:00\",\"dateModified\":\"2025-10-21T14:13:10+00:00\",\"description\":\"Las opiniones de los quakers sobre si afirmar a las personas y relaciones LGBTQ+ var\u00edan de una comunidad de Amigos a otra, y a veces dentro de las mismas comunidades. Aprenda m\u00e1s.\",\"breadcrumb\":{\"@id\":\"https:\\\/\\\/quaker.org\\\/es\\\/como-encuentro-una-iglesia-de-los-amigos-o-quaker-meeting-amigable-con-la-comunidad-lgbtq\\\/#breadcrumb\"},\"inLanguage\":\"es-ES\",\"potentialAction\":[{\"@type\":\"ReadAction\",\"target\":[\"https:\\\/\\\/quaker.org\\\/es\\\/como-encuentro-una-iglesia-de-los-amigos-o-quaker-meeting-amigable-con-la-comunidad-lgbtq\\\/\"]}]},{\"@type\":\"BreadcrumbList\",\"@id\":\"https:\\\/\\\/quaker.org\\\/es\\\/como-encuentro-una-iglesia-de-los-amigos-o-quaker-meeting-amigable-con-la-comunidad-lgbtq\\\/#breadcrumb\",\"itemListElement\":[{\"@type\":\"ListItem\",\"position\":1,\"name\":\"Home\",\"item\":\"https:\\\/\\\/quaker.org\\\/es\\\/bienvenido-a-a-quaker-org\\\/\"},{\"@type\":\"ListItem\",\"position\":2,\"name\":\"\u00bfSon los quakers afirmativos con las personas LGBTQ+?\"}]},{\"@type\":\"WebSite\",\"@id\":\"https:\\\/\\\/quaker.org\\\/es\\\/#website\",\"url\":\"https:\\\/\\\/quaker.org\\\/es\\\/\",\"name\":\"Quaker.org\",\"description\":\"Learn about Friends\",\"publisher\":{\"@id\":\"https:\\\/\\\/quaker.org\\\/es\\\/#organization\"},\"potentialAction\":[{\"@type\":\"SearchAction\",\"target\":{\"@type\":\"EntryPoint\",\"urlTemplate\":\"https:\\\/\\\/quaker.org\\\/es\\\/?s={search_term_string}\"},\"query-input\":{\"@type\":\"PropertyValueSpecification\",\"valueRequired\":true,\"valueName\":\"search_term_string\"}}],\"inLanguage\":\"es-ES\"},{\"@type\":\"Organization\",\"@id\":\"https:\\\/\\\/quaker.org\\\/es\\\/#organization\",\"name\":\"Quaker.org\",\"url\":\"https:\\\/\\\/quaker.org\\\/es\\\/\",\"logo\":{\"@type\":\"ImageObject\",\"inLanguage\":\"es-ES\",\"@id\":\"https:\\\/\\\/quaker.org\\\/es\\\/#\\\/schema\\\/logo\\\/image\\\/\",\"url\":\"https:\\\/\\\/quaker.org\\\/wp-content\\\/uploads\\\/sites\\\/3\\\/2025\\\/08\\\/QuakerOrgLogo_BW-300x54-1.png\",\"contentUrl\":\"https:\\\/\\\/quaker.org\\\/wp-content\\\/uploads\\\/sites\\\/3\\\/2025\\\/08\\\/QuakerOrgLogo_BW-300x54-1.png\",\"width\":300,\"height\":54,\"caption\":\"Quaker.org\"},\"image\":{\"@id\":\"https:\\\/\\\/quaker.org\\\/es\\\/#\\\/schema\\\/logo\\\/image\\\/\"}}]}<\/script>\n<!-- \/ Yoast SEO plugin. -->","yoast_head_json":{"title":"\u00bfQu\u00e9 piensan los quakers sobre las personas LGBTQ+? - \u00bfCreen los quakers en los derechos de los homosexuales?","description":"Las opiniones de los quakers sobre si afirmar a las personas y relaciones LGBTQ+ var\u00edan de una comunidad de Amigos a otra, y a veces dentro de las mismas comunidades. Aprenda m\u00e1s.","robots":{"index":"index","follow":"follow","max-snippet":"max-snippet:-1","max-image-preview":"max-image-preview:large","max-video-preview":"max-video-preview:-1"},"canonical":"https:\/\/quaker.org\/es\/como-encuentro-una-iglesia-de-los-amigos-o-quaker-meeting-amigable-con-la-comunidad-lgbtq\/","og_locale":"es_ES","og_type":"article","og_title":"\u00bfQu\u00e9 piensan los quakers sobre las personas LGBTQ+? - \u00bfCreen los quakers en los derechos de los homosexuales?","og_description":"Las opiniones de los quakers sobre si afirmar a las personas y relaciones LGBTQ+ var\u00edan de una comunidad de Amigos a otra, y a veces dentro de las mismas comunidades. Aprenda m\u00e1s.","og_url":"https:\/\/quaker.org\/es\/como-encuentro-una-iglesia-de-los-amigos-o-quaker-meeting-amigable-con-la-comunidad-lgbtq\/","og_site_name":"Quaker.org","article_modified_time":"2025-10-21T14:13:10+00:00","twitter_card":"summary_large_image","twitter_misc":{"Est. reading time":"4 minutes"},"schema":{"@context":"https:\/\/schema.org","@graph":[{"@type":"WebPage","@id":"https:\/\/quaker.org\/es\/como-encuentro-una-iglesia-de-los-amigos-o-quaker-meeting-amigable-con-la-comunidad-lgbtq\/","url":"https:\/\/quaker.org\/es\/como-encuentro-una-iglesia-de-los-amigos-o-quaker-meeting-amigable-con-la-comunidad-lgbtq\/","name":"\u00bfQu\u00e9 piensan los quakers sobre las personas LGBTQ+? - \u00bfCreen los quakers en los derechos de los homosexuales?","isPartOf":{"@id":"https:\/\/quaker.org\/es\/#website"},"datePublished":"2023-03-10T16:53:43+00:00","dateModified":"2025-10-21T14:13:10+00:00","description":"Las opiniones de los quakers sobre si afirmar a las personas y relaciones LGBTQ+ var\u00edan de una comunidad de Amigos a otra, y a veces dentro de las mismas comunidades. Aprenda m\u00e1s.","breadcrumb":{"@id":"https:\/\/quaker.org\/es\/como-encuentro-una-iglesia-de-los-amigos-o-quaker-meeting-amigable-con-la-comunidad-lgbtq\/#breadcrumb"},"inLanguage":"es-ES","potentialAction":[{"@type":"ReadAction","target":["https:\/\/quaker.org\/es\/como-encuentro-una-iglesia-de-los-amigos-o-quaker-meeting-amigable-con-la-comunidad-lgbtq\/"]}]},{"@type":"BreadcrumbList","@id":"https:\/\/quaker.org\/es\/como-encuentro-una-iglesia-de-los-amigos-o-quaker-meeting-amigable-con-la-comunidad-lgbtq\/#breadcrumb","itemListElement":[{"@type":"ListItem","position":1,"name":"Home","item":"https:\/\/quaker.org\/es\/bienvenido-a-a-quaker-org\/"},{"@type":"ListItem","position":2,"name":"\u00bfSon los quakers afirmativos con las personas LGBTQ+?"}]},{"@type":"WebSite","@id":"https:\/\/quaker.org\/es\/#website","url":"https:\/\/quaker.org\/es\/","name":"Quaker.org","description":"Learn about Friends","publisher":{"@id":"https:\/\/quaker.org\/es\/#organization"},"potentialAction":[{"@type":"SearchAction","target":{"@type":"EntryPoint","urlTemplate":"https:\/\/quaker.org\/es\/?s={search_term_string}"},"query-input":{"@type":"PropertyValueSpecification","valueRequired":true,"valueName":"search_term_string"}}],"inLanguage":"es-ES"},{"@type":"Organization","@id":"https:\/\/quaker.org\/es\/#organization","name":"Quaker.org","url":"https:\/\/quaker.org\/es\/","logo":{"@type":"ImageObject","inLanguage":"es-ES","@id":"https:\/\/quaker.org\/es\/#\/schema\/logo\/image\/","url":"https:\/\/quaker.org\/wp-content\/uploads\/sites\/3\/2025\/08\/QuakerOrgLogo_BW-300x54-1.png","contentUrl":"https:\/\/quaker.org\/wp-content\/uploads\/sites\/3\/2025\/08\/QuakerOrgLogo_BW-300x54-1.png","width":300,"height":54,"caption":"Quaker.org"},"image":{"@id":"https:\/\/quaker.org\/es\/#\/schema\/logo\/image\/"}}]}},"distributor_meta":false,"distributor_terms":false,"distributor_media":false,"distributor_original_site_name":"Quaker.org","distributor_original_site_url":"https:\/\/quaker.org\/es\/","push-errors":false,"acf":[],"_links":{"self":[{"href":"https:\/\/quaker.org\/es\/wp-json\/wp\/v2\/pages\/2246","targetHints":{"allow":["GET"]}}],"collection":[{"href":"https:\/\/quaker.org\/es\/wp-json\/wp\/v2\/pages"}],"about":[{"href":"https:\/\/quaker.org\/es\/wp-json\/wp\/v2\/types\/page"}],"author":[{"embeddable":true,"href":"https:\/\/quaker.org\/es\/wp-json\/wp\/v2\/users\/5131"}],"replies":[{"embeddable":true,"href":"https:\/\/quaker.org\/es\/wp-json\/wp\/v2\/comments?post=2246"}],"version-history":[{"count":2,"href":"https:\/\/quaker.org\/es\/wp-json\/wp\/v2\/pages\/2246\/revisions"}],"predecessor-version":[{"id":3582,"href":"https:\/\/quaker.org\/es\/wp-json\/wp\/v2\/pages\/2246\/revisions\/3582"}],"wp:attachment":[{"href":"https:\/\/quaker.org\/es\/wp-json\/wp\/v2\/media?parent=2246"}],"curies":[{"name":"wp","href":"https:\/\/api.w.org\/{rel}","templated":true}]}}