{"id":2241,"date":"2024-07-26T20:26:30","date_gmt":"2024-07-27T00:26:30","guid":{"rendered":"https:\/\/quaker.org\/?page_id=2241"},"modified":"2026-04-06T12:24:32","modified_gmt":"2026-04-06T16:24:32","slug":"introduccion-a-los-amigos","status":"publish","type":"page","link":"https:\/\/quaker.org\/es\/introduccion-a-los-amigos\/","title":{"rendered":"Una introducci\u00f3n al cuaquerismo&#8230; en tu bandeja de entrada"},"content":{"rendered":"\n<p><strong>\u00bfTe gustar\u00eda saber m\u00e1s sobre los cu\u00e1queros?<\/strong> <\/p>\n\n<p>Hemos creado una serie de correos electr\u00f3nicos breves que, a lo largo de siete d\u00edas, le ayudar\u00e1n a comprender lo que creen Los Amigos y c\u00f3mo vivimos nuestra fe.<\/p>\n\n<p>Reg\u00edstrate ahora para comenzar tu exploraci\u00f3n de la espiritualidad cu\u00e1quera.<\/p>\n\n<p>Cuando llegues al final de la serie de siete d\u00edas, tendr\u00e1s la oportunidad de seguir aprendiendo m\u00e1s sobre los cu\u00e1queros en <em>Friends Journal<\/em>, pero solo si quieres suscribirte. Si no, \u00a1no te bombardearemos con correos electr\u00f3nicos, lo prometemos!<\/p>\n<!-- AWeber for WordPress v7.3.34 --><div class=\"AW-Form-522857967\"><\/div>\n                <script type=\"text\/javascript\">(function(d,s,id) {\n                    var js;\n                    var fjs = d.getElementsByTagName(s)[0];\n                    if (d.getElementById(id)) return; js = d.createElement(s);\n                    js.id = id; js.src = \"https:\/\/forms.aweber.com\/form\/67\/522857967.js\";\n                    fjs.parentNode.insertBefore(js, fjs);\n                    }(document, \"script\", \"aweber-wjs-949847593\"));\n                <\/script>\n\n<figure class=\"wp-block-image\"><img decoding=\"async\" src=\"https:\/\/forms.aweber.com\/form\/displays.htm?id=rAwMLMwMbMwc\" alt=\"\"\/><\/figure>\n","protected":false},"excerpt":{"rendered":"<p>\u00bfTe gustar\u00eda saber m\u00e1s sobre los cu\u00e1queros? Hemos creado una serie de correos electr\u00f3nicos breves que, a lo largo de&hellip;<\/p>\n","protected":false},"author":5131,"featured_media":0,"parent":0,"menu_order":0,"comment_status":"closed","ping_status":"closed","template":"","meta":{"_acf_changed":false,"hero_banner_post_id":0,"footnotes":""},"class_list":["post-2241","page","type-page","status-publish","hentry"],"yoast_head":"<!-- This site is optimized with the Yoast SEO plugin v27.5 - https:\/\/yoast.com\/product\/yoast-seo-wordpress\/ -->\n<title>Una introducci\u00f3n al cuaquerismo... en tu bandeja de entrada - Quaker.org<\/title>\n<meta name=\"robots\" content=\"index, follow, max-snippet:-1, max-image-preview:large, max-video-preview:-1\" \/>\n<link rel=\"canonical\" href=\"https:\/\/quaker.org\/es\/introduccion-a-los-amigos\/\" \/>\n<meta property=\"og:locale\" content=\"es_ES\" \/>\n<meta property=\"og:type\" content=\"article\" \/>\n<meta property=\"og:title\" content=\"Una introducci\u00f3n al cuaquerismo... en tu bandeja de entrada - Quaker.org\" \/>\n<meta property=\"og:description\" content=\"\u00bfTe gustar\u00eda saber m\u00e1s sobre los cu\u00e1queros? Hemos creado una serie de correos electr\u00f3nicos breves que, a lo largo de&hellip;\" \/>\n<meta property=\"og:url\" content=\"https:\/\/quaker.org\/es\/introduccion-a-los-amigos\/\" \/>\n<meta property=\"og:site_name\" content=\"Quaker.org\" \/>\n<meta property=\"article:modified_time\" content=\"2026-04-06T16:24:32+00:00\" \/>\n<meta property=\"og:image\" content=\"https:\/\/forms.aweber.com\/form\/displays.htm?id=rAwMLMwMbMwc\" \/>\n<meta name=\"twitter:card\" content=\"summary_large_image\" \/>\n<meta name=\"twitter:label1\" content=\"Est. reading time\" \/>\n\t<meta name=\"twitter:data1\" content=\"1 minute\" \/>\n<script type=\"application\/ld+json\" class=\"yoast-schema-graph\">{\"@context\":\"https:\\\/\\\/schema.org\",\"@graph\":[{\"@type\":\"WebPage\",\"@id\":\"https:\\\/\\\/quaker.org\\\/es\\\/introduccion-a-los-amigos\\\/\",\"url\":\"https:\\\/\\\/quaker.org\\\/es\\\/introduccion-a-los-amigos\\\/\",\"name\":\"Una introducci\u00f3n al cuaquerismo... en tu bandeja de entrada - Quaker.org\",\"isPartOf\":{\"@id\":\"https:\\\/\\\/quaker.org\\\/es\\\/#website\"},\"primaryImageOfPage\":{\"@id\":\"https:\\\/\\\/quaker.org\\\/es\\\/introduccion-a-los-amigos\\\/#primaryimage\"},\"image\":{\"@id\":\"https:\\\/\\\/quaker.org\\\/es\\\/introduccion-a-los-amigos\\\/#primaryimage\"},\"thumbnailUrl\":\"https:\\\/\\\/forms.aweber.com\\\/form\\\/displays.htm?id=rAwMLMwMbMwc\",\"datePublished\":\"2024-07-27T00:26:30+00:00\",\"dateModified\":\"2026-04-06T16:24:32+00:00\",\"breadcrumb\":{\"@id\":\"https:\\\/\\\/quaker.org\\\/es\\\/introduccion-a-los-amigos\\\/#breadcrumb\"},\"inLanguage\":\"es-ES\",\"potentialAction\":[{\"@type\":\"ReadAction\",\"target\":[\"https:\\\/\\\/quaker.org\\\/es\\\/introduccion-a-los-amigos\\\/\"]}]},{\"@type\":\"ImageObject\",\"inLanguage\":\"es-ES\",\"@id\":\"https:\\\/\\\/quaker.org\\\/es\\\/introduccion-a-los-amigos\\\/#primaryimage\",\"url\":\"https:\\\/\\\/forms.aweber.com\\\/form\\\/displays.htm?id=rAwMLMwMbMwc\",\"contentUrl\":\"https:\\\/\\\/forms.aweber.com\\\/form\\\/displays.htm?id=rAwMLMwMbMwc\"},{\"@type\":\"BreadcrumbList\",\"@id\":\"https:\\\/\\\/quaker.org\\\/es\\\/introduccion-a-los-amigos\\\/#breadcrumb\",\"itemListElement\":[{\"@type\":\"ListItem\",\"position\":1,\"name\":\"Home\",\"item\":\"https:\\\/\\\/quaker.org\\\/es\\\/bienvenido-a-a-quaker-org\\\/\"},{\"@type\":\"ListItem\",\"position\":2,\"name\":\"Una introducci\u00f3n al cuaquerismo&#8230; en tu bandeja de entrada\"}]},{\"@type\":\"WebSite\",\"@id\":\"https:\\\/\\\/quaker.org\\\/es\\\/#website\",\"url\":\"https:\\\/\\\/quaker.org\\\/es\\\/\",\"name\":\"Quaker.org\",\"description\":\"Learn about Friends\",\"publisher\":{\"@id\":\"https:\\\/\\\/quaker.org\\\/es\\\/#organization\"},\"potentialAction\":[{\"@type\":\"SearchAction\",\"target\":{\"@type\":\"EntryPoint\",\"urlTemplate\":\"https:\\\/\\\/quaker.org\\\/es\\\/?s={search_term_string}\"},\"query-input\":{\"@type\":\"PropertyValueSpecification\",\"valueRequired\":true,\"valueName\":\"search_term_string\"}}],\"inLanguage\":\"es-ES\"},{\"@type\":\"Organization\",\"@id\":\"https:\\\/\\\/quaker.org\\\/es\\\/#organization\",\"name\":\"Quaker.org\",\"url\":\"https:\\\/\\\/quaker.org\\\/es\\\/\",\"logo\":{\"@type\":\"ImageObject\",\"inLanguage\":\"es-ES\",\"@id\":\"https:\\\/\\\/quaker.org\\\/es\\\/#\\\/schema\\\/logo\\\/image\\\/\",\"url\":\"https:\\\/\\\/quaker.org\\\/wp-content\\\/uploads\\\/sites\\\/3\\\/2025\\\/08\\\/QuakerOrgLogo_BW-300x54-1.png\",\"contentUrl\":\"https:\\\/\\\/quaker.org\\\/wp-content\\\/uploads\\\/sites\\\/3\\\/2025\\\/08\\\/QuakerOrgLogo_BW-300x54-1.png\",\"width\":300,\"height\":54,\"caption\":\"Quaker.org\"},\"image\":{\"@id\":\"https:\\\/\\\/quaker.org\\\/es\\\/#\\\/schema\\\/logo\\\/image\\\/\"}}]}<\/script>\n<!-- \/ Yoast SEO plugin. -->","yoast_head_json":{"title":"Una introducci\u00f3n al cuaquerismo... en tu bandeja de entrada - Quaker.org","robots":{"index":"index","follow":"follow","max-snippet":"max-snippet:-1","max-image-preview":"max-image-preview:large","max-video-preview":"max-video-preview:-1"},"canonical":"https:\/\/quaker.org\/es\/introduccion-a-los-amigos\/","og_locale":"es_ES","og_type":"article","og_title":"Una introducci\u00f3n al cuaquerismo... en tu bandeja de entrada - Quaker.org","og_description":"\u00bfTe gustar\u00eda saber m\u00e1s sobre los cu\u00e1queros? Hemos creado una serie de correos electr\u00f3nicos breves que, a lo largo de&hellip;","og_url":"https:\/\/quaker.org\/es\/introduccion-a-los-amigos\/","og_site_name":"Quaker.org","article_modified_time":"2026-04-06T16:24:32+00:00","og_image":[{"url":"https:\/\/forms.aweber.com\/form\/displays.htm?id=rAwMLMwMbMwc","type":"","width":"","height":""}],"twitter_card":"summary_large_image","twitter_misc":{"Est. reading time":"1 minute"},"schema":{"@context":"https:\/\/schema.org","@graph":[{"@type":"WebPage","@id":"https:\/\/quaker.org\/es\/introduccion-a-los-amigos\/","url":"https:\/\/quaker.org\/es\/introduccion-a-los-amigos\/","name":"Una introducci\u00f3n al cuaquerismo... en tu bandeja de entrada - Quaker.org","isPartOf":{"@id":"https:\/\/quaker.org\/es\/#website"},"primaryImageOfPage":{"@id":"https:\/\/quaker.org\/es\/introduccion-a-los-amigos\/#primaryimage"},"image":{"@id":"https:\/\/quaker.org\/es\/introduccion-a-los-amigos\/#primaryimage"},"thumbnailUrl":"https:\/\/forms.aweber.com\/form\/displays.htm?id=rAwMLMwMbMwc","datePublished":"2024-07-27T00:26:30+00:00","dateModified":"2026-04-06T16:24:32+00:00","breadcrumb":{"@id":"https:\/\/quaker.org\/es\/introduccion-a-los-amigos\/#breadcrumb"},"inLanguage":"es-ES","potentialAction":[{"@type":"ReadAction","target":["https:\/\/quaker.org\/es\/introduccion-a-los-amigos\/"]}]},{"@type":"ImageObject","inLanguage":"es-ES","@id":"https:\/\/quaker.org\/es\/introduccion-a-los-amigos\/#primaryimage","url":"https:\/\/forms.aweber.com\/form\/displays.htm?id=rAwMLMwMbMwc","contentUrl":"https:\/\/forms.aweber.com\/form\/displays.htm?id=rAwMLMwMbMwc"},{"@type":"BreadcrumbList","@id":"https:\/\/quaker.org\/es\/introduccion-a-los-amigos\/#breadcrumb","itemListElement":[{"@type":"ListItem","position":1,"name":"Home","item":"https:\/\/quaker.org\/es\/bienvenido-a-a-quaker-org\/"},{"@type":"ListItem","position":2,"name":"Una introducci\u00f3n al cuaquerismo&#8230; en tu bandeja de entrada"}]},{"@type":"WebSite","@id":"https:\/\/quaker.org\/es\/#website","url":"https:\/\/quaker.org\/es\/","name":"Quaker.org","description":"Learn about Friends","publisher":{"@id":"https:\/\/quaker.org\/es\/#organization"},"potentialAction":[{"@type":"SearchAction","target":{"@type":"EntryPoint","urlTemplate":"https:\/\/quaker.org\/es\/?s={search_term_string}"},"query-input":{"@type":"PropertyValueSpecification","valueRequired":true,"valueName":"search_term_string"}}],"inLanguage":"es-ES"},{"@type":"Organization","@id":"https:\/\/quaker.org\/es\/#organization","name":"Quaker.org","url":"https:\/\/quaker.org\/es\/","logo":{"@type":"ImageObject","inLanguage":"es-ES","@id":"https:\/\/quaker.org\/es\/#\/schema\/logo\/image\/","url":"https:\/\/quaker.org\/wp-content\/uploads\/sites\/3\/2025\/08\/QuakerOrgLogo_BW-300x54-1.png","contentUrl":"https:\/\/quaker.org\/wp-content\/uploads\/sites\/3\/2025\/08\/QuakerOrgLogo_BW-300x54-1.png","width":300,"height":54,"caption":"Quaker.org"},"image":{"@id":"https:\/\/quaker.org\/es\/#\/schema\/logo\/image\/"}}]}},"distributor_meta":false,"distributor_terms":false,"distributor_media":false,"distributor_original_site_name":"Quaker.org","distributor_original_site_url":"https:\/\/quaker.org\/es\/","push-errors":false,"acf":[],"_links":{"self":[{"href":"https:\/\/quaker.org\/es\/wp-json\/wp\/v2\/pages\/2241","targetHints":{"allow":["GET"]}}],"collection":[{"href":"https:\/\/quaker.org\/es\/wp-json\/wp\/v2\/pages"}],"about":[{"href":"https:\/\/quaker.org\/es\/wp-json\/wp\/v2\/types\/page"}],"author":[{"embeddable":true,"href":"https:\/\/quaker.org\/es\/wp-json\/wp\/v2\/users\/5131"}],"replies":[{"embeddable":true,"href":"https:\/\/quaker.org\/es\/wp-json\/wp\/v2\/comments?post=2241"}],"version-history":[{"count":2,"href":"https:\/\/quaker.org\/es\/wp-json\/wp\/v2\/pages\/2241\/revisions"}],"predecessor-version":[{"id":4135,"href":"https:\/\/quaker.org\/es\/wp-json\/wp\/v2\/pages\/2241\/revisions\/4135"}],"wp:attachment":[{"href":"https:\/\/quaker.org\/es\/wp-json\/wp\/v2\/media?parent=2241"}],"curies":[{"name":"wp","href":"https:\/\/api.w.org\/{rel}","templated":true}]}}