{"id":2226,"date":"2022-02-18T23:33:45","date_gmt":"2022-02-18T23:33:45","guid":{"rendered":"https:\/\/quaker.org\/?page_id=2226"},"modified":"2025-10-21T14:13:09","modified_gmt":"2025-10-21T14:13:09","slug":"como-puedo-convertirme-en-cuaquero","status":"publish","type":"page","link":"https:\/\/quaker.org\/es\/como-puedo-convertirme-en-cuaquero\/","title":{"rendered":"\u00bfC\u00f3mo puedo hacerme cu\u00e1quero?"},"content":{"rendered":"\n<div class=\"wp-block-group is-layout-grid wp-container-core-group-is-layout-9649a0d9 wp-block-group-is-layout-grid\">\n<p class=\"wp-container-content-e29552f7\">La manera m\u00e1s f\u00e1cil de convertirse en cu\u00e1quero es empezar a asistir a las reuniones de adoraci\u00f3n y seguir asistiendo.&nbsp;<br><br>\u00a1De verdad es as\u00ed de simple!<br><br>Unirse regularmente a los Amigos en el culto silente fortalecer\u00e1 sus lazos con la comunidad cu\u00e1quera, y le ofrecer\u00e1 un espacio donde podr\u00e1 desarrollar su relaci\u00f3n con el Esp\u00edritu.&nbsp;<br><br>Cuanto m\u00e1s tiempo pase en una reuni\u00f3n cu\u00e1quera como asistente, conociendo a los Amigos, quiz\u00e1 descubra que algunos de los mensajes que surgen en el culto se relacionan con su condici\u00f3n, ya sea a un nivel filos\u00f3fico general o a uno profundamente personal. Pero nadie le va a cuestionar para asegurarse de que cree lo correcto sobre Dios; nadie espera que tenga una experiencia m\u00edstica de inmediato. (Si la tiene, \u00a1genial! Pero tambi\u00e9n est\u00e1 bien si no la tiene).<\/p>\n\n\n\n<figure class=\"wp-block-embed is-type-video is-provider-youtube wp-block-embed-youtube wp-embed-aspect-16-9 wp-has-aspect-ratio wp-container-content-e29552f7\"><div class=\"wp-block-embed__wrapper\">\n<iframe loading=\"lazy\" title=\"How to Become a Member of a Quaker Meeting\" width=\"500\" height=\"281\" src=\"https:\/\/www.youtube.com\/embed\/xvv2Ieu6qvs?feature=oembed\" frameborder=\"0\" allow=\"accelerometer; autoplay; clipboard-write; encrypted-media; gyroscope; picture-in-picture; web-share\" referrerpolicy=\"strict-origin-when-cross-origin\" allowfullscreen><\/iframe>\n<\/div><figcaption class=\"wp-element-caption\"><em>\u201cCreo que la membres\u00eda es un pacto. Es una relaci\u00f3n rec\u00edproca. Es una en la que se nos pide que aportemos nuestros dones y se le pide a la junta que nos reconozca y nos ame por ellos, y que encuentre maneras de utilizarlos, y a veces que nos ayude a descubrir cu\u00e1les son nuestros dones.\u201d<\/em><\/figcaption><\/figure>\n<\/div>\n\n\n\n<p>Lo m\u00e1s probable es que los miembros de esa reuni\u00f3n conversen con usted semana tras semana, con ganas de conocer m\u00e1s sobre el camino que lo ha tra\u00eddo a sus casas de reuniones, dispuestos a responder sus preguntas sobre el consuelo espiritual que encuentran en el cuaquerismo, e incluso dispuestos a compartir literatura \u00fatil de la biblioteca del lugar. (\u00a1Hay muchos libros informativos tipo \u201cQuaker 101\/Introducci\u00f3n al cuaquerismo\u201d disponibles!). A menos que sea deliberadamente irrespetuoso o disruptivo, puede esperar una actitud acogedora en cualquier junta de los Amigos.<\/p>\n\n\n\n<p>Con el tiempo, probablemente empezar\u00e1 a participar en algunas de las actividades de la junta m\u00e1s all\u00e1 del culto. No importa si se ofrece como voluntario para ayudar en el jard\u00edn, si se une a los Amigos en una protesta pac\u00edfica en la sede del gobierno estatal, o si se re\u00fane para el club de lectura; sea cual sea la actividad, lo importante es que se involucre en la comunidad. Y puede llegar el d\u00eda en que decida que, por m\u00e1s a gusto que se sienta abrazando la espiritualidad cu\u00e1quera, quiera algo m\u00e1s: quiera convertirse en un miembro m\u00e1s pleno de una comunidad cu\u00e1quera en particular. Puede que la junta le resulte muy beneficiosa, pero crea que tambi\u00e9n tenga mucho que aportar.<\/p>\n\n\n\n<p>Entonces, \u00bfa qui\u00e9n se lo cuenta? La junta no tiene un sacerdote, pero seg\u00fan el tipo de cu\u00e1queros que haya conocido, podr\u00eda haber un pastor y aunque no haya un pastor formal, para cuando est\u00e9 listo\/a para unirse a la junta ya sabr\u00e1 qui\u00e9n es el secretario (clerk) y puede acudir a esa persona. O, en realidad, puede conversar con cualquier miembro con quien sienta cercan\u00eda, y esa persona le ayudar\u00e1 a avanzar al siguiente paso.<\/p>\n\n\n\n<p>Es entonces cuando hablar\u00e1 con un comit\u00e9 de claridad\/transparencia, que b\u00e1sicamente es un peque\u00f1o grupo de Amigos de la junta. A veces ser\u00e1n miembros de un comit\u00e9 con un nombre como \u201cMinisterio y Culto\u201d o \u201cMinisterio y Consejo,\u201d pero no es un requisito estricto. En fin, se reunir\u00e1 con el comit\u00e9 y har\u00e1 todo lo posible para asegurarse de que su deseo de convertirse en miembro es serio. Cada situaci\u00f3n es distinta, por supuesto, as\u00ed que no sabemos exactamente qu\u00e9 preguntas podr\u00edan hacerle. Pero es poco probable que sea un interrogatorio, m\u00e1s bien ser\u00e1 una confirmaci\u00f3n amable de que sabe en qu\u00e9 se est\u00e1 involucrando y que est\u00e1 siguiendo un verdadero llamado espiritual.<\/p>\n\n\n\n<p>Una vez hecho esto, solo queda hacerlo oficial en la pr\u00f3xima reuni\u00f3n mensual de trabajo. Quiz\u00e1s tengas que escribir una breve carta expresando su deseo de hacerle miembro; lo hagas o no, el secretario incluir\u00e1 su solicitud en la agenda de la junta, el comit\u00e9 informar\u00e1 que recomiendan que se le d\u00e9 la bienvenida formalmente, \u00a1y listo!<\/p>\n\n\n\n<h3 class=\"wp-block-heading\">(Read in English: <a href=\"https:\/\/quaker.org\/es\/como-puedo-convertirme-en-cuaquero\/\">How can I become a Quaker?<\/a>)<\/h3>\n\n\n\n<div class=\"wp-block-group is-layout-grid wp-container-core-group-is-layout-9649a0d9 wp-block-group-is-layout-grid\">\n<p class=\"has-background wp-container-content-e29552f7\" style=\"background:linear-gradient(135deg,rgb(222,222,222) 0%,rgb(222,222,222) 98%)\"><strong>M\u00e1s informaci\u00f3n en <em>Friends Journal<\/em><\/strong><br><br>\u201c<a href=\"https:\/\/www.friendsjournal.org\/quaker-membership-questions\/\">\u00bfEres un Amigo?<\/a>\u201d Peter Moretzsohn&nbsp;<br><br>\u201c<a href=\"https:\/\/www.friendsjournal.org\/quaker-outreach-fail\/\">Ojal\u00e1 fuera cu\u00e1quero<\/a>,\u201d Kimberly Fuller<br><br>\u201c<a href=\"https:\/\/www.friendsjournal.org\/reclaiming-our-divine-birthright\/\">Reclamando nuestro derecho divino de nacimiento<\/a>,\u201d Patricia Barber<br><br>\u201c<a href=\"https:\/\/www.friendsjournal.org\/2003083\/\">Nuevos buscadores y la comunidad acogedora<\/a>,\u201d Suzanne Silverlight y Maurine Pyle&nbsp;<\/p>\n\n\n\n<figure class=\"wp-block-embed is-type-video is-provider-youtube wp-block-embed-youtube wp-embed-aspect-16-9 wp-has-aspect-ratio wp-container-content-e29552f7\"><div class=\"wp-block-embed__wrapper\">\n<iframe loading=\"lazy\" title=\"How I Became a Quaker\" width=\"500\" height=\"281\" src=\"https:\/\/www.youtube.com\/embed\/GdmnUQQzEsU?feature=oembed\" frameborder=\"0\" allow=\"accelerometer; autoplay; clipboard-write; encrypted-media; gyroscope; picture-in-picture; web-share\" referrerpolicy=\"strict-origin-when-cross-origin\" allowfullscreen><\/iframe>\n<\/div><\/figure>\n<\/div>\n\n\n\n<p class=\"has-text-align-center\"><em>\u201cSiempre hubo una parte de m\u00ed que anhelaba algo fuera de m\u00ed mismo, algo m\u00e1s grande, algo que trascendiera. Lo que le\u00ed de los Amigos, especialmente de los Primeros Amigos, fue que no ten\u00eda que ir m\u00e1s all\u00e1 de m\u00ed mismo, que pod\u00eda encontrar lo que buscaba en mi interior.\u201d<\/em><br><\/p>\n","protected":false},"excerpt":{"rendered":"<p>La manera m\u00e1s f\u00e1cil de convertirse en cu\u00e1quero es empezar a asistir a las reuniones de adoraci\u00f3n y seguir asistiendo.&nbsp;&hellip;<\/p>\n","protected":false},"author":5131,"featured_media":0,"parent":0,"menu_order":0,"comment_status":"closed","ping_status":"closed","template":"","meta":{"_acf_changed":false,"hero_banner_post_id":0,"footnotes":""},"class_list":["post-2226","page","type-page","status-publish","hentry"],"yoast_head":"<!-- This site is optimized with the Yoast SEO plugin v27.3 - https:\/\/yoast.com\/product\/yoast-seo-wordpress\/ -->\n<title>C\u00f3mo hacerse cu\u00e1quero: unirse a la Sociedad de los Amigos<\/title>\n<meta name=\"description\" content=\"Hacerse cu\u00e1quero es f\u00e1cil. Empieza por asistir a las reuniones y luego sigue viniendo. Unirse a los Amigos en la adoraci\u00f3n silenciosa fortalece el esp\u00edritu y los lazos con la comunidad.\" \/>\n<meta name=\"robots\" content=\"index, follow, max-snippet:-1, max-image-preview:large, max-video-preview:-1\" \/>\n<link rel=\"canonical\" href=\"https:\/\/quaker.org\/es\/como-puedo-convertirme-en-cuaquero\/\" \/>\n<meta property=\"og:locale\" content=\"es_ES\" \/>\n<meta property=\"og:type\" content=\"article\" \/>\n<meta property=\"og:title\" content=\"C\u00f3mo hacerse cu\u00e1quero: unirse a la Sociedad de los Amigos\" \/>\n<meta property=\"og:description\" content=\"Hacerse cu\u00e1quero es f\u00e1cil. Empieza por asistir a las reuniones y luego sigue viniendo. Unirse a los Amigos en la adoraci\u00f3n silenciosa fortalece el esp\u00edritu y los lazos con la comunidad.\" \/>\n<meta property=\"og:url\" content=\"https:\/\/quaker.org\/es\/como-puedo-convertirme-en-cuaquero\/\" \/>\n<meta property=\"og:site_name\" content=\"Quaker.org\" \/>\n<meta property=\"article:modified_time\" content=\"2025-10-21T14:13:09+00:00\" \/>\n<meta name=\"twitter:card\" content=\"summary_large_image\" \/>\n<meta name=\"twitter:label1\" content=\"Est. reading time\" \/>\n\t<meta name=\"twitter:data1\" content=\"4 minutes\" \/>\n<script type=\"application\/ld+json\" class=\"yoast-schema-graph\">{\"@context\":\"https:\\\/\\\/schema.org\",\"@graph\":[{\"@type\":\"WebPage\",\"@id\":\"https:\\\/\\\/quaker.org\\\/es\\\/como-puedo-convertirme-en-cuaquero\\\/\",\"url\":\"https:\\\/\\\/quaker.org\\\/es\\\/como-puedo-convertirme-en-cuaquero\\\/\",\"name\":\"C\u00f3mo hacerse cu\u00e1quero: unirse a la Sociedad de los Amigos\",\"isPartOf\":{\"@id\":\"https:\\\/\\\/quaker.org\\\/es\\\/#website\"},\"datePublished\":\"2022-02-18T23:33:45+00:00\",\"dateModified\":\"2025-10-21T14:13:09+00:00\",\"description\":\"Hacerse cu\u00e1quero es f\u00e1cil. Empieza por asistir a las reuniones y luego sigue viniendo. Unirse a los Amigos en la adoraci\u00f3n silenciosa fortalece el esp\u00edritu y los lazos con la comunidad.\",\"breadcrumb\":{\"@id\":\"https:\\\/\\\/quaker.org\\\/es\\\/como-puedo-convertirme-en-cuaquero\\\/#breadcrumb\"},\"inLanguage\":\"es-ES\",\"potentialAction\":[{\"@type\":\"ReadAction\",\"target\":[\"https:\\\/\\\/quaker.org\\\/es\\\/como-puedo-convertirme-en-cuaquero\\\/\"]}]},{\"@type\":\"BreadcrumbList\",\"@id\":\"https:\\\/\\\/quaker.org\\\/es\\\/como-puedo-convertirme-en-cuaquero\\\/#breadcrumb\",\"itemListElement\":[{\"@type\":\"ListItem\",\"position\":1,\"name\":\"Home\",\"item\":\"https:\\\/\\\/quaker.org\\\/es\\\/bienvenido-a-a-quaker-org\\\/\"},{\"@type\":\"ListItem\",\"position\":2,\"name\":\"\u00bfC\u00f3mo puedo hacerme cu\u00e1quero?\"}]},{\"@type\":\"WebSite\",\"@id\":\"https:\\\/\\\/quaker.org\\\/es\\\/#website\",\"url\":\"https:\\\/\\\/quaker.org\\\/es\\\/\",\"name\":\"Quaker.org\",\"description\":\"Learn about Friends\",\"publisher\":{\"@id\":\"https:\\\/\\\/quaker.org\\\/es\\\/#organization\"},\"potentialAction\":[{\"@type\":\"SearchAction\",\"target\":{\"@type\":\"EntryPoint\",\"urlTemplate\":\"https:\\\/\\\/quaker.org\\\/es\\\/?s={search_term_string}\"},\"query-input\":{\"@type\":\"PropertyValueSpecification\",\"valueRequired\":true,\"valueName\":\"search_term_string\"}}],\"inLanguage\":\"es-ES\"},{\"@type\":\"Organization\",\"@id\":\"https:\\\/\\\/quaker.org\\\/es\\\/#organization\",\"name\":\"Quaker.org\",\"url\":\"https:\\\/\\\/quaker.org\\\/es\\\/\",\"logo\":{\"@type\":\"ImageObject\",\"inLanguage\":\"es-ES\",\"@id\":\"https:\\\/\\\/quaker.org\\\/es\\\/#\\\/schema\\\/logo\\\/image\\\/\",\"url\":\"https:\\\/\\\/quaker.org\\\/wp-content\\\/uploads\\\/sites\\\/3\\\/2025\\\/08\\\/QuakerOrgLogo_BW-300x54-1.png\",\"contentUrl\":\"https:\\\/\\\/quaker.org\\\/wp-content\\\/uploads\\\/sites\\\/3\\\/2025\\\/08\\\/QuakerOrgLogo_BW-300x54-1.png\",\"width\":300,\"height\":54,\"caption\":\"Quaker.org\"},\"image\":{\"@id\":\"https:\\\/\\\/quaker.org\\\/es\\\/#\\\/schema\\\/logo\\\/image\\\/\"}}]}<\/script>\n<!-- \/ Yoast SEO plugin. -->","yoast_head_json":{"title":"C\u00f3mo hacerse cu\u00e1quero: unirse a la Sociedad de los Amigos","description":"Hacerse cu\u00e1quero es f\u00e1cil. Empieza por asistir a las reuniones y luego sigue viniendo. Unirse a los Amigos en la adoraci\u00f3n silenciosa fortalece el esp\u00edritu y los lazos con la comunidad.","robots":{"index":"index","follow":"follow","max-snippet":"max-snippet:-1","max-image-preview":"max-image-preview:large","max-video-preview":"max-video-preview:-1"},"canonical":"https:\/\/quaker.org\/es\/como-puedo-convertirme-en-cuaquero\/","og_locale":"es_ES","og_type":"article","og_title":"C\u00f3mo hacerse cu\u00e1quero: unirse a la Sociedad de los Amigos","og_description":"Hacerse cu\u00e1quero es f\u00e1cil. Empieza por asistir a las reuniones y luego sigue viniendo. Unirse a los Amigos en la adoraci\u00f3n silenciosa fortalece el esp\u00edritu y los lazos con la comunidad.","og_url":"https:\/\/quaker.org\/es\/como-puedo-convertirme-en-cuaquero\/","og_site_name":"Quaker.org","article_modified_time":"2025-10-21T14:13:09+00:00","twitter_card":"summary_large_image","twitter_misc":{"Est. reading time":"4 minutes"},"schema":{"@context":"https:\/\/schema.org","@graph":[{"@type":"WebPage","@id":"https:\/\/quaker.org\/es\/como-puedo-convertirme-en-cuaquero\/","url":"https:\/\/quaker.org\/es\/como-puedo-convertirme-en-cuaquero\/","name":"C\u00f3mo hacerse cu\u00e1quero: unirse a la Sociedad de los Amigos","isPartOf":{"@id":"https:\/\/quaker.org\/es\/#website"},"datePublished":"2022-02-18T23:33:45+00:00","dateModified":"2025-10-21T14:13:09+00:00","description":"Hacerse cu\u00e1quero es f\u00e1cil. Empieza por asistir a las reuniones y luego sigue viniendo. Unirse a los Amigos en la adoraci\u00f3n silenciosa fortalece el esp\u00edritu y los lazos con la comunidad.","breadcrumb":{"@id":"https:\/\/quaker.org\/es\/como-puedo-convertirme-en-cuaquero\/#breadcrumb"},"inLanguage":"es-ES","potentialAction":[{"@type":"ReadAction","target":["https:\/\/quaker.org\/es\/como-puedo-convertirme-en-cuaquero\/"]}]},{"@type":"BreadcrumbList","@id":"https:\/\/quaker.org\/es\/como-puedo-convertirme-en-cuaquero\/#breadcrumb","itemListElement":[{"@type":"ListItem","position":1,"name":"Home","item":"https:\/\/quaker.org\/es\/bienvenido-a-a-quaker-org\/"},{"@type":"ListItem","position":2,"name":"\u00bfC\u00f3mo puedo hacerme cu\u00e1quero?"}]},{"@type":"WebSite","@id":"https:\/\/quaker.org\/es\/#website","url":"https:\/\/quaker.org\/es\/","name":"Quaker.org","description":"Learn about Friends","publisher":{"@id":"https:\/\/quaker.org\/es\/#organization"},"potentialAction":[{"@type":"SearchAction","target":{"@type":"EntryPoint","urlTemplate":"https:\/\/quaker.org\/es\/?s={search_term_string}"},"query-input":{"@type":"PropertyValueSpecification","valueRequired":true,"valueName":"search_term_string"}}],"inLanguage":"es-ES"},{"@type":"Organization","@id":"https:\/\/quaker.org\/es\/#organization","name":"Quaker.org","url":"https:\/\/quaker.org\/es\/","logo":{"@type":"ImageObject","inLanguage":"es-ES","@id":"https:\/\/quaker.org\/es\/#\/schema\/logo\/image\/","url":"https:\/\/quaker.org\/wp-content\/uploads\/sites\/3\/2025\/08\/QuakerOrgLogo_BW-300x54-1.png","contentUrl":"https:\/\/quaker.org\/wp-content\/uploads\/sites\/3\/2025\/08\/QuakerOrgLogo_BW-300x54-1.png","width":300,"height":54,"caption":"Quaker.org"},"image":{"@id":"https:\/\/quaker.org\/es\/#\/schema\/logo\/image\/"}}]}},"distributor_meta":false,"distributor_terms":false,"distributor_media":false,"distributor_original_site_name":"Quaker.org","distributor_original_site_url":"https:\/\/quaker.org\/es\/","push-errors":false,"acf":[],"_links":{"self":[{"href":"https:\/\/quaker.org\/es\/wp-json\/wp\/v2\/pages\/2226","targetHints":{"allow":["GET"]}}],"collection":[{"href":"https:\/\/quaker.org\/es\/wp-json\/wp\/v2\/pages"}],"about":[{"href":"https:\/\/quaker.org\/es\/wp-json\/wp\/v2\/types\/page"}],"author":[{"embeddable":true,"href":"https:\/\/quaker.org\/es\/wp-json\/wp\/v2\/users\/5131"}],"replies":[{"embeddable":true,"href":"https:\/\/quaker.org\/es\/wp-json\/wp\/v2\/comments?post=2226"}],"version-history":[{"count":2,"href":"https:\/\/quaker.org\/es\/wp-json\/wp\/v2\/pages\/2226\/revisions"}],"predecessor-version":[{"id":3581,"href":"https:\/\/quaker.org\/es\/wp-json\/wp\/v2\/pages\/2226\/revisions\/3581"}],"wp:attachment":[{"href":"https:\/\/quaker.org\/es\/wp-json\/wp\/v2\/media?parent=2226"}],"curies":[{"name":"wp","href":"https:\/\/api.w.org\/{rel}","templated":true}]}}